{"id":3404,"date":"2017-04-30T19:11:56","date_gmt":"2017-04-30T17:11:56","guid":{"rendered":"http:\/\/wittmunder-teehus.de\/wp-shop\/?post_type=product&#038;p=3404"},"modified":"2026-03-11T12:55:09","modified_gmt":"2026-03-11T11:55:09","slug":"porzellandose-muehle-gr","status":"publish","type":"product","link":"https:\/\/wittmunder-teehus.de\/wp-shop\/produkt\/porzellandose-muehle-gr\/","title":{"rendered":"Porzellandose M\u00fchle gr."},"content":{"rendered":"<p>Ein Sch\u00e4tzchen zum Superpreis \ud83d\ude42<br \/>\nPorzellandose M\u00fchle, gro\u00df, 100g<br \/>\nmit Innendeckel.<br \/>\nH\u00f6he ca. 13cm<\/p>\n","protected":false},"excerpt":{"rendered":"<p>Ein Sch\u00e4tzchen zum Superpreis \ud83d\ude42 Porzellandose M\u00fchle, gro\u00df, 100g mit Innendeckel. H\u00f6he ca. 13cm<\/p>\n","protected":false},"featured_media":6451,"comment_status":"closed","ping_status":"closed","template":"","meta":[],"product_brand":[],"product_cat":[62,86,32],"product_tag":[],"class_list":{"0":"post-3404","1":"product","2":"type-product","3":"status-publish","4":"has-post-thumbnail","6":"product_cat-angebot","7":"product_cat-dosen","8":"product_cat-porzellan","10":"first","11":"instock","12":"taxable","13":"shipping-taxable","14":"purchasable","15":"product-type-simple"},"_links":{"self":[{"href":"https:\/\/wittmunder-teehus.de\/wp-shop\/wp-json\/wp\/v2\/product\/3404","targetHints":{"allow":["GET"]}}],"collection":[{"href":"https:\/\/wittmunder-teehus.de\/wp-shop\/wp-json\/wp\/v2\/product"}],"about":[{"href":"https:\/\/wittmunder-teehus.de\/wp-shop\/wp-json\/wp\/v2\/types\/product"}],"replies":[{"embeddable":true,"href":"https:\/\/wittmunder-teehus.de\/wp-shop\/wp-json\/wp\/v2\/comments?post=3404"}],"wp:featuredmedia":[{"embeddable":true,"href":"https:\/\/wittmunder-teehus.de\/wp-shop\/wp-json\/wp\/v2\/media\/6451"}],"wp:attachment":[{"href":"https:\/\/wittmunder-teehus.de\/wp-shop\/wp-json\/wp\/v2\/media?parent=3404"}],"wp:term":[{"taxonomy":"product_brand","embeddable":true,"href":"https:\/\/wittmunder-teehus.de\/wp-shop\/wp-json\/wp\/v2\/product_brand?post=3404"},{"taxonomy":"product_cat","embeddable":true,"href":"https:\/\/wittmunder-teehus.de\/wp-shop\/wp-json\/wp\/v2\/product_cat?post=3404"},{"taxonomy":"product_tag","embeddable":true,"href":"https:\/\/wittmunder-teehus.de\/wp-shop\/wp-json\/wp\/v2\/product_tag?post=3404"}],"curies":[{"name":"wp","href":"https:\/\/api.w.org\/{rel}","templated":true}]}}