{"id":3285,"date":"2017-04-24T21:49:41","date_gmt":"2017-04-24T19:49:41","guid":{"rendered":"http:\/\/wittmunder-teehus.de\/wp-shop\/?post_type=product&#038;p=3285"},"modified":"2026-03-11T12:55:10","modified_gmt":"2026-03-11T11:55:10","slug":"quarkgewuerz-wilder-baerlauch","status":"publish","type":"product","link":"https:\/\/wittmunder-teehus.de\/wp-shop\/produkt\/quarkgewuerz-wilder-baerlauch\/","title":{"rendered":"Quarkgew\u00fcrz Wilder B\u00e4rlauch"},"content":{"rendered":"<p>Quarkgew\u00fcrz Wilder B\u00e4rlauch 100g<br \/>\nGew\u00fcrz-Zubereitung ohne zugesetztes Glutamat<br \/>\nZutaten: B\u00e4rlauch, Salz vom Fu\u00dfe des \u201eHimalaya\u201c (Herkunft Salt Range, Pakistan),<br \/>\nZwiebel, Suppengew\u00fcrz (Karotten, Pastinaken, Petersilie, Schnittlauch,<br \/>\n<strong>Sellerie<\/strong>bl\u00e4tter), Knoblauch.<br \/>\n2 geh\u00e4ufte E\u00dfl. auf 250g Quark vermengen. Fertig!<\/p>\n","protected":false},"excerpt":{"rendered":"<p>Quarkgew\u00fcrz Wilder B\u00e4rlauch 100g Gew\u00fcrz-Zubereitung ohne zugesetztes Glutamat Zutaten: B\u00e4rlauch, Salz vom Fu\u00dfe des \u201eHimalaya\u201c (Herkunft Salt Range, Pakistan), Zwiebel, Suppengew\u00fcrz (Karotten, Pastinaken, Petersilie, Schnittlauch, Selleriebl\u00e4tter), Knoblauch. 2 geh\u00e4ufte E\u00dfl. auf 250g Quark vermengen. Fertig!<\/p>\n","protected":false},"featured_media":5656,"comment_status":"closed","ping_status":"closed","template":"","meta":[],"product_brand":[],"product_cat":[28],"product_tag":[],"class_list":{"0":"post-3285","1":"product","2":"type-product","3":"status-publish","4":"has-post-thumbnail","6":"product_cat-kraeuter-gewuerze-dips-oele","8":"first","9":"instock","10":"taxable","11":"shipping-taxable","12":"purchasable","13":"product-type-simple"},"_links":{"self":[{"href":"https:\/\/wittmunder-teehus.de\/wp-shop\/wp-json\/wp\/v2\/product\/3285","targetHints":{"allow":["GET"]}}],"collection":[{"href":"https:\/\/wittmunder-teehus.de\/wp-shop\/wp-json\/wp\/v2\/product"}],"about":[{"href":"https:\/\/wittmunder-teehus.de\/wp-shop\/wp-json\/wp\/v2\/types\/product"}],"replies":[{"embeddable":true,"href":"https:\/\/wittmunder-teehus.de\/wp-shop\/wp-json\/wp\/v2\/comments?post=3285"}],"wp:featuredmedia":[{"embeddable":true,"href":"https:\/\/wittmunder-teehus.de\/wp-shop\/wp-json\/wp\/v2\/media\/5656"}],"wp:attachment":[{"href":"https:\/\/wittmunder-teehus.de\/wp-shop\/wp-json\/wp\/v2\/media?parent=3285"}],"wp:term":[{"taxonomy":"product_brand","embeddable":true,"href":"https:\/\/wittmunder-teehus.de\/wp-shop\/wp-json\/wp\/v2\/product_brand?post=3285"},{"taxonomy":"product_cat","embeddable":true,"href":"https:\/\/wittmunder-teehus.de\/wp-shop\/wp-json\/wp\/v2\/product_cat?post=3285"},{"taxonomy":"product_tag","embeddable":true,"href":"https:\/\/wittmunder-teehus.de\/wp-shop\/wp-json\/wp\/v2\/product_tag?post=3285"}],"curies":[{"name":"wp","href":"https:\/\/api.w.org\/{rel}","templated":true}]}}