{"id":3262,"date":"2017-04-23T18:02:21","date_gmt":"2017-04-23T16:02:21","guid":{"rendered":"http:\/\/wittmunder-teehus.de\/wp-shop\/?post_type=product&#038;p=3262"},"modified":"2026-03-11T12:55:10","modified_gmt":"2026-03-11T11:55:10","slug":"teegeschenk-teelikoer","status":"publish","type":"product","link":"https:\/\/wittmunder-teehus.de\/wp-shop\/produkt\/teegeschenk-teelikoer\/","title":{"rendered":"Teegeschenk Teelik\u00f6r"},"content":{"rendered":"<p>Teegeschenk mit:<br \/>\n100g Ostfriesische Mischung, 150g W\u00fcrfelkandis, 40ml Echter Ostfriesischer Teelik\u00f6r<br \/>\nund 2 Echte Ostfriesische Teebonbon.<br \/>\nHandgefertigte Schleife.<br \/>\n<strong>Alle<\/strong> <em>Geschenke werden nat\u00fcrlich von uns zusammengestellt und mit unseren im<br \/>\nTeeladen erh\u00e4ltlichen Produkten gepackt. <\/em><\/p>\n","protected":false},"excerpt":{"rendered":"<p>Teegeschenk mit: 100g Ostfriesische Mischung, 150g W\u00fcrfelkandis, 40ml Echter Ostfriesischer Teelik\u00f6r und 2 Echte Ostfriesische Teebonbon. Handgefertigte Schleife. Alle Geschenke werden nat\u00fcrlich von uns zusammengestellt und mit unseren im Teeladen erh\u00e4ltlichen Produkten gepackt.<\/p>\n","protected":false},"featured_media":3263,"comment_status":"closed","ping_status":"closed","template":"","meta":[],"product_brand":[],"product_cat":[29,49,133,25],"product_tag":[],"class_list":{"0":"post-3262","1":"product","2":"type-product","3":"status-publish","4":"has-post-thumbnail","6":"product_cat-likoer","7":"product_cat-ostfriesische-teemischungen","8":"product_cat-teegeschenke","9":"product_cat-zuckerhonigsirup","11":"first","12":"instock","13":"taxable","14":"shipping-taxable","15":"purchasable","16":"product-type-simple"},"_links":{"self":[{"href":"https:\/\/wittmunder-teehus.de\/wp-shop\/wp-json\/wp\/v2\/product\/3262","targetHints":{"allow":["GET"]}}],"collection":[{"href":"https:\/\/wittmunder-teehus.de\/wp-shop\/wp-json\/wp\/v2\/product"}],"about":[{"href":"https:\/\/wittmunder-teehus.de\/wp-shop\/wp-json\/wp\/v2\/types\/product"}],"replies":[{"embeddable":true,"href":"https:\/\/wittmunder-teehus.de\/wp-shop\/wp-json\/wp\/v2\/comments?post=3262"}],"wp:featuredmedia":[{"embeddable":true,"href":"https:\/\/wittmunder-teehus.de\/wp-shop\/wp-json\/wp\/v2\/media\/3263"}],"wp:attachment":[{"href":"https:\/\/wittmunder-teehus.de\/wp-shop\/wp-json\/wp\/v2\/media?parent=3262"}],"wp:term":[{"taxonomy":"product_brand","embeddable":true,"href":"https:\/\/wittmunder-teehus.de\/wp-shop\/wp-json\/wp\/v2\/product_brand?post=3262"},{"taxonomy":"product_cat","embeddable":true,"href":"https:\/\/wittmunder-teehus.de\/wp-shop\/wp-json\/wp\/v2\/product_cat?post=3262"},{"taxonomy":"product_tag","embeddable":true,"href":"https:\/\/wittmunder-teehus.de\/wp-shop\/wp-json\/wp\/v2\/product_tag?post=3262"}],"curies":[{"name":"wp","href":"https:\/\/api.w.org\/{rel}","templated":true}]}}