{"id":3255,"date":"2017-04-21T21:50:36","date_gmt":"2017-04-21T19:50:36","guid":{"rendered":"http:\/\/wittmunder-teehus.de\/wp-shop\/?post_type=product&#038;p=3255"},"modified":"2026-03-11T12:55:10","modified_gmt":"2026-03-11T11:55:10","slug":"vorratsglaeschen","status":"publish","type":"product","link":"https:\/\/wittmunder-teehus.de\/wp-shop\/produkt\/vorratsglaeschen\/","title":{"rendered":"Vorratsgl\u00e4schen"},"content":{"rendered":"<p>Vorratsgl\u00e4schen mit Aroma-B\u00fcgelverschluss.<br \/>\nH\u00f6he 70mm und Durchmesser 58mm<br \/>\nInhalt 0,08l<br \/>\nAuch f\u00fcr Gew\u00fcrze, Bonbons, Zucker etc.<\/p>\n","protected":false},"excerpt":{"rendered":"<p>Vorratsgl\u00e4schen mit Aroma-B\u00fcgelverschluss. H\u00f6he 70mm und Durchmesser 58mm Inhalt 0,08l Auch f\u00fcr Gew\u00fcrze, Bonbons, Zucker etc.<\/p>\n","protected":false},"featured_media":3256,"comment_status":"closed","ping_status":"closed","template":"","meta":[],"product_brand":[],"product_cat":[31,86,63,28],"product_tag":[],"class_list":{"0":"post-3255","1":"product","2":"type-product","3":"status-publish","4":"has-post-thumbnail","6":"product_cat-deko","7":"product_cat-dosen","8":"product_cat-flaschen","9":"product_cat-kraeuter-gewuerze-dips-oele","11":"first","12":"instock","13":"taxable","14":"shipping-taxable","15":"purchasable","16":"product-type-simple"},"_links":{"self":[{"href":"https:\/\/wittmunder-teehus.de\/wp-shop\/wp-json\/wp\/v2\/product\/3255","targetHints":{"allow":["GET"]}}],"collection":[{"href":"https:\/\/wittmunder-teehus.de\/wp-shop\/wp-json\/wp\/v2\/product"}],"about":[{"href":"https:\/\/wittmunder-teehus.de\/wp-shop\/wp-json\/wp\/v2\/types\/product"}],"replies":[{"embeddable":true,"href":"https:\/\/wittmunder-teehus.de\/wp-shop\/wp-json\/wp\/v2\/comments?post=3255"}],"wp:featuredmedia":[{"embeddable":true,"href":"https:\/\/wittmunder-teehus.de\/wp-shop\/wp-json\/wp\/v2\/media\/3256"}],"wp:attachment":[{"href":"https:\/\/wittmunder-teehus.de\/wp-shop\/wp-json\/wp\/v2\/media?parent=3255"}],"wp:term":[{"taxonomy":"product_brand","embeddable":true,"href":"https:\/\/wittmunder-teehus.de\/wp-shop\/wp-json\/wp\/v2\/product_brand?post=3255"},{"taxonomy":"product_cat","embeddable":true,"href":"https:\/\/wittmunder-teehus.de\/wp-shop\/wp-json\/wp\/v2\/product_cat?post=3255"},{"taxonomy":"product_tag","embeddable":true,"href":"https:\/\/wittmunder-teehus.de\/wp-shop\/wp-json\/wp\/v2\/product_tag?post=3255"}],"curies":[{"name":"wp","href":"https:\/\/api.w.org\/{rel}","templated":true}]}}