{"id":3209,"date":"2017-04-12T20:39:11","date_gmt":"2017-04-12T18:39:11","guid":{"rendered":"http:\/\/wittmunder-teehus.de\/wp-shop\/?post_type=product&#038;p=3209"},"modified":"2026-03-11T12:55:10","modified_gmt":"2026-03-11T11:55:10","slug":"persisches-kaffeegewuerz","status":"publish","type":"product","link":"https:\/\/wittmunder-teehus.de\/wp-shop\/produkt\/persisches-kaffeegewuerz\/","title":{"rendered":"Persisches Kaffeegew\u00fcrz"},"content":{"rendered":"<p>Persisches Kaffeegew\u00fcrz 100g<br \/>\nGew\u00fcrzmischung ohne zugesetztes Glutamat<br \/>\nZutaten: Cardamom, Zimt Anis, Zucker, Piment, Orangenschalen, Rosenbl\u00fcten, Nelken, Pfeffer schwarz.<\/p>\n<p>Dieses im Orient entstandene Gew\u00fcrz gibt Espresso, Cappuccino, Chai Latte und<br \/>\nCaffee Crema ein bezauberndes Aroma.<br \/>\nF\u00fcr Muffins und Kuchen aller Art, Omelettes mit s\u00fc\u00dfer F\u00fcllung, Trinkschokolade<br \/>\nund M\u00fcsli ein klasse Gew\u00fcrz.<\/p>\n","protected":false},"excerpt":{"rendered":"<p>Persisches Kaffeegew\u00fcrz 100g Gew\u00fcrzmischung ohne zugesetztes Glutamat Zutaten: Cardamom, Zimt Anis, Zucker, Piment, Orangenschalen, Rosenbl\u00fcten, Nelken, Pfeffer schwarz. Dieses im Orient entstandene Gew\u00fcrz gibt Espresso, Cappuccino, Chai Latte und Caffee Crema ein bezauberndes Aroma. F\u00fcr Muffins und Kuchen aller Art, Omelettes mit s\u00fc\u00dfer F\u00fcllung, Trinkschokolade und M\u00fcsli ein klasse Gew\u00fcrz.<\/p>\n","protected":false},"featured_media":8468,"comment_status":"closed","ping_status":"closed","template":"","meta":[],"product_brand":[],"product_cat":[28],"product_tag":[],"class_list":{"0":"post-3209","1":"product","2":"type-product","3":"status-publish","4":"has-post-thumbnail","6":"product_cat-kraeuter-gewuerze-dips-oele","8":"first","9":"instock","10":"taxable","11":"shipping-taxable","12":"purchasable","13":"product-type-simple"},"_links":{"self":[{"href":"https:\/\/wittmunder-teehus.de\/wp-shop\/wp-json\/wp\/v2\/product\/3209","targetHints":{"allow":["GET"]}}],"collection":[{"href":"https:\/\/wittmunder-teehus.de\/wp-shop\/wp-json\/wp\/v2\/product"}],"about":[{"href":"https:\/\/wittmunder-teehus.de\/wp-shop\/wp-json\/wp\/v2\/types\/product"}],"replies":[{"embeddable":true,"href":"https:\/\/wittmunder-teehus.de\/wp-shop\/wp-json\/wp\/v2\/comments?post=3209"}],"wp:featuredmedia":[{"embeddable":true,"href":"https:\/\/wittmunder-teehus.de\/wp-shop\/wp-json\/wp\/v2\/media\/8468"}],"wp:attachment":[{"href":"https:\/\/wittmunder-teehus.de\/wp-shop\/wp-json\/wp\/v2\/media?parent=3209"}],"wp:term":[{"taxonomy":"product_brand","embeddable":true,"href":"https:\/\/wittmunder-teehus.de\/wp-shop\/wp-json\/wp\/v2\/product_brand?post=3209"},{"taxonomy":"product_cat","embeddable":true,"href":"https:\/\/wittmunder-teehus.de\/wp-shop\/wp-json\/wp\/v2\/product_cat?post=3209"},{"taxonomy":"product_tag","embeddable":true,"href":"https:\/\/wittmunder-teehus.de\/wp-shop\/wp-json\/wp\/v2\/product_tag?post=3209"}],"curies":[{"name":"wp","href":"https:\/\/api.w.org\/{rel}","templated":true}]}}