{"id":3093,"date":"2017-04-02T18:41:13","date_gmt":"2017-04-02T16:41:13","guid":{"rendered":"http:\/\/wittmunder-teehus.de\/wp-shop\/produkt\/handtuch-moewe-gross-ka\/"},"modified":"2026-03-11T12:55:11","modified_gmt":"2026-03-11T11:55:11","slug":"geschirrhandtuch-moewe-gross-ka","status":"publish","type":"product","link":"https:\/\/wittmunder-teehus.de\/wp-shop\/produkt\/geschirrhandtuch-moewe-gross-ka\/","title":{"rendered":"Geschirrhandtuch M\u00f6we, gro\u00df, ka."},"content":{"rendered":"<p>Geschirrhandtuch M\u00f6we kariert 50x65cm<br \/>\n100% Baumwolle<\/p>\n","protected":false},"excerpt":{"rendered":"<p>Geschirrhandtuch M\u00f6we kariert 50x65cm 100% Baumwolle<\/p>\n","protected":false},"featured_media":3094,"comment_status":"closed","ping_status":"closed","template":"","meta":[],"product_brand":[],"product_cat":[129],"product_tag":[],"class_list":{"0":"post-3093","1":"product","2":"type-product","3":"status-publish","4":"has-post-thumbnail","6":"product_cat-handtuecher","8":"first","9":"instock","10":"taxable","11":"shipping-taxable","12":"purchasable","13":"product-type-simple"},"_links":{"self":[{"href":"https:\/\/wittmunder-teehus.de\/wp-shop\/wp-json\/wp\/v2\/product\/3093","targetHints":{"allow":["GET"]}}],"collection":[{"href":"https:\/\/wittmunder-teehus.de\/wp-shop\/wp-json\/wp\/v2\/product"}],"about":[{"href":"https:\/\/wittmunder-teehus.de\/wp-shop\/wp-json\/wp\/v2\/types\/product"}],"replies":[{"embeddable":true,"href":"https:\/\/wittmunder-teehus.de\/wp-shop\/wp-json\/wp\/v2\/comments?post=3093"}],"wp:featuredmedia":[{"embeddable":true,"href":"https:\/\/wittmunder-teehus.de\/wp-shop\/wp-json\/wp\/v2\/media\/3094"}],"wp:attachment":[{"href":"https:\/\/wittmunder-teehus.de\/wp-shop\/wp-json\/wp\/v2\/media?parent=3093"}],"wp:term":[{"taxonomy":"product_brand","embeddable":true,"href":"https:\/\/wittmunder-teehus.de\/wp-shop\/wp-json\/wp\/v2\/product_brand?post=3093"},{"taxonomy":"product_cat","embeddable":true,"href":"https:\/\/wittmunder-teehus.de\/wp-shop\/wp-json\/wp\/v2\/product_cat?post=3093"},{"taxonomy":"product_tag","embeddable":true,"href":"https:\/\/wittmunder-teehus.de\/wp-shop\/wp-json\/wp\/v2\/product_tag?post=3093"}],"curies":[{"name":"wp","href":"https:\/\/api.w.org\/{rel}","templated":true}]}}