{"id":3085,"date":"2017-04-02T17:52:29","date_gmt":"2017-04-02T15:52:29","guid":{"rendered":"http:\/\/wittmunder-teehus.de\/wp-shop\/produkt\/bredemeijer-teekanne-bella-ronde-12l-3\/"},"modified":"2026-03-11T12:55:11","modified_gmt":"2026-03-11T11:55:11","slug":"bredemeijer-teekanne-bella-ronde-12l-cremeweiss","status":"publish","type":"product","link":"https:\/\/wittmunder-teehus.de\/wp-shop\/produkt\/bredemeijer-teekanne-bella-ronde-12l-cremeweiss\/","title":{"rendered":"Bredemeijer Teekanne Bella Ronde 1,2l, cremewei\u00df"},"content":{"rendered":"<p>Doppelwandige Teekanne, Cremewei\u00df, Beschl\u00e4ge chromfarben.<\/p>\n","protected":false},"excerpt":{"rendered":"<p>Doppelwandige Teekanne, Cremewei\u00df, Beschl\u00e4ge chromfarben.<\/p>\n","protected":false},"featured_media":5434,"comment_status":"closed","ping_status":"closed","template":"","meta":[],"product_brand":[],"product_cat":[64],"product_tag":[],"class_list":{"0":"post-3085","1":"product","2":"type-product","3":"status-publish","4":"has-post-thumbnail","6":"product_cat-teekannen","8":"first","9":"instock","10":"taxable","11":"shipping-taxable","12":"purchasable","13":"product-type-simple"},"_links":{"self":[{"href":"https:\/\/wittmunder-teehus.de\/wp-shop\/wp-json\/wp\/v2\/product\/3085","targetHints":{"allow":["GET"]}}],"collection":[{"href":"https:\/\/wittmunder-teehus.de\/wp-shop\/wp-json\/wp\/v2\/product"}],"about":[{"href":"https:\/\/wittmunder-teehus.de\/wp-shop\/wp-json\/wp\/v2\/types\/product"}],"replies":[{"embeddable":true,"href":"https:\/\/wittmunder-teehus.de\/wp-shop\/wp-json\/wp\/v2\/comments?post=3085"}],"wp:featuredmedia":[{"embeddable":true,"href":"https:\/\/wittmunder-teehus.de\/wp-shop\/wp-json\/wp\/v2\/media\/5434"}],"wp:attachment":[{"href":"https:\/\/wittmunder-teehus.de\/wp-shop\/wp-json\/wp\/v2\/media?parent=3085"}],"wp:term":[{"taxonomy":"product_brand","embeddable":true,"href":"https:\/\/wittmunder-teehus.de\/wp-shop\/wp-json\/wp\/v2\/product_brand?post=3085"},{"taxonomy":"product_cat","embeddable":true,"href":"https:\/\/wittmunder-teehus.de\/wp-shop\/wp-json\/wp\/v2\/product_cat?post=3085"},{"taxonomy":"product_tag","embeddable":true,"href":"https:\/\/wittmunder-teehus.de\/wp-shop\/wp-json\/wp\/v2\/product_tag?post=3085"}],"curies":[{"name":"wp","href":"https:\/\/api.w.org\/{rel}","templated":true}]}}