{"id":3078,"date":"2017-04-02T14:04:21","date_gmt":"2017-04-02T12:04:21","guid":{"rendered":"http:\/\/wittmunder-teehus.de\/wp-shop\/produkt\/salbeiblaetter\/"},"modified":"2026-03-11T12:55:11","modified_gmt":"2026-03-11T11:55:11","slug":"salbeiblaetter","status":"publish","type":"product","link":"https:\/\/wittmunder-teehus.de\/wp-shop\/produkt\/salbeiblaetter\/","title":{"rendered":"Salbeibl\u00e4tter"},"content":{"rendered":"<p>Anwendungsbeispiele: Zahnfleischentz\u00fcndung, Mund- und Rachenschleimhaut,<br \/>\nProthesendruckstellen, Magen- und Darmkatarrh, Vermindert erh\u00f6hte<br \/>\nSchwei\u00df- und Speichelsekretion auch w\u00e4hrend der Wechseljahre<br \/>\n50g<\/p>\n","protected":false},"excerpt":{"rendered":"<p>Anwendungsbeispiele: Zahnfleischentz\u00fcndung, Mund- und Rachenschleimhaut, Prothesendruckstellen, Magen- und Darmkatarrh, Vermindert erh\u00f6hte Schwei\u00df- und Speichelsekretion auch w\u00e4hrend der Wechseljahre 50g<\/p>\n","protected":false},"featured_media":8470,"comment_status":"closed","ping_status":"closed","template":"","meta":[],"product_brand":[],"product_cat":[54],"product_tag":[],"class_list":{"0":"post-3078","1":"product","2":"type-product","3":"status-publish","4":"has-post-thumbnail","6":"product_cat-heil-und-wildkraeuter","8":"first","9":"instock","10":"taxable","11":"shipping-taxable","12":"purchasable","13":"product-type-simple"},"_links":{"self":[{"href":"https:\/\/wittmunder-teehus.de\/wp-shop\/wp-json\/wp\/v2\/product\/3078","targetHints":{"allow":["GET"]}}],"collection":[{"href":"https:\/\/wittmunder-teehus.de\/wp-shop\/wp-json\/wp\/v2\/product"}],"about":[{"href":"https:\/\/wittmunder-teehus.de\/wp-shop\/wp-json\/wp\/v2\/types\/product"}],"replies":[{"embeddable":true,"href":"https:\/\/wittmunder-teehus.de\/wp-shop\/wp-json\/wp\/v2\/comments?post=3078"}],"wp:featuredmedia":[{"embeddable":true,"href":"https:\/\/wittmunder-teehus.de\/wp-shop\/wp-json\/wp\/v2\/media\/8470"}],"wp:attachment":[{"href":"https:\/\/wittmunder-teehus.de\/wp-shop\/wp-json\/wp\/v2\/media?parent=3078"}],"wp:term":[{"taxonomy":"product_brand","embeddable":true,"href":"https:\/\/wittmunder-teehus.de\/wp-shop\/wp-json\/wp\/v2\/product_brand?post=3078"},{"taxonomy":"product_cat","embeddable":true,"href":"https:\/\/wittmunder-teehus.de\/wp-shop\/wp-json\/wp\/v2\/product_cat?post=3078"},{"taxonomy":"product_tag","embeddable":true,"href":"https:\/\/wittmunder-teehus.de\/wp-shop\/wp-json\/wp\/v2\/product_tag?post=3078"}],"curies":[{"name":"wp","href":"https:\/\/api.w.org\/{rel}","templated":true}]}}