{"id":3076,"date":"2017-04-02T13:55:59","date_gmt":"2017-04-02T11:55:59","guid":{"rendered":"http:\/\/wittmunder-teehus.de\/wp-shop\/produkt\/melisse\/"},"modified":"2026-03-11T12:55:11","modified_gmt":"2026-03-11T11:55:11","slug":"melisse","status":"publish","type":"product","link":"https:\/\/wittmunder-teehus.de\/wp-shop\/produkt\/melisse\/","title":{"rendered":"Melisse"},"content":{"rendered":"<p>Anwendungsbeispiele: Unruhe, Nervosit\u00e4t, Erk\u00e4ltung, Fieber, Herzbeschwerden, Migr\u00e4ne,<br \/>\nWechseljahre, Ohrenschmerzen, Schlafst\u00f6rungen, Sodbrennen, Lippen-Herpes,<br \/>\nZahnschmerzen\u2026<br \/>\n100g &#8211; T\u00fcte<br \/>\n<strong>k<\/strong>lasse.<strong>b<\/strong>estes.<strong>A<\/strong>ngebot<\/p>\n","protected":false},"excerpt":{"rendered":"<p>Anwendungsbeispiele: Unruhe, Nervosit\u00e4t, Erk\u00e4ltung, Fieber, Herzbeschwerden, Migr\u00e4ne, Wechseljahre, Ohrenschmerzen, Schlafst\u00f6rungen, Sodbrennen, Lippen-Herpes, Zahnschmerzen\u2026 100g &#8211; T\u00fcte klasse.bestes.Angebot<\/p>\n","protected":false},"featured_media":3077,"comment_status":"closed","ping_status":"closed","template":"","meta":[],"product_brand":[],"product_cat":[54],"product_tag":[],"class_list":{"0":"post-3076","1":"product","2":"type-product","3":"status-publish","4":"has-post-thumbnail","6":"product_cat-heil-und-wildkraeuter","8":"first","9":"instock","10":"taxable","11":"shipping-taxable","12":"purchasable","13":"product-type-simple"},"_links":{"self":[{"href":"https:\/\/wittmunder-teehus.de\/wp-shop\/wp-json\/wp\/v2\/product\/3076","targetHints":{"allow":["GET"]}}],"collection":[{"href":"https:\/\/wittmunder-teehus.de\/wp-shop\/wp-json\/wp\/v2\/product"}],"about":[{"href":"https:\/\/wittmunder-teehus.de\/wp-shop\/wp-json\/wp\/v2\/types\/product"}],"replies":[{"embeddable":true,"href":"https:\/\/wittmunder-teehus.de\/wp-shop\/wp-json\/wp\/v2\/comments?post=3076"}],"wp:featuredmedia":[{"embeddable":true,"href":"https:\/\/wittmunder-teehus.de\/wp-shop\/wp-json\/wp\/v2\/media\/3077"}],"wp:attachment":[{"href":"https:\/\/wittmunder-teehus.de\/wp-shop\/wp-json\/wp\/v2\/media?parent=3076"}],"wp:term":[{"taxonomy":"product_brand","embeddable":true,"href":"https:\/\/wittmunder-teehus.de\/wp-shop\/wp-json\/wp\/v2\/product_brand?post=3076"},{"taxonomy":"product_cat","embeddable":true,"href":"https:\/\/wittmunder-teehus.de\/wp-shop\/wp-json\/wp\/v2\/product_cat?post=3076"},{"taxonomy":"product_tag","embeddable":true,"href":"https:\/\/wittmunder-teehus.de\/wp-shop\/wp-json\/wp\/v2\/product_tag?post=3076"}],"curies":[{"name":"wp","href":"https:\/\/api.w.org\/{rel}","templated":true}]}}