{"id":2851,"date":"2017-01-13T19:22:57","date_gmt":"2017-01-13T18:22:57","guid":{"rendered":"http:\/\/wittmunder-teehus.de\/wp-shop\/produkt\/becher-anker\/"},"modified":"2026-03-11T12:55:11","modified_gmt":"2026-03-11T11:55:11","slug":"becher-anker","status":"publish","type":"product","link":"https:\/\/wittmunder-teehus.de\/wp-shop\/produkt\/becher-anker\/","title":{"rendered":"Becher &#8222;Anker&#8220;"},"content":{"rendered":"<p>Diese Becher haben die klassische Form mit dem leicht nach au\u00dfen gew\u00f6lbten (trinkfreundlichen) Rand.<br \/>\nSie sind sp\u00fclmaschinen- und mikrowellenfest.<br \/>\nH\u00f6he: 10,3 cm \u2022 Durchmesser: 8 cm \u2022 Inhalt: 300 ml<br \/>\nMaterial: Bone China Porzellan<\/p>\n","protected":false},"excerpt":{"rendered":"<p>Diese Becher haben die klassische Form mit dem leicht nach au\u00dfen gew\u00f6lbten (trinkfreundlichen) Rand. Sie sind sp\u00fclmaschinen- und mikrowellenfest. H\u00f6he: 10,3 cm \u2022 Durchmesser: 8 cm \u2022 Inhalt: 300 ml Material: Bone China Porzellan<\/p>\n","protected":false},"featured_media":2852,"comment_status":"closed","ping_status":"closed","template":"","meta":[],"product_brand":[],"product_cat":[33,32],"product_tag":[],"class_list":{"0":"post-2851","1":"product","2":"type-product","3":"status-publish","4":"has-post-thumbnail","6":"product_cat-becher-und-tassen","7":"product_cat-porzellan","9":"first","10":"instock","11":"taxable","12":"shipping-taxable","13":"purchasable","14":"product-type-simple"},"_links":{"self":[{"href":"https:\/\/wittmunder-teehus.de\/wp-shop\/wp-json\/wp\/v2\/product\/2851","targetHints":{"allow":["GET"]}}],"collection":[{"href":"https:\/\/wittmunder-teehus.de\/wp-shop\/wp-json\/wp\/v2\/product"}],"about":[{"href":"https:\/\/wittmunder-teehus.de\/wp-shop\/wp-json\/wp\/v2\/types\/product"}],"replies":[{"embeddable":true,"href":"https:\/\/wittmunder-teehus.de\/wp-shop\/wp-json\/wp\/v2\/comments?post=2851"}],"wp:featuredmedia":[{"embeddable":true,"href":"https:\/\/wittmunder-teehus.de\/wp-shop\/wp-json\/wp\/v2\/media\/2852"}],"wp:attachment":[{"href":"https:\/\/wittmunder-teehus.de\/wp-shop\/wp-json\/wp\/v2\/media?parent=2851"}],"wp:term":[{"taxonomy":"product_brand","embeddable":true,"href":"https:\/\/wittmunder-teehus.de\/wp-shop\/wp-json\/wp\/v2\/product_brand?post=2851"},{"taxonomy":"product_cat","embeddable":true,"href":"https:\/\/wittmunder-teehus.de\/wp-shop\/wp-json\/wp\/v2\/product_cat?post=2851"},{"taxonomy":"product_tag","embeddable":true,"href":"https:\/\/wittmunder-teehus.de\/wp-shop\/wp-json\/wp\/v2\/product_tag?post=2851"}],"curies":[{"name":"wp","href":"https:\/\/api.w.org\/{rel}","templated":true}]}}