{"id":2665,"date":"2016-11-20T21:27:23","date_gmt":"2016-11-20T20:27:23","guid":{"rendered":"http:\/\/wittmunder-teehus.de\/wp-shop\/produkt\/black-jap-eckig\/"},"modified":"2026-03-11T12:55:12","modified_gmt":"2026-03-11T11:55:12","slug":"black-jap-eckig","status":"publish","type":"product","link":"https:\/\/wittmunder-teehus.de\/wp-shop\/produkt\/black-jap-eckig\/","title":{"rendered":"&#8222;Black Jap&#8220; eckig"},"content":{"rendered":"<p>&#8222;Black Jap&#8220; eckig, St\u00fclpdeckel 65 x 40 x 40 mm leer 25g<br \/>\n&#8222;Black Jap&#8220; eckig, St\u00fclpdeckel 79 x 58 x 58 mm leer 50 g<br \/>\n&#8222;Black Jap&#8220; eckig, St\u00fclpdeckel 97 x 71 x 71 mm leer 100g<br \/>\n&#8222;Black Jap&#8220; eckig, Scharnierdeckel 111 x 87 x 87 mm leer 250 g<\/p>\n","protected":false},"excerpt":{"rendered":"<p>&#8222;Black Jap&#8220; eckig, St\u00fclpdeckel 65 x 40 x 40 mm leer 25g &#8222;Black Jap&#8220; eckig, St\u00fclpdeckel 79 x 58 x 58 mm leer 50 g &#8222;Black Jap&#8220; eckig, St\u00fclpdeckel 97 x 71 x 71 mm leer 100g &#8222;Black Jap&#8220; eckig, Scharnierdeckel 111 x 87 x 87 mm leer 250 g<\/p>\n","protected":false},"featured_media":2672,"comment_status":"closed","ping_status":"closed","template":"","meta":[],"product_brand":[],"product_cat":[86],"product_tag":[],"class_list":{"0":"post-2665","1":"product","2":"type-product","3":"status-publish","4":"has-post-thumbnail","6":"product_cat-dosen","8":"first","9":"instock","10":"taxable","11":"shipping-taxable","12":"purchasable","13":"product-type-variable"},"_links":{"self":[{"href":"https:\/\/wittmunder-teehus.de\/wp-shop\/wp-json\/wp\/v2\/product\/2665","targetHints":{"allow":["GET"]}}],"collection":[{"href":"https:\/\/wittmunder-teehus.de\/wp-shop\/wp-json\/wp\/v2\/product"}],"about":[{"href":"https:\/\/wittmunder-teehus.de\/wp-shop\/wp-json\/wp\/v2\/types\/product"}],"replies":[{"embeddable":true,"href":"https:\/\/wittmunder-teehus.de\/wp-shop\/wp-json\/wp\/v2\/comments?post=2665"}],"wp:featuredmedia":[{"embeddable":true,"href":"https:\/\/wittmunder-teehus.de\/wp-shop\/wp-json\/wp\/v2\/media\/2672"}],"wp:attachment":[{"href":"https:\/\/wittmunder-teehus.de\/wp-shop\/wp-json\/wp\/v2\/media?parent=2665"}],"wp:term":[{"taxonomy":"product_brand","embeddable":true,"href":"https:\/\/wittmunder-teehus.de\/wp-shop\/wp-json\/wp\/v2\/product_brand?post=2665"},{"taxonomy":"product_cat","embeddable":true,"href":"https:\/\/wittmunder-teehus.de\/wp-shop\/wp-json\/wp\/v2\/product_cat?post=2665"},{"taxonomy":"product_tag","embeddable":true,"href":"https:\/\/wittmunder-teehus.de\/wp-shop\/wp-json\/wp\/v2\/product_tag?post=2665"}],"curies":[{"name":"wp","href":"https:\/\/api.w.org\/{rel}","templated":true}]}}