{"id":2646,"date":"2016-11-20T19:47:50","date_gmt":"2016-11-20T18:47:50","guid":{"rendered":"http:\/\/wittmunder-teehus.de\/wp-shop\/?post_type=product&#038;p=2646"},"modified":"2026-03-11T12:55:12","modified_gmt":"2026-03-11T11:55:12","slug":"choc-o-lait-sticks-dunkel","status":"publish","type":"product","link":"https:\/\/wittmunder-teehus.de\/wp-shop\/produkt\/choc-o-lait-sticks-dunkel\/","title":{"rendered":"Choc \u2013 o \u2013 lait Sticks Dunkel"},"content":{"rendered":"<p>Schokolade mit L\u00f6ffel.<br \/>\nDiese trendigen Schokoladensticks aus reiner belgischen Schokolade begeistern durch ihre einfache Handhabung und den k\u00f6stlichen Geschmack. Die Sticks aus feinster Belgischer Schokolade werden einfach in hei\u00dfe Milch einger\u00fchrt.<\/p>\n<p>Zutaten: Zucker, Kakaomasse, Kakaobutter, Emulgator: <strong><em>Sojalecithin<\/em><\/strong>,<br \/>\nnat\u00fcrliches Vanille-Aroma, Kakao: 50% mindestens. 33 g<\/p>\n","protected":false},"excerpt":{"rendered":"<p>Schokolade mit L\u00f6ffel. Diese trendigen Schokoladensticks aus reiner belgischen Schokolade begeistern durch ihre einfache Handhabung und den k\u00f6stlichen Geschmack. Die Sticks aus feinster Belgischer Schokolade werden einfach in hei\u00dfe Milch einger\u00fchrt. Zutaten: Zucker, Kakaomasse, Kakaobutter, Emulgator: Sojalecithin, nat\u00fcrliches Vanille-Aroma, Kakao: 50% mindestens. 33 g<\/p>\n","protected":false},"featured_media":4927,"comment_status":"closed","ping_status":"closed","template":"","meta":[],"product_brand":[],"product_cat":[76],"product_tag":[],"class_list":{"0":"post-2646","1":"product","2":"type-product","3":"status-publish","4":"has-post-thumbnail","6":"product_cat-bonbons-kekse-schokolade","8":"first","9":"instock","10":"taxable","11":"shipping-taxable","12":"purchasable","13":"product-type-simple"},"_links":{"self":[{"href":"https:\/\/wittmunder-teehus.de\/wp-shop\/wp-json\/wp\/v2\/product\/2646","targetHints":{"allow":["GET"]}}],"collection":[{"href":"https:\/\/wittmunder-teehus.de\/wp-shop\/wp-json\/wp\/v2\/product"}],"about":[{"href":"https:\/\/wittmunder-teehus.de\/wp-shop\/wp-json\/wp\/v2\/types\/product"}],"replies":[{"embeddable":true,"href":"https:\/\/wittmunder-teehus.de\/wp-shop\/wp-json\/wp\/v2\/comments?post=2646"}],"wp:featuredmedia":[{"embeddable":true,"href":"https:\/\/wittmunder-teehus.de\/wp-shop\/wp-json\/wp\/v2\/media\/4927"}],"wp:attachment":[{"href":"https:\/\/wittmunder-teehus.de\/wp-shop\/wp-json\/wp\/v2\/media?parent=2646"}],"wp:term":[{"taxonomy":"product_brand","embeddable":true,"href":"https:\/\/wittmunder-teehus.de\/wp-shop\/wp-json\/wp\/v2\/product_brand?post=2646"},{"taxonomy":"product_cat","embeddable":true,"href":"https:\/\/wittmunder-teehus.de\/wp-shop\/wp-json\/wp\/v2\/product_cat?post=2646"},{"taxonomy":"product_tag","embeddable":true,"href":"https:\/\/wittmunder-teehus.de\/wp-shop\/wp-json\/wp\/v2\/product_tag?post=2646"}],"curies":[{"name":"wp","href":"https:\/\/api.w.org\/{rel}","templated":true}]}}