{"id":2607,"date":"2016-09-18T18:45:36","date_gmt":"2016-09-18T16:45:36","guid":{"rendered":"http:\/\/wittmunder-teehus.de\/wp-shop\/?post_type=product&#038;p=2607"},"modified":"2026-03-11T12:55:12","modified_gmt":"2026-03-11T11:55:12","slug":"schafskaes-gewuerzzubereitung","status":"publish","type":"product","link":"https:\/\/wittmunder-teehus.de\/wp-shop\/produkt\/schafskaes-gewuerzzubereitung\/","title":{"rendered":"Schafsk\u00e4s Gew\u00fcrzzubereitung"},"content":{"rendered":"<p>Schafsk\u00e4s Gew\u00fcrzzubereitung ohne zugesetztes Glutamat, 100g<br \/>\nF\u00fcr kr\u00e4ftige Brotaufstriche mit Schafsk\u00e4se und zum Einlegen.<br \/>\nZutaten: Paprika s\u00fc\u00df, klare Br\u00fche, Meersalz (15%), <strong>Senfmehl<\/strong>,<br \/>\nKnoblauch, Zwiebel, Pfeffer schwarz, Schnittlauch, Petersilie,<br \/>\nPaprikaflocken rot.<\/p>\n<p><strong>Dipp Rezept<\/strong><br \/>\n150g Creme fraiche und 50g Frischk\u00e4se mit einem E\u00dfl. Schafsk\u00e4s<br \/>\nGew\u00fcrzzubereitung verr\u00fchren. Fertig!<br \/>\nSchmeckt auch lecker als Nudelso\u00dfe. Einfach etwas Milch zugeben und erw\u00e4rmen.<\/p>\n","protected":false},"excerpt":{"rendered":"<p>Schafsk\u00e4s Gew\u00fcrzzubereitung ohne zugesetztes Glutamat, 100g F\u00fcr kr\u00e4ftige Brotaufstriche mit Schafsk\u00e4se und zum Einlegen. Zutaten: Paprika s\u00fc\u00df, klare Br\u00fche, Meersalz (15%), Senfmehl, Knoblauch, Zwiebel, Pfeffer schwarz, Schnittlauch, Petersilie, Paprikaflocken rot. Dipp Rezept 150g Creme fraiche und 50g Frischk\u00e4se mit einem E\u00dfl. Schafsk\u00e4s Gew\u00fcrzzubereitung verr\u00fchren. Fertig! Schmeckt auch lecker als Nudelso\u00dfe. Einfach etwas Milch zugeben und [&hellip;]<\/p>\n","protected":false},"featured_media":3043,"comment_status":"closed","ping_status":"closed","template":"","meta":[],"product_brand":[],"product_cat":[28],"product_tag":[],"class_list":{"0":"post-2607","1":"product","2":"type-product","3":"status-publish","4":"has-post-thumbnail","6":"product_cat-kraeuter-gewuerze-dips-oele","8":"first","9":"instock","10":"taxable","11":"shipping-taxable","12":"purchasable","13":"product-type-simple"},"_links":{"self":[{"href":"https:\/\/wittmunder-teehus.de\/wp-shop\/wp-json\/wp\/v2\/product\/2607","targetHints":{"allow":["GET"]}}],"collection":[{"href":"https:\/\/wittmunder-teehus.de\/wp-shop\/wp-json\/wp\/v2\/product"}],"about":[{"href":"https:\/\/wittmunder-teehus.de\/wp-shop\/wp-json\/wp\/v2\/types\/product"}],"replies":[{"embeddable":true,"href":"https:\/\/wittmunder-teehus.de\/wp-shop\/wp-json\/wp\/v2\/comments?post=2607"}],"wp:featuredmedia":[{"embeddable":true,"href":"https:\/\/wittmunder-teehus.de\/wp-shop\/wp-json\/wp\/v2\/media\/3043"}],"wp:attachment":[{"href":"https:\/\/wittmunder-teehus.de\/wp-shop\/wp-json\/wp\/v2\/media?parent=2607"}],"wp:term":[{"taxonomy":"product_brand","embeddable":true,"href":"https:\/\/wittmunder-teehus.de\/wp-shop\/wp-json\/wp\/v2\/product_brand?post=2607"},{"taxonomy":"product_cat","embeddable":true,"href":"https:\/\/wittmunder-teehus.de\/wp-shop\/wp-json\/wp\/v2\/product_cat?post=2607"},{"taxonomy":"product_tag","embeddable":true,"href":"https:\/\/wittmunder-teehus.de\/wp-shop\/wp-json\/wp\/v2\/product_tag?post=2607"}],"curies":[{"name":"wp","href":"https:\/\/api.w.org\/{rel}","templated":true}]}}