{"id":2598,"date":"2016-08-15T22:16:25","date_gmt":"2016-08-15T20:16:25","guid":{"rendered":"http:\/\/wittmunder-teehus.de\/wp-shop\/?post_type=product&#038;p=2598"},"modified":"2026-03-11T12:55:12","modified_gmt":"2026-03-11T11:55:12","slug":"schwarzwaelder-kirsch","status":"publish","type":"product","link":"https:\/\/wittmunder-teehus.de\/wp-shop\/produkt\/schwarzwaelder-kirsch\/","title":{"rendered":"Schwarzw\u00e4lder Kirsch"},"content":{"rendered":"<p>Bonbons mit Kakaof\u00fcllung und Kirschgeschmack<br \/>\nZutaten: Zucker, Glukosesirup<strong>(Weizen)<\/strong>, Pflanzenfett, <strong>Kakao, Milchpulver,<\/strong><br \/>\nS\u00e4uerungsmittel: Zitronens\u00e4ure, Aroma mit Rumgeschmack,<br \/>\nFarbstoff: Rote Beete, Zuckerkul\u00f6r.<br \/>\n<em>Kann Spuren von Haseln\u00fcssen enthalten.<\/em><br \/>\nIm Durchschnitt je 100g:<br \/>\nEnergie 1576kJ(382kcal), Fett 2,7g(davon ges\u00e4ttigte Fetts\u00e4uren 1,2g,<br \/>\nKohlenhydrate 86,24g(davon Zucker 64,2g), Eiwei\u00df 1,05g, Salz 0g<\/p>\n","protected":false},"excerpt":{"rendered":"<p>Bonbons mit Kakaof\u00fcllung und Kirschgeschmack Zutaten: Zucker, Glukosesirup(Weizen), Pflanzenfett, Kakao, Milchpulver, S\u00e4uerungsmittel: Zitronens\u00e4ure, Aroma mit Rumgeschmack, Farbstoff: Rote Beete, Zuckerkul\u00f6r. Kann Spuren von Haseln\u00fcssen enthalten. Im Durchschnitt je 100g: Energie 1576kJ(382kcal), Fett 2,7g(davon ges\u00e4ttigte Fetts\u00e4uren 1,2g, Kohlenhydrate 86,24g(davon Zucker 64,2g), Eiwei\u00df 1,05g, Salz 0g<\/p>\n","protected":false},"featured_media":5449,"comment_status":"closed","ping_status":"closed","template":"","meta":[],"product_brand":[],"product_cat":[76],"product_tag":[],"class_list":{"0":"post-2598","1":"product","2":"type-product","3":"status-publish","4":"has-post-thumbnail","6":"product_cat-bonbons-kekse-schokolade","8":"first","9":"instock","10":"taxable","11":"shipping-taxable","12":"purchasable","13":"product-type-simple"},"_links":{"self":[{"href":"https:\/\/wittmunder-teehus.de\/wp-shop\/wp-json\/wp\/v2\/product\/2598","targetHints":{"allow":["GET"]}}],"collection":[{"href":"https:\/\/wittmunder-teehus.de\/wp-shop\/wp-json\/wp\/v2\/product"}],"about":[{"href":"https:\/\/wittmunder-teehus.de\/wp-shop\/wp-json\/wp\/v2\/types\/product"}],"replies":[{"embeddable":true,"href":"https:\/\/wittmunder-teehus.de\/wp-shop\/wp-json\/wp\/v2\/comments?post=2598"}],"wp:featuredmedia":[{"embeddable":true,"href":"https:\/\/wittmunder-teehus.de\/wp-shop\/wp-json\/wp\/v2\/media\/5449"}],"wp:attachment":[{"href":"https:\/\/wittmunder-teehus.de\/wp-shop\/wp-json\/wp\/v2\/media?parent=2598"}],"wp:term":[{"taxonomy":"product_brand","embeddable":true,"href":"https:\/\/wittmunder-teehus.de\/wp-shop\/wp-json\/wp\/v2\/product_brand?post=2598"},{"taxonomy":"product_cat","embeddable":true,"href":"https:\/\/wittmunder-teehus.de\/wp-shop\/wp-json\/wp\/v2\/product_cat?post=2598"},{"taxonomy":"product_tag","embeddable":true,"href":"https:\/\/wittmunder-teehus.de\/wp-shop\/wp-json\/wp\/v2\/product_tag?post=2598"}],"curies":[{"name":"wp","href":"https:\/\/api.w.org\/{rel}","templated":true}]}}