{"id":2596,"date":"2016-08-15T22:04:56","date_gmt":"2016-08-15T20:04:56","guid":{"rendered":"http:\/\/wittmunder-teehus.de\/wp-shop\/?post_type=product&#038;p=2596"},"modified":"2026-03-11T12:55:12","modified_gmt":"2026-03-11T11:55:12","slug":"viel-glueck-bonbons","status":"publish","type":"product","link":"https:\/\/wittmunder-teehus.de\/wp-shop\/produkt\/viel-glueck-bonbons\/","title":{"rendered":"Viel Gl\u00fcck-Bonbons"},"content":{"rendered":"<p>Regenbogenkugeln mit Fruchtgeschmack.<br \/>\nLieblich und fruchtig.<br \/>\nZutaten: Zucker, Glukosesirup, S\u00e4uerungsmittel Zitronens\u00e4ure, Aroma, Vanillin,<br \/>\nFarbstoff: nat\u00fcrliches Curcuma-Aroma, nat\u00fcrliches Paprika Aroma, Rote Beete Saftkonzentrat.<\/p>\n<p>Im Durchschnitt je 100g:<br \/>\nEnergie 1625kJ(383kcal), Fett 0g(davon ges\u00e4ttigte Fetts\u00e4uren 0g,<br \/>\nKohlenhydrate 95,5g(davon Zucker 68,5g), Eiwei\u00df 0g, Salz 0g<\/p>\n","protected":false},"excerpt":{"rendered":"<p>Regenbogenkugeln mit Fruchtgeschmack. Lieblich und fruchtig. Zutaten: Zucker, Glukosesirup, S\u00e4uerungsmittel Zitronens\u00e4ure, Aroma, Vanillin, Farbstoff: nat\u00fcrliches Curcuma-Aroma, nat\u00fcrliches Paprika Aroma, Rote Beete Saftkonzentrat. Im Durchschnitt je 100g: Energie 1625kJ(383kcal), Fett 0g(davon ges\u00e4ttigte Fetts\u00e4uren 0g, Kohlenhydrate 95,5g(davon Zucker 68,5g), Eiwei\u00df 0g, Salz 0g<\/p>\n","protected":false},"featured_media":3961,"comment_status":"closed","ping_status":"closed","template":"","meta":[],"product_brand":[],"product_cat":[76],"product_tag":[],"class_list":{"0":"post-2596","1":"product","2":"type-product","3":"status-publish","4":"has-post-thumbnail","6":"product_cat-bonbons-kekse-schokolade","8":"first","9":"instock","10":"taxable","11":"shipping-taxable","12":"purchasable","13":"product-type-simple"},"_links":{"self":[{"href":"https:\/\/wittmunder-teehus.de\/wp-shop\/wp-json\/wp\/v2\/product\/2596","targetHints":{"allow":["GET"]}}],"collection":[{"href":"https:\/\/wittmunder-teehus.de\/wp-shop\/wp-json\/wp\/v2\/product"}],"about":[{"href":"https:\/\/wittmunder-teehus.de\/wp-shop\/wp-json\/wp\/v2\/types\/product"}],"replies":[{"embeddable":true,"href":"https:\/\/wittmunder-teehus.de\/wp-shop\/wp-json\/wp\/v2\/comments?post=2596"}],"wp:featuredmedia":[{"embeddable":true,"href":"https:\/\/wittmunder-teehus.de\/wp-shop\/wp-json\/wp\/v2\/media\/3961"}],"wp:attachment":[{"href":"https:\/\/wittmunder-teehus.de\/wp-shop\/wp-json\/wp\/v2\/media?parent=2596"}],"wp:term":[{"taxonomy":"product_brand","embeddable":true,"href":"https:\/\/wittmunder-teehus.de\/wp-shop\/wp-json\/wp\/v2\/product_brand?post=2596"},{"taxonomy":"product_cat","embeddable":true,"href":"https:\/\/wittmunder-teehus.de\/wp-shop\/wp-json\/wp\/v2\/product_cat?post=2596"},{"taxonomy":"product_tag","embeddable":true,"href":"https:\/\/wittmunder-teehus.de\/wp-shop\/wp-json\/wp\/v2\/product_tag?post=2596"}],"curies":[{"name":"wp","href":"https:\/\/api.w.org\/{rel}","templated":true}]}}