{"id":2539,"date":"2016-07-31T18:40:22","date_gmt":"2016-07-31T16:40:22","guid":{"rendered":"http:\/\/wittmunder-teehus.de\/wp-shop\/?post_type=product&#038;p=2539"},"modified":"2026-03-11T12:55:12","modified_gmt":"2026-03-11T11:55:12","slug":"japanische-persoenliche-teebeutel","status":"publish","type":"product","link":"https:\/\/wittmunder-teehus.de\/wp-shop\/produkt\/japanische-persoenliche-teebeutel\/","title":{"rendered":"Japanische Pers\u00f6nliche Teebeutel"},"content":{"rendered":"<p>Mit diesen praktischen Teebeuteln aus PP-Vlies k\u00f6nnen Sie individuell an<br \/>\njedem Ort Ihren Lieblingstee genie\u00dfen. Sowohl f\u00fcr Tassen- als auch<br \/>\nKannenaufguss geeignet.<br \/>\n1. Filter mit Tee bef\u00fcllen<br \/>\n2. Lasche nach vorn klappen<br \/>\n3. Lasche gl\u00e4tten, Teebeutel einh\u00e4ngen, Wasser drauf, fertig!<br \/>\n64 St\u00fcck pro Packung<\/p>\n","protected":false},"excerpt":{"rendered":"<p>Mit diesen praktischen Teebeuteln aus PP-Vlies k\u00f6nnen Sie individuell an jedem Ort Ihren Lieblingstee genie\u00dfen. Sowohl f\u00fcr Tassen- als auch Kannenaufguss geeignet. 1. Filter mit Tee bef\u00fcllen 2. Lasche nach vorn klappen 3. Lasche gl\u00e4tten, Teebeutel einh\u00e4ngen, Wasser drauf, fertig! 64 St\u00fcck pro Packung<\/p>\n","protected":false},"featured_media":2540,"comment_status":"closed","ping_status":"closed","template":"","meta":[],"product_brand":[],"product_cat":[24],"product_tag":[],"class_list":{"0":"post-2539","1":"product","2":"type-product","3":"status-publish","4":"has-post-thumbnail","6":"product_cat-teezubehoer","8":"first","9":"instock","10":"taxable","11":"shipping-taxable","12":"purchasable","13":"product-type-simple"},"_links":{"self":[{"href":"https:\/\/wittmunder-teehus.de\/wp-shop\/wp-json\/wp\/v2\/product\/2539","targetHints":{"allow":["GET"]}}],"collection":[{"href":"https:\/\/wittmunder-teehus.de\/wp-shop\/wp-json\/wp\/v2\/product"}],"about":[{"href":"https:\/\/wittmunder-teehus.de\/wp-shop\/wp-json\/wp\/v2\/types\/product"}],"replies":[{"embeddable":true,"href":"https:\/\/wittmunder-teehus.de\/wp-shop\/wp-json\/wp\/v2\/comments?post=2539"}],"wp:featuredmedia":[{"embeddable":true,"href":"https:\/\/wittmunder-teehus.de\/wp-shop\/wp-json\/wp\/v2\/media\/2540"}],"wp:attachment":[{"href":"https:\/\/wittmunder-teehus.de\/wp-shop\/wp-json\/wp\/v2\/media?parent=2539"}],"wp:term":[{"taxonomy":"product_brand","embeddable":true,"href":"https:\/\/wittmunder-teehus.de\/wp-shop\/wp-json\/wp\/v2\/product_brand?post=2539"},{"taxonomy":"product_cat","embeddable":true,"href":"https:\/\/wittmunder-teehus.de\/wp-shop\/wp-json\/wp\/v2\/product_cat?post=2539"},{"taxonomy":"product_tag","embeddable":true,"href":"https:\/\/wittmunder-teehus.de\/wp-shop\/wp-json\/wp\/v2\/product_tag?post=2539"}],"curies":[{"name":"wp","href":"https:\/\/api.w.org\/{rel}","templated":true}]}}