{"id":2533,"date":"2016-07-31T17:48:06","date_gmt":"2016-07-31T15:48:06","guid":{"rendered":"http:\/\/wittmunder-teehus.de\/wp-shop\/?post_type=product&#038;p=2533"},"modified":"2026-03-11T12:55:12","modified_gmt":"2026-03-11T11:55:12","slug":"gute-laune-bonbons","status":"publish","type":"product","link":"https:\/\/wittmunder-teehus.de\/wp-shop\/produkt\/gute-laune-bonbons\/","title":{"rendered":"Gute Laune-Bonbons"},"content":{"rendered":"<p>Orangen-Zitrone-Bonbon, 120g T\u00fcte<br \/>\nZutaten: Zucker, Glukosesirup(<strong>Weizen<\/strong>), S\u00e4uerungsmittel Zitronens\u00e4ure, Ausz\u00fcge aus Fr\u00fcchten, Orangen\u00f6l, Zitronen\u00f6l. Farbstoff: Paprika, nat\u00fcrliches Curcuma-Aroma.<\/p>\n<p>Durchschnitt je 100g:<br \/>\nEnergie 1535kJ(371kcal), Fett 0g(davon ges\u00e4ttigte Fetts\u00e4uren 0g,<br \/>\nKohlenhydrate 88,12g(davon Zucker 65,1g), Eiwei\u00df 0g, Salz 0g<\/p>\n","protected":false},"excerpt":{"rendered":"<p>Orangen-Zitrone-Bonbon, 120g T\u00fcte Zutaten: Zucker, Glukosesirup(Weizen), S\u00e4uerungsmittel Zitronens\u00e4ure, Ausz\u00fcge aus Fr\u00fcchten, Orangen\u00f6l, Zitronen\u00f6l. Farbstoff: Paprika, nat\u00fcrliches Curcuma-Aroma. Durchschnitt je 100g: Energie 1535kJ(371kcal), Fett 0g(davon ges\u00e4ttigte Fetts\u00e4uren 0g, Kohlenhydrate 88,12g(davon Zucker 65,1g), Eiwei\u00df 0g, Salz 0g<\/p>\n","protected":false},"featured_media":4744,"comment_status":"closed","ping_status":"closed","template":"","meta":[],"product_brand":[],"product_cat":[76],"product_tag":[],"class_list":{"0":"post-2533","1":"product","2":"type-product","3":"status-publish","4":"has-post-thumbnail","6":"product_cat-bonbons-kekse-schokolade","8":"first","9":"instock","10":"taxable","11":"shipping-taxable","12":"purchasable","13":"product-type-simple"},"_links":{"self":[{"href":"https:\/\/wittmunder-teehus.de\/wp-shop\/wp-json\/wp\/v2\/product\/2533","targetHints":{"allow":["GET"]}}],"collection":[{"href":"https:\/\/wittmunder-teehus.de\/wp-shop\/wp-json\/wp\/v2\/product"}],"about":[{"href":"https:\/\/wittmunder-teehus.de\/wp-shop\/wp-json\/wp\/v2\/types\/product"}],"replies":[{"embeddable":true,"href":"https:\/\/wittmunder-teehus.de\/wp-shop\/wp-json\/wp\/v2\/comments?post=2533"}],"wp:featuredmedia":[{"embeddable":true,"href":"https:\/\/wittmunder-teehus.de\/wp-shop\/wp-json\/wp\/v2\/media\/4744"}],"wp:attachment":[{"href":"https:\/\/wittmunder-teehus.de\/wp-shop\/wp-json\/wp\/v2\/media?parent=2533"}],"wp:term":[{"taxonomy":"product_brand","embeddable":true,"href":"https:\/\/wittmunder-teehus.de\/wp-shop\/wp-json\/wp\/v2\/product_brand?post=2533"},{"taxonomy":"product_cat","embeddable":true,"href":"https:\/\/wittmunder-teehus.de\/wp-shop\/wp-json\/wp\/v2\/product_cat?post=2533"},{"taxonomy":"product_tag","embeddable":true,"href":"https:\/\/wittmunder-teehus.de\/wp-shop\/wp-json\/wp\/v2\/product_tag?post=2533"}],"curies":[{"name":"wp","href":"https:\/\/api.w.org\/{rel}","templated":true}]}}