{"id":2495,"date":"2016-06-19T22:03:42","date_gmt":"2016-06-19T20:03:42","guid":{"rendered":"http:\/\/wittmunder-teehus.de\/wp-shop\/?post_type=product&#038;p=2495"},"modified":"2026-03-11T12:55:13","modified_gmt":"2026-03-11T11:55:13","slug":"dankeschoen-bonbons","status":"publish","type":"product","link":"https:\/\/wittmunder-teehus.de\/wp-shop\/produkt\/dankeschoen-bonbons\/","title":{"rendered":"Dankesch\u00f6n-Bonbons"},"content":{"rendered":"<p>Himbeerbonbons mit Vanillegeschmack, 120g T\u00fcte<br \/>\nZutaten: Zucker, Glukosesirup, S\u00e4uerungsmittel Zitronens\u00e4ure, nat\u00fcrliches Himbeeraroma,<br \/>\nFarbstoff: Rote Beete Saftkonzentrat, nat\u00fcrliches Curcuma-Aroma.<\/p>\n<p>Im Durchschnitt je 100g:<br \/>\nEnergie 1541kJ(373kcal), Fett 0g(davon ges\u00e4ttigte Fetts\u00e4uren 0g,<br \/>\nKohlenhydrate 90,26g(davon Zucker 65,2g), Eiwei\u00df 0g, Salz 0g<\/p>\n","protected":false},"excerpt":{"rendered":"<p>Himbeerbonbons mit Vanillegeschmack, 120g T\u00fcte Zutaten: Zucker, Glukosesirup, S\u00e4uerungsmittel Zitronens\u00e4ure, nat\u00fcrliches Himbeeraroma, Farbstoff: Rote Beete Saftkonzentrat, nat\u00fcrliches Curcuma-Aroma. Im Durchschnitt je 100g: Energie 1541kJ(373kcal), Fett 0g(davon ges\u00e4ttigte Fetts\u00e4uren 0g, Kohlenhydrate 90,26g(davon Zucker 65,2g), Eiwei\u00df 0g, Salz 0g<\/p>\n","protected":false},"featured_media":3959,"comment_status":"closed","ping_status":"closed","template":"","meta":[],"product_brand":[],"product_cat":[76],"product_tag":[],"class_list":{"0":"post-2495","1":"product","2":"type-product","3":"status-publish","4":"has-post-thumbnail","6":"product_cat-bonbons-kekse-schokolade","8":"first","9":"instock","10":"taxable","11":"shipping-taxable","12":"purchasable","13":"product-type-simple"},"_links":{"self":[{"href":"https:\/\/wittmunder-teehus.de\/wp-shop\/wp-json\/wp\/v2\/product\/2495","targetHints":{"allow":["GET"]}}],"collection":[{"href":"https:\/\/wittmunder-teehus.de\/wp-shop\/wp-json\/wp\/v2\/product"}],"about":[{"href":"https:\/\/wittmunder-teehus.de\/wp-shop\/wp-json\/wp\/v2\/types\/product"}],"replies":[{"embeddable":true,"href":"https:\/\/wittmunder-teehus.de\/wp-shop\/wp-json\/wp\/v2\/comments?post=2495"}],"wp:featuredmedia":[{"embeddable":true,"href":"https:\/\/wittmunder-teehus.de\/wp-shop\/wp-json\/wp\/v2\/media\/3959"}],"wp:attachment":[{"href":"https:\/\/wittmunder-teehus.de\/wp-shop\/wp-json\/wp\/v2\/media?parent=2495"}],"wp:term":[{"taxonomy":"product_brand","embeddable":true,"href":"https:\/\/wittmunder-teehus.de\/wp-shop\/wp-json\/wp\/v2\/product_brand?post=2495"},{"taxonomy":"product_cat","embeddable":true,"href":"https:\/\/wittmunder-teehus.de\/wp-shop\/wp-json\/wp\/v2\/product_cat?post=2495"},{"taxonomy":"product_tag","embeddable":true,"href":"https:\/\/wittmunder-teehus.de\/wp-shop\/wp-json\/wp\/v2\/product_tag?post=2495"}],"curies":[{"name":"wp","href":"https:\/\/api.w.org\/{rel}","templated":true}]}}