{"id":2486,"date":"2016-06-19T16:38:50","date_gmt":"2016-06-19T14:38:50","guid":{"rendered":"http:\/\/wittmunder-teehus.de\/wp-shop\/?post_type=product&#038;p=2486"},"modified":"2026-03-11T12:55:13","modified_gmt":"2026-03-11T11:55:13","slug":"friesische-kuehe","status":"publish","type":"product","link":"https:\/\/wittmunder-teehus.de\/wp-shop\/produkt\/friesische-kuehe\/","title":{"rendered":"Friesische K\u00fche"},"content":{"rendered":"<p>Leckere Fruchtgummi-K\u00fche &#8211; Feinste Leckerei, liebevoll verpackt. 130g<\/p>\n<p>Zutaten:Glukosesirup, Zucker, <strong>Magermilchpulver<\/strong>, Gelatine, S\u00e4uerungsmittel: (Zitronens\u00e4ure, Milchs\u00e4ure), Geliermittel: Pektin, Aromen, Lebensmittelfarbe (Holunder-, Schwarze Johannisbeere, Schwarze Karotte, Curcuma, Zitrone, Saflor, Karamellisierter Zuckersirup), \u00dcberzugsmittel: (Bienenwachs, wei\u00df und gelb, Karnaubawachs)<\/p>\n<p>N\u00e4hrwerttabelle<br \/>\n100 g enthalten durchschnittlich:<br \/>\nEnergie 1437kJ\/338kcal<br \/>\nFett 0,2g davon ges\u00e4ttigte Fetts\u00e4uren 0,2g<br \/>\nKohlenhydrate 77g davon Zucker 49g<br \/>\nEiwei\u00df 6,0g Salz &lt; 0,2g<\/p>\n","protected":false},"excerpt":{"rendered":"<p>Leckere Fruchtgummi-K\u00fche &#8211; Feinste Leckerei, liebevoll verpackt. 130g Zutaten:Glukosesirup, Zucker, Magermilchpulver, Gelatine, S\u00e4uerungsmittel: (Zitronens\u00e4ure, Milchs\u00e4ure), Geliermittel: Pektin, Aromen, Lebensmittelfarbe (Holunder-, Schwarze Johannisbeere, Schwarze Karotte, Curcuma, Zitrone, Saflor, Karamellisierter Zuckersirup), \u00dcberzugsmittel: (Bienenwachs, wei\u00df und gelb, Karnaubawachs) N\u00e4hrwerttabelle 100 g enthalten durchschnittlich: Energie 1437kJ\/338kcal Fett 0,2g davon ges\u00e4ttigte Fetts\u00e4uren 0,2g Kohlenhydrate 77g davon Zucker 49g Eiwei\u00df 6,0g [&hellip;]<\/p>\n","protected":false},"featured_media":6140,"comment_status":"closed","ping_status":"closed","template":"","meta":[],"product_brand":[],"product_cat":[76],"product_tag":[],"class_list":{"0":"post-2486","1":"product","2":"type-product","3":"status-publish","4":"has-post-thumbnail","6":"product_cat-bonbons-kekse-schokolade","8":"first","9":"instock","10":"taxable","11":"shipping-taxable","12":"purchasable","13":"product-type-simple"},"_links":{"self":[{"href":"https:\/\/wittmunder-teehus.de\/wp-shop\/wp-json\/wp\/v2\/product\/2486","targetHints":{"allow":["GET"]}}],"collection":[{"href":"https:\/\/wittmunder-teehus.de\/wp-shop\/wp-json\/wp\/v2\/product"}],"about":[{"href":"https:\/\/wittmunder-teehus.de\/wp-shop\/wp-json\/wp\/v2\/types\/product"}],"replies":[{"embeddable":true,"href":"https:\/\/wittmunder-teehus.de\/wp-shop\/wp-json\/wp\/v2\/comments?post=2486"}],"wp:featuredmedia":[{"embeddable":true,"href":"https:\/\/wittmunder-teehus.de\/wp-shop\/wp-json\/wp\/v2\/media\/6140"}],"wp:attachment":[{"href":"https:\/\/wittmunder-teehus.de\/wp-shop\/wp-json\/wp\/v2\/media?parent=2486"}],"wp:term":[{"taxonomy":"product_brand","embeddable":true,"href":"https:\/\/wittmunder-teehus.de\/wp-shop\/wp-json\/wp\/v2\/product_brand?post=2486"},{"taxonomy":"product_cat","embeddable":true,"href":"https:\/\/wittmunder-teehus.de\/wp-shop\/wp-json\/wp\/v2\/product_cat?post=2486"},{"taxonomy":"product_tag","embeddable":true,"href":"https:\/\/wittmunder-teehus.de\/wp-shop\/wp-json\/wp\/v2\/product_tag?post=2486"}],"curies":[{"name":"wp","href":"https:\/\/api.w.org\/{rel}","templated":true}]}}