{"id":2483,"date":"2016-06-19T16:27:03","date_gmt":"2016-06-19T14:27:03","guid":{"rendered":"http:\/\/wittmunder-teehus.de\/wp-shop\/?post_type=product&#038;p=2483"},"modified":"2026-03-11T12:55:13","modified_gmt":"2026-03-11T11:55:13","slug":"schafskoedel","status":"publish","type":"product","link":"https:\/\/wittmunder-teehus.de\/wp-shop\/produkt\/schafskoedel\/","title":{"rendered":"Schafsk\u00f6del"},"content":{"rendered":"<p>Schafsk\u00f6del, Lakritz-Bonbons, 125g<\/p>\n<p>Zutaten: Zucker, Glukosesirup, S\u00fc\u00dfholzwurzelpulver, Ammoniumchlorid,<br \/>\nS\u00fc\u00dfholzwurzelextrakt, Sternanis\u00f6l.<\/p>\n<p>Im Durchschnitt je 100g:<br \/>\nEnergie 1496,8kJ(359,6kcal), Fett 0g(davon ges\u00e4ttigte Fetts\u00e4uren 0g,<br \/>\nKohlenhydrate 87,70g(davon Zucker 86,80g), Eiwei\u00df 0,20g, Salz 0g<\/p>\n","protected":false},"excerpt":{"rendered":"<p>Schafsk\u00f6del, Lakritz-Bonbons, 125g Zutaten: Zucker, Glukosesirup, S\u00fc\u00dfholzwurzelpulver, Ammoniumchlorid, S\u00fc\u00dfholzwurzelextrakt, Sternanis\u00f6l. Im Durchschnitt je 100g: Energie 1496,8kJ(359,6kcal), Fett 0g(davon ges\u00e4ttigte Fetts\u00e4uren 0g, Kohlenhydrate 87,70g(davon Zucker 86,80g), Eiwei\u00df 0,20g, Salz 0g<\/p>\n","protected":false},"featured_media":6563,"comment_status":"closed","ping_status":"closed","template":"","meta":[],"product_brand":[],"product_cat":[76],"product_tag":[],"class_list":{"0":"post-2483","1":"product","2":"type-product","3":"status-publish","4":"has-post-thumbnail","6":"product_cat-bonbons-kekse-schokolade","8":"first","9":"instock","10":"taxable","11":"shipping-taxable","12":"purchasable","13":"product-type-simple"},"_links":{"self":[{"href":"https:\/\/wittmunder-teehus.de\/wp-shop\/wp-json\/wp\/v2\/product\/2483","targetHints":{"allow":["GET"]}}],"collection":[{"href":"https:\/\/wittmunder-teehus.de\/wp-shop\/wp-json\/wp\/v2\/product"}],"about":[{"href":"https:\/\/wittmunder-teehus.de\/wp-shop\/wp-json\/wp\/v2\/types\/product"}],"replies":[{"embeddable":true,"href":"https:\/\/wittmunder-teehus.de\/wp-shop\/wp-json\/wp\/v2\/comments?post=2483"}],"wp:featuredmedia":[{"embeddable":true,"href":"https:\/\/wittmunder-teehus.de\/wp-shop\/wp-json\/wp\/v2\/media\/6563"}],"wp:attachment":[{"href":"https:\/\/wittmunder-teehus.de\/wp-shop\/wp-json\/wp\/v2\/media?parent=2483"}],"wp:term":[{"taxonomy":"product_brand","embeddable":true,"href":"https:\/\/wittmunder-teehus.de\/wp-shop\/wp-json\/wp\/v2\/product_brand?post=2483"},{"taxonomy":"product_cat","embeddable":true,"href":"https:\/\/wittmunder-teehus.de\/wp-shop\/wp-json\/wp\/v2\/product_cat?post=2483"},{"taxonomy":"product_tag","embeddable":true,"href":"https:\/\/wittmunder-teehus.de\/wp-shop\/wp-json\/wp\/v2\/product_tag?post=2483"}],"curies":[{"name":"wp","href":"https:\/\/api.w.org\/{rel}","templated":true}]}}