{"id":2400,"date":"2016-05-17T21:47:30","date_gmt":"2016-05-17T19:47:30","guid":{"rendered":"http:\/\/wittmunder-teehus.de\/wp-shop\/?post_type=product&#038;p=2400"},"modified":"2026-03-11T12:55:13","modified_gmt":"2026-03-11T11:55:13","slug":"doepseldose","status":"publish","type":"product","link":"https:\/\/wittmunder-teehus.de\/wp-shop\/produkt\/doepseldose\/","title":{"rendered":"D\u00f6pseldose"},"content":{"rendered":"<p>D\u00f6pseldosen haben in Ostfriesland eine lange Tradition.<br \/>\nDer Deckel kann als Teema\u00df benutzt werden.<br \/>\nEdelstahl mit Muster in verschiedenen Gr\u00f6\u00dfen.<br \/>\nDie 500g Dose hat noch einen zus\u00e4tzlichen Innenverschlu\u00df.<br \/>\nVon 70g bis 500g erh\u00e4ltlich.<\/p>\n","protected":false},"excerpt":{"rendered":"<p>D\u00f6pseldosen haben in Ostfriesland eine lange Tradition. Der Deckel kann als Teema\u00df benutzt werden. Edelstahl mit Muster in verschiedenen Gr\u00f6\u00dfen. Die 500g Dose hat noch einen zus\u00e4tzlichen Innenverschlu\u00df. Von 70g bis 500g erh\u00e4ltlich.<\/p>\n","protected":false},"featured_media":5026,"comment_status":"closed","ping_status":"closed","template":"","meta":[],"product_brand":[],"product_cat":[86],"product_tag":[],"class_list":{"0":"post-2400","1":"product","2":"type-product","3":"status-publish","4":"has-post-thumbnail","6":"product_cat-dosen","8":"first","9":"instock","10":"taxable","11":"shipping-taxable","12":"purchasable","13":"product-type-variable"},"_links":{"self":[{"href":"https:\/\/wittmunder-teehus.de\/wp-shop\/wp-json\/wp\/v2\/product\/2400","targetHints":{"allow":["GET"]}}],"collection":[{"href":"https:\/\/wittmunder-teehus.de\/wp-shop\/wp-json\/wp\/v2\/product"}],"about":[{"href":"https:\/\/wittmunder-teehus.de\/wp-shop\/wp-json\/wp\/v2\/types\/product"}],"replies":[{"embeddable":true,"href":"https:\/\/wittmunder-teehus.de\/wp-shop\/wp-json\/wp\/v2\/comments?post=2400"}],"wp:featuredmedia":[{"embeddable":true,"href":"https:\/\/wittmunder-teehus.de\/wp-shop\/wp-json\/wp\/v2\/media\/5026"}],"wp:attachment":[{"href":"https:\/\/wittmunder-teehus.de\/wp-shop\/wp-json\/wp\/v2\/media?parent=2400"}],"wp:term":[{"taxonomy":"product_brand","embeddable":true,"href":"https:\/\/wittmunder-teehus.de\/wp-shop\/wp-json\/wp\/v2\/product_brand?post=2400"},{"taxonomy":"product_cat","embeddable":true,"href":"https:\/\/wittmunder-teehus.de\/wp-shop\/wp-json\/wp\/v2\/product_cat?post=2400"},{"taxonomy":"product_tag","embeddable":true,"href":"https:\/\/wittmunder-teehus.de\/wp-shop\/wp-json\/wp\/v2\/product_tag?post=2400"}],"curies":[{"name":"wp","href":"https:\/\/api.w.org\/{rel}","templated":true}]}}