{"id":2396,"date":"2016-05-15T22:04:16","date_gmt":"2016-05-15T20:04:16","guid":{"rendered":"http:\/\/wittmunder-teehus.de\/wp-shop\/?post_type=product&#038;p=2396"},"modified":"2026-03-11T12:55:13","modified_gmt":"2026-03-11T11:55:13","slug":"orangenblueten-honig","status":"publish","type":"product","link":"https:\/\/wittmunder-teehus.de\/wp-shop\/produkt\/orangenblueten-honig\/","title":{"rendered":"Orangenbl\u00fcten-Honig"},"content":{"rendered":"<p>Orangenbl\u00fcten-Honig 50 g Glas<br \/>\nmild und blumig<br \/>\nN\u00e4hrwertangaben je 100g: Brennwert 1283kj\/302kcal<br \/>\nFett &lt;0,0g, davon ges\u00e4ttigte Fetts\u00e4uren &lt;0,0g<br \/>\nKohlenhydrate 75,1g, davon Zucker 75,1g<br \/>\nEiwei\u00df 0,0g, Salz &lt;0,0g<\/p>\n","protected":false},"excerpt":{"rendered":"<p>Orangenbl\u00fcten-Honig 50 g Glas mild und blumig N\u00e4hrwertangaben je 100g: Brennwert 1283kj\/302kcal Fett &lt;0,0g, davon ges\u00e4ttigte Fetts\u00e4uren &lt;0,0g Kohlenhydrate 75,1g, davon Zucker 75,1g Eiwei\u00df 0,0g, Salz &lt;0,0g<\/p>\n","protected":false},"featured_media":8514,"comment_status":"closed","ping_status":"closed","template":"","meta":[],"product_brand":[],"product_cat":[25],"product_tag":[],"class_list":{"0":"post-2396","1":"product","2":"type-product","3":"status-publish","4":"has-post-thumbnail","6":"product_cat-zuckerhonigsirup","8":"first","9":"instock","10":"taxable","11":"shipping-taxable","12":"purchasable","13":"product-type-simple"},"_links":{"self":[{"href":"https:\/\/wittmunder-teehus.de\/wp-shop\/wp-json\/wp\/v2\/product\/2396","targetHints":{"allow":["GET"]}}],"collection":[{"href":"https:\/\/wittmunder-teehus.de\/wp-shop\/wp-json\/wp\/v2\/product"}],"about":[{"href":"https:\/\/wittmunder-teehus.de\/wp-shop\/wp-json\/wp\/v2\/types\/product"}],"replies":[{"embeddable":true,"href":"https:\/\/wittmunder-teehus.de\/wp-shop\/wp-json\/wp\/v2\/comments?post=2396"}],"wp:featuredmedia":[{"embeddable":true,"href":"https:\/\/wittmunder-teehus.de\/wp-shop\/wp-json\/wp\/v2\/media\/8514"}],"wp:attachment":[{"href":"https:\/\/wittmunder-teehus.de\/wp-shop\/wp-json\/wp\/v2\/media?parent=2396"}],"wp:term":[{"taxonomy":"product_brand","embeddable":true,"href":"https:\/\/wittmunder-teehus.de\/wp-shop\/wp-json\/wp\/v2\/product_brand?post=2396"},{"taxonomy":"product_cat","embeddable":true,"href":"https:\/\/wittmunder-teehus.de\/wp-shop\/wp-json\/wp\/v2\/product_cat?post=2396"},{"taxonomy":"product_tag","embeddable":true,"href":"https:\/\/wittmunder-teehus.de\/wp-shop\/wp-json\/wp\/v2\/product_tag?post=2396"}],"curies":[{"name":"wp","href":"https:\/\/api.w.org\/{rel}","templated":true}]}}