{"id":2394,"date":"2016-05-15T21:41:13","date_gmt":"2016-05-15T19:41:13","guid":{"rendered":"http:\/\/wittmunder-teehus.de\/wp-shop\/?post_type=product&#038;p=2394"},"modified":"2026-03-11T12:55:13","modified_gmt":"2026-03-11T11:55:13","slug":"akazienhonig","status":"publish","type":"product","link":"https:\/\/wittmunder-teehus.de\/wp-shop\/produkt\/akazienhonig\/","title":{"rendered":"Akazienhonig"},"content":{"rendered":"<p>100% Akazienhonig zart und mild.<\/p>\n<table id=\"product-attribute-specs-table\" class=\"data table additional-attributes\">\n<tbody>\n<tr class=\"approximate_value\">\n<th class=\"col label\" scope=\"row\">N\u00e4hrwerte<\/th>\n<td class=\"col data\" data-th=\"N\u00e4hrwerte\">pro 100 g<\/td>\n<\/tr>\n<tr class=\"nutritional_energy\">\n<th class=\"col label\" scope=\"row\">Energie<\/th>\n<td class=\"col data\" data-th=\"Energie\">1.283 kJ\/ 302 kcal<\/td>\n<\/tr>\n<tr class=\"nutritional_fat\">\n<th class=\"col label\" scope=\"row\">Fett<\/th>\n<td class=\"col data\" data-th=\"Fett\">0 g<\/td>\n<\/tr>\n<tr class=\"nutritional_saturatedfat\">\n<th class=\"col label\" scope=\"row\">davon ges\u00e4ttigte Fetts\u00e4uren<\/th>\n<td class=\"col data\" data-th=\"davon ges\u00e4ttigte Fetts\u00e4uren\">0 g<\/td>\n<\/tr>\n<tr class=\"nutritional_carbohydrates\">\n<th class=\"col label\" scope=\"row\">Kohlenhydrate<\/th>\n<td class=\"col data\" data-th=\"Kohlenhydrate\">75 g<\/td>\n<\/tr>\n<tr class=\"nutritional_sugar\">\n<th class=\"col label\" scope=\"row\">davon Zucker<\/th>\n<td class=\"col data\" data-th=\"davon Zucker\">74 g<\/td>\n<\/tr>\n<tr class=\"nutritional_protein\">\n<th class=\"col label\" scope=\"row\">Eiwei\u00df<\/th>\n<td class=\"col data\" data-th=\"Eiwei\u00df\">0 g<\/td>\n<\/tr>\n<tr class=\"nutritional_salt\">\n<th class=\"col label\" scope=\"row\">Salz<\/th>\n<td class=\"col data\" data-th=\"Salz\">0 g<\/td>\n<\/tr>\n<\/tbody>\n<\/table>\n","protected":false},"excerpt":{"rendered":"<p>100% Akazienhonig zart und mild. N\u00e4hrwerte pro 100 g Energie 1.283 kJ\/ 302 kcal Fett 0 g davon ges\u00e4ttigte Fetts\u00e4uren 0 g Kohlenhydrate 75 g davon Zucker 74 g Eiwei\u00df 0 g Salz 0 g<\/p>\n","protected":false},"featured_media":8513,"comment_status":"closed","ping_status":"closed","template":"","meta":[],"product_brand":[],"product_cat":[25],"product_tag":[],"class_list":{"0":"post-2394","1":"product","2":"type-product","3":"status-publish","4":"has-post-thumbnail","6":"product_cat-zuckerhonigsirup","8":"first","9":"instock","10":"taxable","11":"shipping-taxable","12":"purchasable","13":"product-type-simple"},"_links":{"self":[{"href":"https:\/\/wittmunder-teehus.de\/wp-shop\/wp-json\/wp\/v2\/product\/2394","targetHints":{"allow":["GET"]}}],"collection":[{"href":"https:\/\/wittmunder-teehus.de\/wp-shop\/wp-json\/wp\/v2\/product"}],"about":[{"href":"https:\/\/wittmunder-teehus.de\/wp-shop\/wp-json\/wp\/v2\/types\/product"}],"replies":[{"embeddable":true,"href":"https:\/\/wittmunder-teehus.de\/wp-shop\/wp-json\/wp\/v2\/comments?post=2394"}],"wp:featuredmedia":[{"embeddable":true,"href":"https:\/\/wittmunder-teehus.de\/wp-shop\/wp-json\/wp\/v2\/media\/8513"}],"wp:attachment":[{"href":"https:\/\/wittmunder-teehus.de\/wp-shop\/wp-json\/wp\/v2\/media?parent=2394"}],"wp:term":[{"taxonomy":"product_brand","embeddable":true,"href":"https:\/\/wittmunder-teehus.de\/wp-shop\/wp-json\/wp\/v2\/product_brand?post=2394"},{"taxonomy":"product_cat","embeddable":true,"href":"https:\/\/wittmunder-teehus.de\/wp-shop\/wp-json\/wp\/v2\/product_cat?post=2394"},{"taxonomy":"product_tag","embeddable":true,"href":"https:\/\/wittmunder-teehus.de\/wp-shop\/wp-json\/wp\/v2\/product_tag?post=2394"}],"curies":[{"name":"wp","href":"https:\/\/api.w.org\/{rel}","templated":true}]}}