{"id":2308,"date":"2016-05-02T16:48:20","date_gmt":"2016-05-02T14:48:20","guid":{"rendered":"http:\/\/wittmunder-teehus.de\/wp-shop\/?post_type=product&#038;p=2308"},"modified":"2026-03-11T12:55:14","modified_gmt":"2026-03-11T11:55:14","slug":"sanddorn-konfituere","status":"publish","type":"product","link":"https:\/\/wittmunder-teehus.de\/wp-shop\/produkt\/sanddorn-konfituere\/","title":{"rendered":"Sanddorn Konfit\u00fcre"},"content":{"rendered":"<p><strong>Handgefertigt<\/strong><br \/>\nHergestellt aus 40g Fr\u00fcchten je 100g, Gesamtzuckergehalt: 65g je 100g<br \/>\nZutaten: Zucker, Sanddornmark 28%, Sanddornsaft 12%,<br \/>\nZitronensaft (aus Konzentrat), S\u00e4uerungsmittel Zitronens\u00e4ure,<br \/>\nGeliermittel Apfel-Pektin<br \/>\nN\u00e4hrwert pro 100g:<br \/>\nBrennwert: 1039kj\/244kcal, Fett: 1,03g, davon ges\u00e4ttigte Fetts\u00e4uren: 0,31g,<br \/>\nKohlenhydrate: 57,00g, davon Zucker: 57,00g,<br \/>\nEiwei\u00df: 0,37g, Salz: 0,01g<\/p>\n","protected":false},"excerpt":{"rendered":"<p>Handgefertigt Hergestellt aus 40g Fr\u00fcchten je 100g, Gesamtzuckergehalt: 65g je 100g Zutaten: Zucker, Sanddornmark 28%, Sanddornsaft 12%, Zitronensaft (aus Konzentrat), S\u00e4uerungsmittel Zitronens\u00e4ure, Geliermittel Apfel-Pektin N\u00e4hrwert pro 100g: Brennwert: 1039kj\/244kcal, Fett: 1,03g, davon ges\u00e4ttigte Fetts\u00e4uren: 0,31g, Kohlenhydrate: 57,00g, davon Zucker: 57,00g, Eiwei\u00df: 0,37g, Salz: 0,01g<\/p>\n","protected":false},"featured_media":5253,"comment_status":"closed","ping_status":"closed","template":"","meta":[],"product_brand":[],"product_cat":[26],"product_tag":[],"class_list":{"0":"post-2308","1":"product","2":"type-product","3":"status-publish","4":"has-post-thumbnail","6":"product_cat-marmeladenkonfitueren","8":"first","9":"instock","10":"taxable","11":"shipping-taxable","12":"purchasable","13":"product-type-variable"},"_links":{"self":[{"href":"https:\/\/wittmunder-teehus.de\/wp-shop\/wp-json\/wp\/v2\/product\/2308","targetHints":{"allow":["GET"]}}],"collection":[{"href":"https:\/\/wittmunder-teehus.de\/wp-shop\/wp-json\/wp\/v2\/product"}],"about":[{"href":"https:\/\/wittmunder-teehus.de\/wp-shop\/wp-json\/wp\/v2\/types\/product"}],"replies":[{"embeddable":true,"href":"https:\/\/wittmunder-teehus.de\/wp-shop\/wp-json\/wp\/v2\/comments?post=2308"}],"wp:featuredmedia":[{"embeddable":true,"href":"https:\/\/wittmunder-teehus.de\/wp-shop\/wp-json\/wp\/v2\/media\/5253"}],"wp:attachment":[{"href":"https:\/\/wittmunder-teehus.de\/wp-shop\/wp-json\/wp\/v2\/media?parent=2308"}],"wp:term":[{"taxonomy":"product_brand","embeddable":true,"href":"https:\/\/wittmunder-teehus.de\/wp-shop\/wp-json\/wp\/v2\/product_brand?post=2308"},{"taxonomy":"product_cat","embeddable":true,"href":"https:\/\/wittmunder-teehus.de\/wp-shop\/wp-json\/wp\/v2\/product_cat?post=2308"},{"taxonomy":"product_tag","embeddable":true,"href":"https:\/\/wittmunder-teehus.de\/wp-shop\/wp-json\/wp\/v2\/product_tag?post=2308"}],"curies":[{"name":"wp","href":"https:\/\/api.w.org\/{rel}","templated":true}]}}