{"id":2101,"date":"2016-04-24T15:56:13","date_gmt":"2016-04-24T13:56:13","guid":{"rendered":"http:\/\/wittmunder-teehus.de\/wp-shop\/?post_type=product&#038;p=2101"},"modified":"2026-03-11T12:58:18","modified_gmt":"2026-03-11T11:58:18","slug":"hkb3-teewaermer-gross","status":"publish","type":"product","link":"https:\/\/wittmunder-teehus.de\/wp-shop\/produkt\/hkb3-teewaermer-gross\/","title":{"rendered":"HKB3 Teew\u00e4rmer, gro\u00df"},"content":{"rendered":"<p>Material: Porzellan<br \/>\nSp\u00fclmaschinenfest<br \/>\nMikrowellengeeignet<\/p>\n<p>F\u00fcr die mittlere und gro\u00dfe Teekanne.<\/p>\n","protected":false},"excerpt":{"rendered":"<p>Material: Porzellan Sp\u00fclmaschinenfest Mikrowellengeeignet F\u00fcr die mittlere und gro\u00dfe Teekanne.<\/p>\n","protected":false},"featured_media":2102,"comment_status":"closed","ping_status":"closed","template":"","meta":[],"product_brand":[],"product_cat":[32],"product_tag":[],"class_list":{"0":"post-2101","1":"product","2":"type-product","3":"status-publish","4":"has-post-thumbnail","6":"product_cat-porzellan","8":"first","9":"instock","10":"taxable","11":"shipping-taxable","12":"purchasable","13":"product-type-simple"},"_links":{"self":[{"href":"https:\/\/wittmunder-teehus.de\/wp-shop\/wp-json\/wp\/v2\/product\/2101","targetHints":{"allow":["GET"]}}],"collection":[{"href":"https:\/\/wittmunder-teehus.de\/wp-shop\/wp-json\/wp\/v2\/product"}],"about":[{"href":"https:\/\/wittmunder-teehus.de\/wp-shop\/wp-json\/wp\/v2\/types\/product"}],"replies":[{"embeddable":true,"href":"https:\/\/wittmunder-teehus.de\/wp-shop\/wp-json\/wp\/v2\/comments?post=2101"}],"wp:featuredmedia":[{"embeddable":true,"href":"https:\/\/wittmunder-teehus.de\/wp-shop\/wp-json\/wp\/v2\/media\/2102"}],"wp:attachment":[{"href":"https:\/\/wittmunder-teehus.de\/wp-shop\/wp-json\/wp\/v2\/media?parent=2101"}],"wp:term":[{"taxonomy":"product_brand","embeddable":true,"href":"https:\/\/wittmunder-teehus.de\/wp-shop\/wp-json\/wp\/v2\/product_brand?post=2101"},{"taxonomy":"product_cat","embeddable":true,"href":"https:\/\/wittmunder-teehus.de\/wp-shop\/wp-json\/wp\/v2\/product_cat?post=2101"},{"taxonomy":"product_tag","embeddable":true,"href":"https:\/\/wittmunder-teehus.de\/wp-shop\/wp-json\/wp\/v2\/product_tag?post=2101"}],"curies":[{"name":"wp","href":"https:\/\/api.w.org\/{rel}","templated":true}]}}