{"id":1994,"date":"2016-03-08T22:53:39","date_gmt":"2016-03-08T21:53:39","guid":{"rendered":"http:\/\/wittmunder-teehus.de\/wp-shop\/?post_type=product&#038;p=1994"},"modified":"2026-03-11T12:58:19","modified_gmt":"2026-03-11T11:58:19","slug":"rote-liebe-neu","status":"publish","type":"product","link":"https:\/\/wittmunder-teehus.de\/wp-shop\/produkt\/rote-liebe-neu\/","title":{"rendered":"Fr\u00fcchtetee Rote Liebe"},"content":{"rendered":"<p>Aromatisierte Fr\u00fcchteteemischung mit dem Geschmack von<br \/>\nreifen Erdbeeren mit Vanilleso\u00dfe.<\/p>\n<p>Zutaten: Apfelst\u00fccke, Hibiscusbl\u00fcten, Granatapfelbl\u00fcten,<br \/>\nCranberries, Himbeerst\u00fccke, Erdbeerst\u00fccke, Aroma. <\/p>\n","protected":false},"excerpt":{"rendered":"<p>Aromatisierte Fr\u00fcchteteemischung mit dem Geschmack von reifen Erdbeeren mit Vanilleso\u00dfe. Zutaten: Apfelst\u00fccke, Hibiscusbl\u00fcten, Granatapfelbl\u00fcten, Cranberries, Himbeerst\u00fccke, Erdbeerst\u00fccke, Aroma.<\/p>\n","protected":false},"featured_media":3597,"comment_status":"closed","ping_status":"closed","template":"","meta":[],"product_brand":[],"product_cat":[50],"product_tag":[],"class_list":{"0":"post-1994","1":"product","2":"type-product","3":"status-publish","4":"has-post-thumbnail","6":"product_cat-fruechtetee","8":"first","9":"instock","10":"taxable","11":"shipping-taxable","12":"purchasable","13":"product-type-variable"},"_links":{"self":[{"href":"https:\/\/wittmunder-teehus.de\/wp-shop\/wp-json\/wp\/v2\/product\/1994","targetHints":{"allow":["GET"]}}],"collection":[{"href":"https:\/\/wittmunder-teehus.de\/wp-shop\/wp-json\/wp\/v2\/product"}],"about":[{"href":"https:\/\/wittmunder-teehus.de\/wp-shop\/wp-json\/wp\/v2\/types\/product"}],"replies":[{"embeddable":true,"href":"https:\/\/wittmunder-teehus.de\/wp-shop\/wp-json\/wp\/v2\/comments?post=1994"}],"wp:featuredmedia":[{"embeddable":true,"href":"https:\/\/wittmunder-teehus.de\/wp-shop\/wp-json\/wp\/v2\/media\/3597"}],"wp:attachment":[{"href":"https:\/\/wittmunder-teehus.de\/wp-shop\/wp-json\/wp\/v2\/media?parent=1994"}],"wp:term":[{"taxonomy":"product_brand","embeddable":true,"href":"https:\/\/wittmunder-teehus.de\/wp-shop\/wp-json\/wp\/v2\/product_brand?post=1994"},{"taxonomy":"product_cat","embeddable":true,"href":"https:\/\/wittmunder-teehus.de\/wp-shop\/wp-json\/wp\/v2\/product_cat?post=1994"},{"taxonomy":"product_tag","embeddable":true,"href":"https:\/\/wittmunder-teehus.de\/wp-shop\/wp-json\/wp\/v2\/product_tag?post=1994"}],"curies":[{"name":"wp","href":"https:\/\/api.w.org\/{rel}","templated":true}]}}