{"id":187,"date":"2015-08-20T13:26:45","date_gmt":"2015-08-20T11:26:45","guid":{"rendered":"http:\/\/wittmunder-teehus.de.w0135315.kasserver.com\/wp-shop\/?post_type=product&#038;p=187"},"modified":"2026-03-11T12:58:31","modified_gmt":"2026-03-11T11:58:31","slug":"vanille-sirup","status":"publish","type":"product","link":"https:\/\/wittmunder-teehus.de\/wp-shop\/produkt\/vanille-sirup\/","title":{"rendered":"Sanddorn-Sirup"},"content":{"rendered":"<p><strong>k<\/strong>lasse.<strong>b<\/strong>estes.<strong>A<\/strong>ngebot<br \/>\nSanddorn-Sirup verfeinert Desserts, Quark, Joghurt, Pudding, Eis,<br \/>\nund M\u00fcslis \u2013 ist aber auch als fruchtige F\u00fcllung von Geb\u00e4ck,<br \/>\nKuchen und Crepes sehr beliebt. Zur Bereitung eines leckeren<br \/>\nMilchshakes einfach in die frische Milch einr\u00fchren \u2013 fertig! Ideal<br \/>\nauch f\u00fcr Longdrinks und als Mixgetr\u00e4nk mit Sekt oder Wodka. 250ml<br \/>\nZutaten: Sanddornsaft, Rohrrohzucker, Zitronensaft (aus Konzentrat)<\/p>\n","protected":false},"excerpt":{"rendered":"<p>klasse.bestes.Angebot Sanddorn-Sirup verfeinert Desserts, Quark, Joghurt, Pudding, Eis, und M\u00fcslis \u2013 ist aber auch als fruchtige F\u00fcllung von Geb\u00e4ck, Kuchen und Crepes sehr beliebt. Zur Bereitung eines leckeren Milchshakes einfach in die frische Milch einr\u00fchren \u2013 fertig! Ideal auch f\u00fcr Longdrinks und als Mixgetr\u00e4nk mit Sekt oder Wodka. 250ml Zutaten: Sanddornsaft, Rohrrohzucker, Zitronensaft (aus Konzentrat)<\/p>\n","protected":false},"featured_media":4178,"comment_status":"closed","ping_status":"closed","template":"","meta":[],"product_brand":[],"product_cat":[25],"product_tag":[],"class_list":{"0":"post-187","1":"product","2":"type-product","3":"status-publish","4":"has-post-thumbnail","6":"product_cat-zuckerhonigsirup","8":"first","9":"instock","10":"taxable","11":"shipping-taxable","12":"purchasable","13":"product-type-simple"},"_links":{"self":[{"href":"https:\/\/wittmunder-teehus.de\/wp-shop\/wp-json\/wp\/v2\/product\/187","targetHints":{"allow":["GET"]}}],"collection":[{"href":"https:\/\/wittmunder-teehus.de\/wp-shop\/wp-json\/wp\/v2\/product"}],"about":[{"href":"https:\/\/wittmunder-teehus.de\/wp-shop\/wp-json\/wp\/v2\/types\/product"}],"replies":[{"embeddable":true,"href":"https:\/\/wittmunder-teehus.de\/wp-shop\/wp-json\/wp\/v2\/comments?post=187"}],"wp:featuredmedia":[{"embeddable":true,"href":"https:\/\/wittmunder-teehus.de\/wp-shop\/wp-json\/wp\/v2\/media\/4178"}],"wp:attachment":[{"href":"https:\/\/wittmunder-teehus.de\/wp-shop\/wp-json\/wp\/v2\/media?parent=187"}],"wp:term":[{"taxonomy":"product_brand","embeddable":true,"href":"https:\/\/wittmunder-teehus.de\/wp-shop\/wp-json\/wp\/v2\/product_brand?post=187"},{"taxonomy":"product_cat","embeddable":true,"href":"https:\/\/wittmunder-teehus.de\/wp-shop\/wp-json\/wp\/v2\/product_cat?post=187"},{"taxonomy":"product_tag","embeddable":true,"href":"https:\/\/wittmunder-teehus.de\/wp-shop\/wp-json\/wp\/v2\/product_tag?post=187"}],"curies":[{"name":"wp","href":"https:\/\/api.w.org\/{rel}","templated":true}]}}