{"id":1753,"date":"2015-12-28T21:49:28","date_gmt":"2015-12-28T20:49:28","guid":{"rendered":"http:\/\/wittmunder-teehus.de\/wp-shop\/?post_type=product&#038;p=1753"},"modified":"2026-03-11T12:58:20","modified_gmt":"2026-03-11T11:58:20","slug":"tropfenfaenger-mit-porzellanfigur","status":"publish","type":"product","link":"https:\/\/wittmunder-teehus.de\/wp-shop\/produkt\/tropfenfaenger-mit-porzellanfigur\/","title":{"rendered":"Tropfenf\u00e4nger mit Porzellanfigur"},"content":{"rendered":"<p>Verschiedene Motive (Katze, Vogel, Schwein, B\u00e4r, Delphin, Eichh\u00f6rnchen, Elefant, Eule, Hase, Pinguin, Segelboot, Koch, Windm\u00fchle, M\u00f6we, Schmetterling und Blumenm\u00e4dchen)<\/p>\n","protected":false},"excerpt":{"rendered":"<p>Verschiedene Motive (Katze, Vogel, Schwein, B\u00e4r, Delphin, Eichh\u00f6rnchen, Elefant, Eule, Hase, Pinguin, Segelboot, Koch, Windm\u00fchle, M\u00f6we, Schmetterling und Blumenm\u00e4dchen)<\/p>\n","protected":false},"featured_media":1754,"comment_status":"closed","ping_status":"closed","template":"","meta":[],"product_brand":[],"product_cat":[24],"product_tag":[],"class_list":{"0":"post-1753","1":"product","2":"type-product","3":"status-publish","4":"has-post-thumbnail","6":"product_cat-teezubehoer","8":"first","9":"instock","10":"taxable","11":"shipping-taxable","12":"purchasable","13":"product-type-simple"},"_links":{"self":[{"href":"https:\/\/wittmunder-teehus.de\/wp-shop\/wp-json\/wp\/v2\/product\/1753","targetHints":{"allow":["GET"]}}],"collection":[{"href":"https:\/\/wittmunder-teehus.de\/wp-shop\/wp-json\/wp\/v2\/product"}],"about":[{"href":"https:\/\/wittmunder-teehus.de\/wp-shop\/wp-json\/wp\/v2\/types\/product"}],"replies":[{"embeddable":true,"href":"https:\/\/wittmunder-teehus.de\/wp-shop\/wp-json\/wp\/v2\/comments?post=1753"}],"wp:featuredmedia":[{"embeddable":true,"href":"https:\/\/wittmunder-teehus.de\/wp-shop\/wp-json\/wp\/v2\/media\/1754"}],"wp:attachment":[{"href":"https:\/\/wittmunder-teehus.de\/wp-shop\/wp-json\/wp\/v2\/media?parent=1753"}],"wp:term":[{"taxonomy":"product_brand","embeddable":true,"href":"https:\/\/wittmunder-teehus.de\/wp-shop\/wp-json\/wp\/v2\/product_brand?post=1753"},{"taxonomy":"product_cat","embeddable":true,"href":"https:\/\/wittmunder-teehus.de\/wp-shop\/wp-json\/wp\/v2\/product_cat?post=1753"},{"taxonomy":"product_tag","embeddable":true,"href":"https:\/\/wittmunder-teehus.de\/wp-shop\/wp-json\/wp\/v2\/product_tag?post=1753"}],"curies":[{"name":"wp","href":"https:\/\/api.w.org\/{rel}","templated":true}]}}