{"id":1711,"date":"2015-12-26T23:04:40","date_gmt":"2015-12-26T22:04:40","guid":{"rendered":"http:\/\/wittmunder-teehus.de\/wp-shop\/?post_type=product&#038;p=1711"},"modified":"2026-03-11T12:58:21","modified_gmt":"2026-03-11T11:58:21","slug":"de-oole-biel-scharfer-ingwer-klein","status":"publish","type":"product","link":"https:\/\/wittmunder-teehus.de\/wp-shop\/produkt\/de-oole-biel-scharfer-ingwer-klein\/","title":{"rendered":"De Oole Biel Scharfer Ingwer gro\u00df"},"content":{"rendered":"<p>Ansatzmischungen f\u00fcr Feinste Friesische Lik\u00f6re zum selber Herstellen.<br \/>\n<strong>Zutaten:<\/strong> Kristallzucker, Apfelst\u00fccke, Hagebuttenschalen, Ingwerwurzel,<br \/>\nwei\u00dfer Kandis, Thai Ingwer Kandiert, Galgant, Ingwer-Orange Bonbon.<br \/>\n<strong>Zubereitung:<\/strong> Zutaten in\u00a0 2,0 Liter Wodka, Korn oder Obstler geben und 4-6 Wochen in ein geschlossenes Gef\u00e4\u00df an einen warmen Ort stellen. Bitte \u00f6fters umr\u00fchren!<br \/>\nDanach durch ein feines Sieb oder Tuch gie\u00dfen und in Flaschen f\u00fcllen.<br \/>\nDer Lik\u00f6r ist nun sofort Genuss fertig.<\/p>\n","protected":false},"excerpt":{"rendered":"<p>Ansatzmischungen f\u00fcr Feinste Friesische Lik\u00f6re zum selber Herstellen. Zutaten: Kristallzucker, Apfelst\u00fccke, Hagebuttenschalen, Ingwerwurzel, wei\u00dfer Kandis, Thai Ingwer Kandiert, Galgant, Ingwer-Orange Bonbon. Zubereitung: Zutaten in\u00a0 2,0 Liter Wodka, Korn oder Obstler geben und 4-6 Wochen in ein geschlossenes Gef\u00e4\u00df an einen warmen Ort stellen. Bitte \u00f6fters umr\u00fchren! Danach durch ein feines Sieb oder Tuch gie\u00dfen und [&hellip;]<\/p>\n","protected":false},"featured_media":5172,"comment_status":"closed","ping_status":"closed","template":"","meta":[],"product_brand":[],"product_cat":[23],"product_tag":[],"class_list":{"0":"post-1711","1":"product","2":"type-product","3":"status-publish","4":"has-post-thumbnail","6":"product_cat-ansatzmischungen","8":"first","9":"instock","10":"taxable","11":"shipping-taxable","12":"purchasable","13":"product-type-simple"},"_links":{"self":[{"href":"https:\/\/wittmunder-teehus.de\/wp-shop\/wp-json\/wp\/v2\/product\/1711","targetHints":{"allow":["GET"]}}],"collection":[{"href":"https:\/\/wittmunder-teehus.de\/wp-shop\/wp-json\/wp\/v2\/product"}],"about":[{"href":"https:\/\/wittmunder-teehus.de\/wp-shop\/wp-json\/wp\/v2\/types\/product"}],"replies":[{"embeddable":true,"href":"https:\/\/wittmunder-teehus.de\/wp-shop\/wp-json\/wp\/v2\/comments?post=1711"}],"wp:featuredmedia":[{"embeddable":true,"href":"https:\/\/wittmunder-teehus.de\/wp-shop\/wp-json\/wp\/v2\/media\/5172"}],"wp:attachment":[{"href":"https:\/\/wittmunder-teehus.de\/wp-shop\/wp-json\/wp\/v2\/media?parent=1711"}],"wp:term":[{"taxonomy":"product_brand","embeddable":true,"href":"https:\/\/wittmunder-teehus.de\/wp-shop\/wp-json\/wp\/v2\/product_brand?post=1711"},{"taxonomy":"product_cat","embeddable":true,"href":"https:\/\/wittmunder-teehus.de\/wp-shop\/wp-json\/wp\/v2\/product_cat?post=1711"},{"taxonomy":"product_tag","embeddable":true,"href":"https:\/\/wittmunder-teehus.de\/wp-shop\/wp-json\/wp\/v2\/product_tag?post=1711"}],"curies":[{"name":"wp","href":"https:\/\/api.w.org\/{rel}","templated":true}]}}