{"id":1528,"date":"2015-12-20T20:11:18","date_gmt":"2015-12-20T19:11:18","guid":{"rendered":"http:\/\/wittmunder-teehus.de\/wp-shop\/?post_type=product&#038;p=1528"},"modified":"2026-03-11T12:58:22","modified_gmt":"2026-03-11T11:58:22","slug":"sanddorn-likoer-naturtrueb-20-vol","status":"publish","type":"product","link":"https:\/\/wittmunder-teehus.de\/wp-shop\/produkt\/sanddorn-likoer-naturtrueb-20-vol\/","title":{"rendered":"Sanddorn Lik\u00f6r naturtr\u00fcb 20% Vol."},"content":{"rendered":"<p>Sanddorn Lik\u00f6r naturtr\u00fcb 20% Vol. mit echtem nat\u00fcrtr\u00fcben Sanddornsaft.<br \/>\nVollsaftiger Lik\u00f6r aus der vitaminreichen Frucht des Sanddornstrauches. S\u00fcffige Spezialit\u00e4t , die man leicht gek\u00fchlt pur genie\u00dft. Farbe: ockergelb.<\/p>\n","protected":false},"excerpt":{"rendered":"<p>Sanddorn Lik\u00f6r naturtr\u00fcb 20% Vol. mit echtem nat\u00fcrtr\u00fcben Sanddornsaft. Vollsaftiger Lik\u00f6r aus der vitaminreichen Frucht des Sanddornstrauches. S\u00fcffige Spezialit\u00e4t , die man leicht gek\u00fchlt pur genie\u00dft. Farbe: ockergelb.<\/p>\n","protected":false},"featured_media":5019,"comment_status":"closed","ping_status":"closed","template":"","meta":[],"product_brand":[],"product_cat":[29],"product_tag":[],"class_list":{"0":"post-1528","1":"product","2":"type-product","3":"status-publish","4":"has-post-thumbnail","6":"product_cat-likoer","8":"first","9":"instock","10":"taxable","11":"shipping-taxable","12":"purchasable","13":"product-type-variable"},"_links":{"self":[{"href":"https:\/\/wittmunder-teehus.de\/wp-shop\/wp-json\/wp\/v2\/product\/1528","targetHints":{"allow":["GET"]}}],"collection":[{"href":"https:\/\/wittmunder-teehus.de\/wp-shop\/wp-json\/wp\/v2\/product"}],"about":[{"href":"https:\/\/wittmunder-teehus.de\/wp-shop\/wp-json\/wp\/v2\/types\/product"}],"replies":[{"embeddable":true,"href":"https:\/\/wittmunder-teehus.de\/wp-shop\/wp-json\/wp\/v2\/comments?post=1528"}],"wp:featuredmedia":[{"embeddable":true,"href":"https:\/\/wittmunder-teehus.de\/wp-shop\/wp-json\/wp\/v2\/media\/5019"}],"wp:attachment":[{"href":"https:\/\/wittmunder-teehus.de\/wp-shop\/wp-json\/wp\/v2\/media?parent=1528"}],"wp:term":[{"taxonomy":"product_brand","embeddable":true,"href":"https:\/\/wittmunder-teehus.de\/wp-shop\/wp-json\/wp\/v2\/product_brand?post=1528"},{"taxonomy":"product_cat","embeddable":true,"href":"https:\/\/wittmunder-teehus.de\/wp-shop\/wp-json\/wp\/v2\/product_cat?post=1528"},{"taxonomy":"product_tag","embeddable":true,"href":"https:\/\/wittmunder-teehus.de\/wp-shop\/wp-json\/wp\/v2\/product_tag?post=1528"}],"curies":[{"name":"wp","href":"https:\/\/api.w.org\/{rel}","templated":true}]}}