{"id":1454,"date":"2015-12-14T22:14:08","date_gmt":"2015-12-14T21:14:08","guid":{"rendered":"http:\/\/wittmunder-teehus.de.w0135315.kasserver.com\/wp-shop\/?post_type=product&#038;p=1454"},"modified":"2026-03-11T12:58:22","modified_gmt":"2026-03-11T11:58:22","slug":"yogi-tee","status":"publish","type":"product","link":"https:\/\/wittmunder-teehus.de\/wp-shop\/produkt\/yogi-tee\/","title":{"rendered":"Yogi \u2013 Tee"},"content":{"rendered":"<p>Der Klassiker unter den ayurvedischen Teesorten entspricht einem alten indischen Rezept.<br \/>\n<strong>Zubereitung:<\/strong> 11g Yogi-Tee in 1 Liter Wasser etwa 30 Minuten k\u00f6cheln lassen,<br \/>\ndurchsieben und mit einem \u00bc Liter Milch verfeinern.<br \/>\n<strong>Zubereitung mit schwarzen Tee:<\/strong> 11g Yogi-Tee in 1 Liter Wasser etwa 30 Minuten k\u00f6cheln<br \/>\nlassen, danach 6g schwarzen Tee zugeben und weitere 5 Minuten ziehen lassen.<br \/>\nDurchsieben und mit Milch verfeinern. Wir empfehlen Ceylon-Tee und zum s\u00fc\u00dfen Honig.<br \/>\nZutaten: Zimt, Ingwer, Brennnesselbl\u00e4tter, Nelken, s\u00fc\u00dfe Brombeerbl\u00e4tter,<br \/>\nKardamomsaat, wei\u00dfer Pfeffer.<\/p>\n","protected":false},"excerpt":{"rendered":"<p>Der Klassiker unter den ayurvedischen Teesorten entspricht einem alten indischen Rezept. Zubereitung: 11g Yogi-Tee in 1 Liter Wasser etwa 30 Minuten k\u00f6cheln lassen, durchsieben und mit einem \u00bc Liter Milch verfeinern. Zubereitung mit schwarzen Tee: 11g Yogi-Tee in 1 Liter Wasser etwa 30 Minuten k\u00f6cheln lassen, danach 6g schwarzen Tee zugeben und weitere 5 Minuten [&hellip;]<\/p>\n","protected":false},"featured_media":4179,"comment_status":"closed","ping_status":"closed","template":"","meta":[],"product_brand":[],"product_cat":[17],"product_tag":[],"class_list":{"0":"post-1454","1":"product","2":"type-product","3":"status-publish","4":"has-post-thumbnail","6":"product_cat-teeliste","8":"first","9":"instock","10":"taxable","11":"shipping-taxable","12":"purchasable","13":"product-type-variable"},"_links":{"self":[{"href":"https:\/\/wittmunder-teehus.de\/wp-shop\/wp-json\/wp\/v2\/product\/1454","targetHints":{"allow":["GET"]}}],"collection":[{"href":"https:\/\/wittmunder-teehus.de\/wp-shop\/wp-json\/wp\/v2\/product"}],"about":[{"href":"https:\/\/wittmunder-teehus.de\/wp-shop\/wp-json\/wp\/v2\/types\/product"}],"replies":[{"embeddable":true,"href":"https:\/\/wittmunder-teehus.de\/wp-shop\/wp-json\/wp\/v2\/comments?post=1454"}],"wp:featuredmedia":[{"embeddable":true,"href":"https:\/\/wittmunder-teehus.de\/wp-shop\/wp-json\/wp\/v2\/media\/4179"}],"wp:attachment":[{"href":"https:\/\/wittmunder-teehus.de\/wp-shop\/wp-json\/wp\/v2\/media?parent=1454"}],"wp:term":[{"taxonomy":"product_brand","embeddable":true,"href":"https:\/\/wittmunder-teehus.de\/wp-shop\/wp-json\/wp\/v2\/product_brand?post=1454"},{"taxonomy":"product_cat","embeddable":true,"href":"https:\/\/wittmunder-teehus.de\/wp-shop\/wp-json\/wp\/v2\/product_cat?post=1454"},{"taxonomy":"product_tag","embeddable":true,"href":"https:\/\/wittmunder-teehus.de\/wp-shop\/wp-json\/wp\/v2\/product_tag?post=1454"}],"curies":[{"name":"wp","href":"https:\/\/api.w.org\/{rel}","templated":true}]}}