{"id":1419,"date":"2015-12-13T22:09:08","date_gmt":"2015-12-13T21:09:08","guid":{"rendered":"http:\/\/wittmunder-teehus.de.w0135315.kasserver.com\/wp-shop\/?post_type=product&#038;p=1419"},"modified":"2026-03-11T12:58:23","modified_gmt":"2026-03-11T11:58:23","slug":"schwarzer-tee-zaubermond","status":"publish","type":"product","link":"https:\/\/wittmunder-teehus.de\/wp-shop\/produkt\/schwarzer-tee-zaubermond\/","title":{"rendered":"Schwarzer Tee Zaubermond"},"content":{"rendered":"<p>Schwarztee-\/Gr\u00fcnteemischung mit Erdbeernote, aromatisiert.<br \/>\nZutaten: Schwarzer Tee, gr\u00fcner Tee, Papayaw\u00fcrfel (Papaya, Zucker),<br \/>\nHagebuttenschalen, Aroma, Sonnenblumenbl\u00fcten, Rosenbl\u00fcten.<\/p>\n<p>Brennwert 12\/3 Fett &lt;0,1 davon ges\u00e4ttigte Fetts\u00e4uren &lt;0,1<br \/>\nKohlenhydrate 0,3 davon Zucker 0,1 Eiwei\u00df 0,2 Salz&lt;0,01<br \/>\nDer Brennwert ist immer in kj\/kcal pro 100ml Tee angegeben.<br \/>\nFett, ges\u00e4ttigte Fetts\u00e4uren, Kohlenhydrate, Zucker, Eiwei\u00df<br \/>\nund Salz in Gramm pro 100ml Tee.<\/p>\n","protected":false},"excerpt":{"rendered":"<p>Schwarztee-\/Gr\u00fcnteemischung mit Erdbeernote, aromatisiert. Zutaten: Schwarzer Tee, gr\u00fcner Tee, Papayaw\u00fcrfel (Papaya, Zucker), Hagebuttenschalen, Aroma, Sonnenblumenbl\u00fcten, Rosenbl\u00fcten. Brennwert 12\/3 Fett &lt;0,1 davon ges\u00e4ttigte Fetts\u00e4uren &lt;0,1 Kohlenhydrate 0,3 davon Zucker 0,1 Eiwei\u00df 0,2 Salz&lt;0,01 Der Brennwert ist immer in kj\/kcal pro 100ml Tee angegeben. Fett, ges\u00e4ttigte Fetts\u00e4uren, Kohlenhydrate, Zucker, Eiwei\u00df und Salz in Gramm pro 100ml Tee.<\/p>\n","protected":false},"featured_media":1424,"comment_status":"closed","ping_status":"closed","template":"","meta":[],"product_brand":[],"product_cat":[53],"product_tag":[],"class_list":{"0":"post-1419","1":"product","2":"type-product","3":"status-publish","4":"has-post-thumbnail","6":"product_cat-schwarztee","8":"first","9":"instock","10":"taxable","11":"shipping-taxable","12":"purchasable","13":"product-type-variable"},"_links":{"self":[{"href":"https:\/\/wittmunder-teehus.de\/wp-shop\/wp-json\/wp\/v2\/product\/1419","targetHints":{"allow":["GET"]}}],"collection":[{"href":"https:\/\/wittmunder-teehus.de\/wp-shop\/wp-json\/wp\/v2\/product"}],"about":[{"href":"https:\/\/wittmunder-teehus.de\/wp-shop\/wp-json\/wp\/v2\/types\/product"}],"replies":[{"embeddable":true,"href":"https:\/\/wittmunder-teehus.de\/wp-shop\/wp-json\/wp\/v2\/comments?post=1419"}],"wp:featuredmedia":[{"embeddable":true,"href":"https:\/\/wittmunder-teehus.de\/wp-shop\/wp-json\/wp\/v2\/media\/1424"}],"wp:attachment":[{"href":"https:\/\/wittmunder-teehus.de\/wp-shop\/wp-json\/wp\/v2\/media?parent=1419"}],"wp:term":[{"taxonomy":"product_brand","embeddable":true,"href":"https:\/\/wittmunder-teehus.de\/wp-shop\/wp-json\/wp\/v2\/product_brand?post=1419"},{"taxonomy":"product_cat","embeddable":true,"href":"https:\/\/wittmunder-teehus.de\/wp-shop\/wp-json\/wp\/v2\/product_cat?post=1419"},{"taxonomy":"product_tag","embeddable":true,"href":"https:\/\/wittmunder-teehus.de\/wp-shop\/wp-json\/wp\/v2\/product_tag?post=1419"}],"curies":[{"name":"wp","href":"https:\/\/api.w.org\/{rel}","templated":true}]}}