{"id":1405,"date":"2015-12-13T21:56:44","date_gmt":"2015-12-13T20:56:44","guid":{"rendered":"http:\/\/wittmunder-teehus.de.w0135315.kasserver.com\/wp-shop\/?post_type=product&#038;p=1405"},"modified":"2026-03-11T12:58:23","modified_gmt":"2026-03-11T11:58:23","slug":"unser-guter-schnupfnasentee","status":"publish","type":"product","link":"https:\/\/wittmunder-teehus.de\/wp-shop\/produkt\/unser-guter-schnupfnasentee\/","title":{"rendered":"Kr\u00e4utertee Unser Guter Schnupf&#8230;..tee"},"content":{"rendered":"<p>Kr\u00e4utertee <strong>k<\/strong>lasse.<strong>b<\/strong>estes.<strong>A<\/strong>ngebot<br \/>\nDas Vitamin C der Hagebuttenschalen und Holunderbeeren k\u00f6nnen das Immunsystem st\u00e4rken<br \/>\nund antioxidativ wirken. Holunderbl\u00fcten k\u00f6nnen schwei\u00dftreibend sein und die Bronchialsekretion<br \/>\nanregen. Die S\u00fc\u00dfholzwurzel kann auswurff\u00f6rdernd sein und gegen Entz\u00fcndungen der oberen<br \/>\nLuftwege wirken. Kamillenbl\u00fcten sind f\u00fcr ihre wundheilende Wirkung bekannt, auch bei<br \/>\nReizzust\u00e4nden der Luftwege. Die Zitronenverbene und die echte Bourbon-Vanille<br \/>\nrunden den Geschmack dieses n\u00fctzlichen Kr\u00e4utertees ab.<br \/>\nZutaten: Hagebuttenschalen, Holunderbeeren, Holunderbl\u00fcten, S\u00fc\u00dfholzwurzel,<br \/>\nZitronenverbene, Kamillenbl\u00fcten, echte Bourbon-Vanille.<\/p>\n","protected":false},"excerpt":{"rendered":"<p>Kr\u00e4utertee klasse.bestes.Angebot Das Vitamin C der Hagebuttenschalen und Holunderbeeren k\u00f6nnen das Immunsystem st\u00e4rken und antioxidativ wirken. Holunderbl\u00fcten k\u00f6nnen schwei\u00dftreibend sein und die Bronchialsekretion anregen. Die S\u00fc\u00dfholzwurzel kann auswurff\u00f6rdernd sein und gegen Entz\u00fcndungen der oberen Luftwege wirken. Kamillenbl\u00fcten sind f\u00fcr ihre wundheilende Wirkung bekannt, auch bei Reizzust\u00e4nden der Luftwege. Die Zitronenverbene und die echte Bourbon-Vanille runden [&hellip;]<\/p>\n","protected":false},"featured_media":4180,"comment_status":"closed","ping_status":"closed","template":"","meta":[],"product_brand":[],"product_cat":[17],"product_tag":[],"class_list":{"0":"post-1405","1":"product","2":"type-product","3":"status-publish","4":"has-post-thumbnail","6":"product_cat-teeliste","8":"first","9":"instock","10":"taxable","11":"shipping-taxable","12":"purchasable","13":"product-type-variable"},"_links":{"self":[{"href":"https:\/\/wittmunder-teehus.de\/wp-shop\/wp-json\/wp\/v2\/product\/1405","targetHints":{"allow":["GET"]}}],"collection":[{"href":"https:\/\/wittmunder-teehus.de\/wp-shop\/wp-json\/wp\/v2\/product"}],"about":[{"href":"https:\/\/wittmunder-teehus.de\/wp-shop\/wp-json\/wp\/v2\/types\/product"}],"replies":[{"embeddable":true,"href":"https:\/\/wittmunder-teehus.de\/wp-shop\/wp-json\/wp\/v2\/comments?post=1405"}],"wp:featuredmedia":[{"embeddable":true,"href":"https:\/\/wittmunder-teehus.de\/wp-shop\/wp-json\/wp\/v2\/media\/4180"}],"wp:attachment":[{"href":"https:\/\/wittmunder-teehus.de\/wp-shop\/wp-json\/wp\/v2\/media?parent=1405"}],"wp:term":[{"taxonomy":"product_brand","embeddable":true,"href":"https:\/\/wittmunder-teehus.de\/wp-shop\/wp-json\/wp\/v2\/product_brand?post=1405"},{"taxonomy":"product_cat","embeddable":true,"href":"https:\/\/wittmunder-teehus.de\/wp-shop\/wp-json\/wp\/v2\/product_cat?post=1405"},{"taxonomy":"product_tag","embeddable":true,"href":"https:\/\/wittmunder-teehus.de\/wp-shop\/wp-json\/wp\/v2\/product_tag?post=1405"}],"curies":[{"name":"wp","href":"https:\/\/api.w.org\/{rel}","templated":true}]}}