{"id":1386,"date":"2015-12-13T21:40:16","date_gmt":"2015-12-13T20:40:16","guid":{"rendered":"http:\/\/wittmunder-teehus.de.w0135315.kasserver.com\/wp-shop\/?post_type=product&#038;p=1386"},"modified":"2026-03-11T12:58:23","modified_gmt":"2026-03-11T11:58:23","slug":"unser-hauskraeutertee","status":"publish","type":"product","link":"https:\/\/wittmunder-teehus.de\/wp-shop\/produkt\/unser-hauskraeutertee\/","title":{"rendered":"Unser Hauskr\u00e4utertee"},"content":{"rendered":"<p>Kr\u00e4utertee <strong>k<\/strong>lasse.<strong>b<\/strong>estes.<strong>A<\/strong>ngebot<br \/>\nZutaten: Zitronengras, Apfelst\u00fccke, Gr\u00fcner Rooibos, Pfefferminzbl\u00e4tter, Zitronenverbene,<br \/>\nHolunderbl\u00fcten, Ringelblumenbl\u00fcten, Kornblumenbl\u00fcten.<\/p>\n","protected":false},"excerpt":{"rendered":"<p>Kr\u00e4utertee klasse.bestes.Angebot Zutaten: Zitronengras, Apfelst\u00fccke, Gr\u00fcner Rooibos, Pfefferminzbl\u00e4tter, Zitronenverbene, Holunderbl\u00fcten, Ringelblumenbl\u00fcten, Kornblumenbl\u00fcten.<\/p>\n","protected":false},"featured_media":4149,"comment_status":"closed","ping_status":"closed","template":"","meta":[],"product_brand":[],"product_cat":[17],"product_tag":[],"class_list":{"0":"post-1386","1":"product","2":"type-product","3":"status-publish","4":"has-post-thumbnail","6":"product_cat-teeliste","8":"first","9":"instock","10":"taxable","11":"shipping-taxable","12":"purchasable","13":"product-type-variable"},"_links":{"self":[{"href":"https:\/\/wittmunder-teehus.de\/wp-shop\/wp-json\/wp\/v2\/product\/1386","targetHints":{"allow":["GET"]}}],"collection":[{"href":"https:\/\/wittmunder-teehus.de\/wp-shop\/wp-json\/wp\/v2\/product"}],"about":[{"href":"https:\/\/wittmunder-teehus.de\/wp-shop\/wp-json\/wp\/v2\/types\/product"}],"replies":[{"embeddable":true,"href":"https:\/\/wittmunder-teehus.de\/wp-shop\/wp-json\/wp\/v2\/comments?post=1386"}],"wp:featuredmedia":[{"embeddable":true,"href":"https:\/\/wittmunder-teehus.de\/wp-shop\/wp-json\/wp\/v2\/media\/4149"}],"wp:attachment":[{"href":"https:\/\/wittmunder-teehus.de\/wp-shop\/wp-json\/wp\/v2\/media?parent=1386"}],"wp:term":[{"taxonomy":"product_brand","embeddable":true,"href":"https:\/\/wittmunder-teehus.de\/wp-shop\/wp-json\/wp\/v2\/product_brand?post=1386"},{"taxonomy":"product_cat","embeddable":true,"href":"https:\/\/wittmunder-teehus.de\/wp-shop\/wp-json\/wp\/v2\/product_cat?post=1386"},{"taxonomy":"product_tag","embeddable":true,"href":"https:\/\/wittmunder-teehus.de\/wp-shop\/wp-json\/wp\/v2\/product_tag?post=1386"}],"curies":[{"name":"wp","href":"https:\/\/api.w.org\/{rel}","templated":true}]}}