{"id":1362,"date":"2015-12-13T21:17:20","date_gmt":"2015-12-13T20:17:20","guid":{"rendered":"http:\/\/wittmunder-teehus.de.w0135315.kasserver.com\/wp-shop\/?post_type=product&#038;p=1362"},"modified":"2026-03-11T12:58:23","modified_gmt":"2026-03-11T11:58:23","slug":"mir-gehts-gut-tee","status":"publish","type":"product","link":"https:\/\/wittmunder-teehus.de\/wp-shop\/produkt\/mir-gehts-gut-tee\/","title":{"rendered":"Rooibos Tee Mir geht`s gut Tee"},"content":{"rendered":"<p>Rotbuschtee mit w\u00fcrzig-s\u00fc\u00dflichem Zitrusgeschmack.<br \/>\nZutaten: Rooibostee, Karottenst\u00fccke, Rote Beetest\u00fccke,<br \/>\nZitronenschale, Lemmongras, Ingwerst\u00fccke.<\/p>\n","protected":false},"excerpt":{"rendered":"<p>Rotbuschtee mit w\u00fcrzig-s\u00fc\u00dflichem Zitrusgeschmack. Zutaten: Rooibostee, Karottenst\u00fccke, Rote Beetest\u00fccke, Zitronenschale, Lemmongras, Ingwerst\u00fccke.<\/p>\n","protected":false},"featured_media":1367,"comment_status":"closed","ping_status":"closed","template":"","meta":[],"product_brand":[],"product_cat":[52],"product_tag":[],"class_list":{"0":"post-1362","1":"product","2":"type-product","3":"status-publish","4":"has-post-thumbnail","6":"product_cat-rooibos-tee","8":"first","9":"instock","10":"taxable","11":"shipping-taxable","12":"purchasable","13":"product-type-variable"},"_links":{"self":[{"href":"https:\/\/wittmunder-teehus.de\/wp-shop\/wp-json\/wp\/v2\/product\/1362","targetHints":{"allow":["GET"]}}],"collection":[{"href":"https:\/\/wittmunder-teehus.de\/wp-shop\/wp-json\/wp\/v2\/product"}],"about":[{"href":"https:\/\/wittmunder-teehus.de\/wp-shop\/wp-json\/wp\/v2\/types\/product"}],"replies":[{"embeddable":true,"href":"https:\/\/wittmunder-teehus.de\/wp-shop\/wp-json\/wp\/v2\/comments?post=1362"}],"wp:featuredmedia":[{"embeddable":true,"href":"https:\/\/wittmunder-teehus.de\/wp-shop\/wp-json\/wp\/v2\/media\/1367"}],"wp:attachment":[{"href":"https:\/\/wittmunder-teehus.de\/wp-shop\/wp-json\/wp\/v2\/media?parent=1362"}],"wp:term":[{"taxonomy":"product_brand","embeddable":true,"href":"https:\/\/wittmunder-teehus.de\/wp-shop\/wp-json\/wp\/v2\/product_brand?post=1362"},{"taxonomy":"product_cat","embeddable":true,"href":"https:\/\/wittmunder-teehus.de\/wp-shop\/wp-json\/wp\/v2\/product_cat?post=1362"},{"taxonomy":"product_tag","embeddable":true,"href":"https:\/\/wittmunder-teehus.de\/wp-shop\/wp-json\/wp\/v2\/product_tag?post=1362"}],"curies":[{"name":"wp","href":"https:\/\/api.w.org\/{rel}","templated":true}]}}