{"id":1299,"date":"2015-12-13T20:13:59","date_gmt":"2015-12-13T19:13:59","guid":{"rendered":"http:\/\/wittmunder-teehus.de.w0135315.kasserver.com\/wp-shop\/?post_type=product&#038;p=1299"},"modified":"2026-03-11T12:58:23","modified_gmt":"2026-03-11T11:58:23","slug":"wattenmeer","status":"publish","type":"product","link":"https:\/\/wittmunder-teehus.de\/wp-shop\/produkt\/wattenmeer\/","title":{"rendered":"Fr\u00fcchtetee Wattenmeer"},"content":{"rendered":"<p>Fr\u00fcchtetee Wattenmeer, aus dem Weltnaturerbe<br \/>\nNat\u00fcrlich aromatisierte Fr\u00fcchteteemischung mit Heidelbeer-Fruchtmixgeschmack.<br \/>\nZutaten: Apfelst\u00fccke, Hibiscusbl\u00fcten, Hagebuttenschalen, Sanddornbeeren geschnitten,<br \/>\nHimbeerbl\u00e4tter, Cranberries, Lemongras, nat\u00fcrliches Aroma. <\/p>\n","protected":false},"excerpt":{"rendered":"<p>Fr\u00fcchtetee Wattenmeer, aus dem Weltnaturerbe Nat\u00fcrlich aromatisierte Fr\u00fcchteteemischung mit Heidelbeer-Fruchtmixgeschmack. Zutaten: Apfelst\u00fccke, Hibiscusbl\u00fcten, Hagebuttenschalen, Sanddornbeeren geschnitten, Himbeerbl\u00e4tter, Cranberries, Lemongras, nat\u00fcrliches Aroma.<\/p>\n","protected":false},"featured_media":1310,"comment_status":"closed","ping_status":"closed","template":"","meta":[],"product_brand":[],"product_cat":[50],"product_tag":[],"class_list":{"0":"post-1299","1":"product","2":"type-product","3":"status-publish","4":"has-post-thumbnail","6":"product_cat-fruechtetee","8":"first","9":"instock","10":"taxable","11":"shipping-taxable","12":"purchasable","13":"product-type-variable"},"_links":{"self":[{"href":"https:\/\/wittmunder-teehus.de\/wp-shop\/wp-json\/wp\/v2\/product\/1299","targetHints":{"allow":["GET"]}}],"collection":[{"href":"https:\/\/wittmunder-teehus.de\/wp-shop\/wp-json\/wp\/v2\/product"}],"about":[{"href":"https:\/\/wittmunder-teehus.de\/wp-shop\/wp-json\/wp\/v2\/types\/product"}],"replies":[{"embeddable":true,"href":"https:\/\/wittmunder-teehus.de\/wp-shop\/wp-json\/wp\/v2\/comments?post=1299"}],"wp:featuredmedia":[{"embeddable":true,"href":"https:\/\/wittmunder-teehus.de\/wp-shop\/wp-json\/wp\/v2\/media\/1310"}],"wp:attachment":[{"href":"https:\/\/wittmunder-teehus.de\/wp-shop\/wp-json\/wp\/v2\/media?parent=1299"}],"wp:term":[{"taxonomy":"product_brand","embeddable":true,"href":"https:\/\/wittmunder-teehus.de\/wp-shop\/wp-json\/wp\/v2\/product_brand?post=1299"},{"taxonomy":"product_cat","embeddable":true,"href":"https:\/\/wittmunder-teehus.de\/wp-shop\/wp-json\/wp\/v2\/product_cat?post=1299"},{"taxonomy":"product_tag","embeddable":true,"href":"https:\/\/wittmunder-teehus.de\/wp-shop\/wp-json\/wp\/v2\/product_tag?post=1299"}],"curies":[{"name":"wp","href":"https:\/\/api.w.org\/{rel}","templated":true}]}}