{"id":1258,"date":"2015-12-13T18:25:59","date_gmt":"2015-12-13T17:25:59","guid":{"rendered":"http:\/\/wittmunder-teehus.de.w0135315.kasserver.com\/wp-shop\/?post_type=product&#038;p=1258"},"modified":"2026-03-11T12:58:24","modified_gmt":"2026-03-11T11:58:24","slug":"schwarzer-tee-waldhimbeer-blutorange","status":"publish","type":"product","link":"https:\/\/wittmunder-teehus.de\/wp-shop\/produkt\/schwarzer-tee-waldhimbeer-blutorange\/","title":{"rendered":"Schwarzer Tee Waldhimbeer-Blutorange"},"content":{"rendered":"<p>Aromatisierter schwarzer Tee.<br \/>\nZutaten: Schwarzer Tee, Rotsandelholz, Orangenschale, Katzenpf\u00f6tchen,<br \/>\nHimbeerst\u00fccke, Malvenbl\u00fcten, rosa Kornblumenbl\u00fctenbl\u00e4tter, Aroma.<\/p>\n","protected":false},"excerpt":{"rendered":"<p>Aromatisierter schwarzer Tee. Zutaten: Schwarzer Tee, Rotsandelholz, Orangenschale, Katzenpf\u00f6tchen, Himbeerst\u00fccke, Malvenbl\u00fcten, rosa Kornblumenbl\u00fctenbl\u00e4tter, Aroma.<\/p>\n","protected":false},"featured_media":1263,"comment_status":"closed","ping_status":"closed","template":"","meta":[],"product_brand":[],"product_cat":[53],"product_tag":[],"class_list":{"0":"post-1258","1":"product","2":"type-product","3":"status-publish","4":"has-post-thumbnail","6":"product_cat-schwarztee","8":"first","9":"instock","10":"taxable","11":"shipping-taxable","12":"purchasable","13":"product-type-variable"},"_links":{"self":[{"href":"https:\/\/wittmunder-teehus.de\/wp-shop\/wp-json\/wp\/v2\/product\/1258","targetHints":{"allow":["GET"]}}],"collection":[{"href":"https:\/\/wittmunder-teehus.de\/wp-shop\/wp-json\/wp\/v2\/product"}],"about":[{"href":"https:\/\/wittmunder-teehus.de\/wp-shop\/wp-json\/wp\/v2\/types\/product"}],"replies":[{"embeddable":true,"href":"https:\/\/wittmunder-teehus.de\/wp-shop\/wp-json\/wp\/v2\/comments?post=1258"}],"wp:featuredmedia":[{"embeddable":true,"href":"https:\/\/wittmunder-teehus.de\/wp-shop\/wp-json\/wp\/v2\/media\/1263"}],"wp:attachment":[{"href":"https:\/\/wittmunder-teehus.de\/wp-shop\/wp-json\/wp\/v2\/media?parent=1258"}],"wp:term":[{"taxonomy":"product_brand","embeddable":true,"href":"https:\/\/wittmunder-teehus.de\/wp-shop\/wp-json\/wp\/v2\/product_brand?post=1258"},{"taxonomy":"product_cat","embeddable":true,"href":"https:\/\/wittmunder-teehus.de\/wp-shop\/wp-json\/wp\/v2\/product_cat?post=1258"},{"taxonomy":"product_tag","embeddable":true,"href":"https:\/\/wittmunder-teehus.de\/wp-shop\/wp-json\/wp\/v2\/product_tag?post=1258"}],"curies":[{"name":"wp","href":"https:\/\/api.w.org\/{rel}","templated":true}]}}