{"id":1241,"date":"2015-12-13T17:46:14","date_gmt":"2015-12-13T16:46:14","guid":{"rendered":"http:\/\/wittmunder-teehus.de.w0135315.kasserver.com\/wp-shop\/?post_type=product&#038;p=1241"},"modified":"2026-03-11T12:58:24","modified_gmt":"2026-03-11T11:58:24","slug":"fruechtetee-sanddorn-cranberry","status":"publish","type":"product","link":"https:\/\/wittmunder-teehus.de\/wp-shop\/produkt\/fruechtetee-sanddorn-cranberry\/","title":{"rendered":"Fr\u00fcchtetee Sanddorn-Cranberry"},"content":{"rendered":"<p>Aromatisierte Fr\u00fcchteteemischung<br \/>\nZutaten: Hibiscusbl\u00fcten, Hagebuttenschalen, Apfelst\u00fccke, Cranberries,<br \/>\n         Sanddornbeeren geschnitten, Sonnenblumenbl\u00fctenbl\u00e4tter,<br \/>\n         Ringelblumenbl\u00fcten, Aroma. <\/p>\n","protected":false},"excerpt":{"rendered":"<p>Aromatisierte Fr\u00fcchteteemischung Zutaten: Hibiscusbl\u00fcten, Hagebuttenschalen, Apfelst\u00fccke, Cranberries, Sanddornbeeren geschnitten, Sonnenblumenbl\u00fctenbl\u00e4tter, Ringelblumenbl\u00fcten, Aroma.<\/p>\n","protected":false},"featured_media":3990,"comment_status":"closed","ping_status":"closed","template":"","meta":[],"product_brand":[],"product_cat":[50],"product_tag":[],"class_list":{"0":"post-1241","1":"product","2":"type-product","3":"status-publish","4":"has-post-thumbnail","6":"product_cat-fruechtetee","8":"first","9":"instock","10":"taxable","11":"shipping-taxable","12":"purchasable","13":"product-type-variable"},"_links":{"self":[{"href":"https:\/\/wittmunder-teehus.de\/wp-shop\/wp-json\/wp\/v2\/product\/1241","targetHints":{"allow":["GET"]}}],"collection":[{"href":"https:\/\/wittmunder-teehus.de\/wp-shop\/wp-json\/wp\/v2\/product"}],"about":[{"href":"https:\/\/wittmunder-teehus.de\/wp-shop\/wp-json\/wp\/v2\/types\/product"}],"replies":[{"embeddable":true,"href":"https:\/\/wittmunder-teehus.de\/wp-shop\/wp-json\/wp\/v2\/comments?post=1241"}],"wp:featuredmedia":[{"embeddable":true,"href":"https:\/\/wittmunder-teehus.de\/wp-shop\/wp-json\/wp\/v2\/media\/3990"}],"wp:attachment":[{"href":"https:\/\/wittmunder-teehus.de\/wp-shop\/wp-json\/wp\/v2\/media?parent=1241"}],"wp:term":[{"taxonomy":"product_brand","embeddable":true,"href":"https:\/\/wittmunder-teehus.de\/wp-shop\/wp-json\/wp\/v2\/product_brand?post=1241"},{"taxonomy":"product_cat","embeddable":true,"href":"https:\/\/wittmunder-teehus.de\/wp-shop\/wp-json\/wp\/v2\/product_cat?post=1241"},{"taxonomy":"product_tag","embeddable":true,"href":"https:\/\/wittmunder-teehus.de\/wp-shop\/wp-json\/wp\/v2\/product_tag?post=1241"}],"curies":[{"name":"wp","href":"https:\/\/api.w.org\/{rel}","templated":true}]}}