{"id":1173,"date":"2015-12-09T20:00:36","date_gmt":"2015-12-09T19:00:36","guid":{"rendered":"http:\/\/wittmunder-teehus.de.w0135315.kasserver.com\/wp-shop\/?post_type=product&#038;p=1173"},"modified":"2026-03-11T12:58:24","modified_gmt":"2026-03-11T11:58:24","slug":"7-chakren","status":"publish","type":"product","link":"https:\/\/wittmunder-teehus.de\/wp-shop\/produkt\/7-chakren\/","title":{"rendered":"Kr\u00e4utertee 7 Chakren"},"content":{"rendered":"<p>Kr\u00e4uterteemischung 7 Chakren\u00a0\u00a0 <strong>k<\/strong>lasse.<strong>b<\/strong>estes.<strong>A<\/strong>ngebot<br \/>\nDer ideale Gef\u00e4hrte f\u00fcr Teeliebhaber auf der Suche nach Balance und St\u00e4rkung.<br \/>\nZutaten: Zimtst\u00fccke, Ingwerst\u00fccke, Fenchel, ganze Nelken, Himbeerbl\u00e4tter, schwarze Pfefferk\u00f6rner,<br \/>\nKurkumascheiben, ganzer Kardamom, rosa Rosenbl\u00fcten.<\/p>\n","protected":false},"excerpt":{"rendered":"<p>Kr\u00e4uterteemischung 7 Chakren\u00a0\u00a0 klasse.bestes.Angebot Der ideale Gef\u00e4hrte f\u00fcr Teeliebhaber auf der Suche nach Balance und St\u00e4rkung. Zutaten: Zimtst\u00fccke, Ingwerst\u00fccke, Fenchel, ganze Nelken, Himbeerbl\u00e4tter, schwarze Pfefferk\u00f6rner, Kurkumascheiben, ganzer Kardamom, rosa Rosenbl\u00fcten.<\/p>\n","protected":false},"featured_media":5207,"comment_status":"closed","ping_status":"closed","template":"","meta":[],"product_brand":[],"product_cat":[17],"product_tag":[],"class_list":{"0":"post-1173","1":"product","2":"type-product","3":"status-publish","4":"has-post-thumbnail","6":"product_cat-teeliste","8":"first","9":"instock","10":"taxable","11":"shipping-taxable","12":"purchasable","13":"product-type-variable"},"_links":{"self":[{"href":"https:\/\/wittmunder-teehus.de\/wp-shop\/wp-json\/wp\/v2\/product\/1173","targetHints":{"allow":["GET"]}}],"collection":[{"href":"https:\/\/wittmunder-teehus.de\/wp-shop\/wp-json\/wp\/v2\/product"}],"about":[{"href":"https:\/\/wittmunder-teehus.de\/wp-shop\/wp-json\/wp\/v2\/types\/product"}],"replies":[{"embeddable":true,"href":"https:\/\/wittmunder-teehus.de\/wp-shop\/wp-json\/wp\/v2\/comments?post=1173"}],"wp:featuredmedia":[{"embeddable":true,"href":"https:\/\/wittmunder-teehus.de\/wp-shop\/wp-json\/wp\/v2\/media\/5207"}],"wp:attachment":[{"href":"https:\/\/wittmunder-teehus.de\/wp-shop\/wp-json\/wp\/v2\/media?parent=1173"}],"wp:term":[{"taxonomy":"product_brand","embeddable":true,"href":"https:\/\/wittmunder-teehus.de\/wp-shop\/wp-json\/wp\/v2\/product_brand?post=1173"},{"taxonomy":"product_cat","embeddable":true,"href":"https:\/\/wittmunder-teehus.de\/wp-shop\/wp-json\/wp\/v2\/product_cat?post=1173"},{"taxonomy":"product_tag","embeddable":true,"href":"https:\/\/wittmunder-teehus.de\/wp-shop\/wp-json\/wp\/v2\/product_tag?post=1173"}],"curies":[{"name":"wp","href":"https:\/\/api.w.org\/{rel}","templated":true}]}}