{"id":1129,"date":"2015-12-09T18:13:07","date_gmt":"2015-12-09T17:13:07","guid":{"rendered":"http:\/\/wittmunder-teehus.de.w0135315.kasserver.com\/wp-shop\/?post_type=product&#038;p=1129"},"modified":"2026-03-11T12:58:24","modified_gmt":"2026-03-11T11:58:24","slug":"friesische-gluecksgefuehle-neu","status":"publish","type":"product","link":"https:\/\/wittmunder-teehus.de\/wp-shop\/produkt\/friesische-gluecksgefuehle-neu\/","title":{"rendered":"Kr\u00fctertee Friesische Gl\u00fccksgef\u00fchle"},"content":{"rendered":"<p>Nat\u00fcrlich aromatisierter Kr\u00e4utertee mit fr\u00f6hlichem Mandarine-Zitrus-Geschmack.<br \/>\nZutaten: Apfelst\u00fccke, Lemongras, Karottenst\u00fccke, Zitronenschale, Minzbl\u00e4tter, Vanillest\u00fccke,<br \/>\nBirken-, Heidelbeer-, Brombeerbl\u00e4tter, Brombeeren, Erdbeerscheiben,<br \/>\nnat\u00fcrliches Aroma, Kirschst\u00fccke, Kamillenbl\u00fcten.<\/p>\n","protected":false},"excerpt":{"rendered":"<p>Nat\u00fcrlich aromatisierter Kr\u00e4utertee mit fr\u00f6hlichem Mandarine-Zitrus-Geschmack. Zutaten: Apfelst\u00fccke, Lemongras, Karottenst\u00fccke, Zitronenschale, Minzbl\u00e4tter, Vanillest\u00fccke, Birken-, Heidelbeer-, Brombeerbl\u00e4tter, Brombeeren, Erdbeerscheiben, nat\u00fcrliches Aroma, Kirschst\u00fccke, Kamillenbl\u00fcten.<\/p>\n","protected":false},"featured_media":1790,"comment_status":"closed","ping_status":"closed","template":"","meta":[],"product_brand":[],"product_cat":[17],"product_tag":[],"class_list":{"0":"post-1129","1":"product","2":"type-product","3":"status-publish","4":"has-post-thumbnail","6":"product_cat-teeliste","8":"first","9":"instock","10":"taxable","11":"shipping-taxable","12":"purchasable","13":"product-type-variable"},"_links":{"self":[{"href":"https:\/\/wittmunder-teehus.de\/wp-shop\/wp-json\/wp\/v2\/product\/1129","targetHints":{"allow":["GET"]}}],"collection":[{"href":"https:\/\/wittmunder-teehus.de\/wp-shop\/wp-json\/wp\/v2\/product"}],"about":[{"href":"https:\/\/wittmunder-teehus.de\/wp-shop\/wp-json\/wp\/v2\/types\/product"}],"replies":[{"embeddable":true,"href":"https:\/\/wittmunder-teehus.de\/wp-shop\/wp-json\/wp\/v2\/comments?post=1129"}],"wp:featuredmedia":[{"embeddable":true,"href":"https:\/\/wittmunder-teehus.de\/wp-shop\/wp-json\/wp\/v2\/media\/1790"}],"wp:attachment":[{"href":"https:\/\/wittmunder-teehus.de\/wp-shop\/wp-json\/wp\/v2\/media?parent=1129"}],"wp:term":[{"taxonomy":"product_brand","embeddable":true,"href":"https:\/\/wittmunder-teehus.de\/wp-shop\/wp-json\/wp\/v2\/product_brand?post=1129"},{"taxonomy":"product_cat","embeddable":true,"href":"https:\/\/wittmunder-teehus.de\/wp-shop\/wp-json\/wp\/v2\/product_cat?post=1129"},{"taxonomy":"product_tag","embeddable":true,"href":"https:\/\/wittmunder-teehus.de\/wp-shop\/wp-json\/wp\/v2\/product_tag?post=1129"}],"curies":[{"name":"wp","href":"https:\/\/api.w.org\/{rel}","templated":true}]}}