{"id":1123,"date":"2015-12-09T18:02:24","date_gmt":"2015-12-09T17:02:24","guid":{"rendered":"http:\/\/wittmunder-teehus.de.w0135315.kasserver.com\/wp-shop\/?post_type=product&#038;p=1123"},"modified":"2026-03-11T12:58:24","modified_gmt":"2026-03-11T11:58:24","slug":"power-frauen-frauen-tee","status":"publish","type":"product","link":"https:\/\/wittmunder-teehus.de\/wp-shop\/produkt\/power-frauen-frauen-tee\/","title":{"rendered":"Kr\u00e4utertee Power Frauen (Frauen-Tee)"},"content":{"rendered":"<p>Zutaten: Rotbuschtee, Apfelst\u00fccke, Anis, Zimtst\u00fccke, Mate gr\u00fcn, Kamillenbl\u00fcten, Ingwer, Fenchel,<br \/>\nPfeffer schwarz, Himbeerbl\u00e4tter, Orangenschale, Sonnenblumenbl\u00fcten-,<br \/>\nKornblumenbl\u00fctenbl\u00e4tter, G\u00e4nsebl\u00fcmchen, Nelken.<\/p>\n","protected":false},"excerpt":{"rendered":"<p>Zutaten: Rotbuschtee, Apfelst\u00fccke, Anis, Zimtst\u00fccke, Mate gr\u00fcn, Kamillenbl\u00fcten, Ingwer, Fenchel, Pfeffer schwarz, Himbeerbl\u00e4tter, Orangenschale, Sonnenblumenbl\u00fcten-, Kornblumenbl\u00fctenbl\u00e4tter, G\u00e4nsebl\u00fcmchen, Nelken.<\/p>\n","protected":false},"featured_media":1128,"comment_status":"closed","ping_status":"closed","template":"","meta":[],"product_brand":[],"product_cat":[17],"product_tag":[],"class_list":{"0":"post-1123","1":"product","2":"type-product","3":"status-publish","4":"has-post-thumbnail","6":"product_cat-teeliste","8":"first","9":"instock","10":"taxable","11":"shipping-taxable","12":"purchasable","13":"product-type-variable"},"_links":{"self":[{"href":"https:\/\/wittmunder-teehus.de\/wp-shop\/wp-json\/wp\/v2\/product\/1123","targetHints":{"allow":["GET"]}}],"collection":[{"href":"https:\/\/wittmunder-teehus.de\/wp-shop\/wp-json\/wp\/v2\/product"}],"about":[{"href":"https:\/\/wittmunder-teehus.de\/wp-shop\/wp-json\/wp\/v2\/types\/product"}],"replies":[{"embeddable":true,"href":"https:\/\/wittmunder-teehus.de\/wp-shop\/wp-json\/wp\/v2\/comments?post=1123"}],"wp:featuredmedia":[{"embeddable":true,"href":"https:\/\/wittmunder-teehus.de\/wp-shop\/wp-json\/wp\/v2\/media\/1128"}],"wp:attachment":[{"href":"https:\/\/wittmunder-teehus.de\/wp-shop\/wp-json\/wp\/v2\/media?parent=1123"}],"wp:term":[{"taxonomy":"product_brand","embeddable":true,"href":"https:\/\/wittmunder-teehus.de\/wp-shop\/wp-json\/wp\/v2\/product_brand?post=1123"},{"taxonomy":"product_cat","embeddable":true,"href":"https:\/\/wittmunder-teehus.de\/wp-shop\/wp-json\/wp\/v2\/product_cat?post=1123"},{"taxonomy":"product_tag","embeddable":true,"href":"https:\/\/wittmunder-teehus.de\/wp-shop\/wp-json\/wp\/v2\/product_tag?post=1123"}],"curies":[{"name":"wp","href":"https:\/\/api.w.org\/{rel}","templated":true}]}}