{"id":1106,"date":"2015-12-09T17:14:54","date_gmt":"2015-12-09T16:14:54","guid":{"rendered":"http:\/\/wittmunder-teehus.de.w0135315.kasserver.com\/wp-shop\/?post_type=product&#038;p=1106"},"modified":"2026-03-11T12:58:24","modified_gmt":"2026-03-11T11:58:24","slug":"omas-fruechtekorb","status":"publish","type":"product","link":"https:\/\/wittmunder-teehus.de\/wp-shop\/produkt\/omas-fruechtekorb\/","title":{"rendered":"Fr\u00fcchtetee Omas Fr\u00fcchtekorb"},"content":{"rendered":"<p>Aromatisierte Fr\u00fcchteteemischung mit Erdbeer-Rhabarber-Geschmack.<br \/>\nZutaten: Hibiscusbl\u00fcten, Hagebuttenschalen, Apfelst\u00fccke, Erdbeerst\u00fccke,<br \/>\nschwarze Johannisbeeren, Erdbeerbl\u00e4tter, Aroma.<\/p>\n","protected":false},"excerpt":{"rendered":"<p>Aromatisierte Fr\u00fcchteteemischung mit Erdbeer-Rhabarber-Geschmack. Zutaten: Hibiscusbl\u00fcten, Hagebuttenschalen, Apfelst\u00fccke, Erdbeerst\u00fccke, schwarze Johannisbeeren, Erdbeerbl\u00e4tter, Aroma.<\/p>\n","protected":false},"featured_media":1111,"comment_status":"closed","ping_status":"closed","template":"","meta":[],"product_brand":[],"product_cat":[50],"product_tag":[],"class_list":{"0":"post-1106","1":"product","2":"type-product","3":"status-publish","4":"has-post-thumbnail","6":"product_cat-fruechtetee","8":"first","9":"instock","10":"taxable","11":"shipping-taxable","12":"purchasable","13":"product-type-variable"},"_links":{"self":[{"href":"https:\/\/wittmunder-teehus.de\/wp-shop\/wp-json\/wp\/v2\/product\/1106","targetHints":{"allow":["GET"]}}],"collection":[{"href":"https:\/\/wittmunder-teehus.de\/wp-shop\/wp-json\/wp\/v2\/product"}],"about":[{"href":"https:\/\/wittmunder-teehus.de\/wp-shop\/wp-json\/wp\/v2\/types\/product"}],"replies":[{"embeddable":true,"href":"https:\/\/wittmunder-teehus.de\/wp-shop\/wp-json\/wp\/v2\/comments?post=1106"}],"wp:featuredmedia":[{"embeddable":true,"href":"https:\/\/wittmunder-teehus.de\/wp-shop\/wp-json\/wp\/v2\/media\/1111"}],"wp:attachment":[{"href":"https:\/\/wittmunder-teehus.de\/wp-shop\/wp-json\/wp\/v2\/media?parent=1106"}],"wp:term":[{"taxonomy":"product_brand","embeddable":true,"href":"https:\/\/wittmunder-teehus.de\/wp-shop\/wp-json\/wp\/v2\/product_brand?post=1106"},{"taxonomy":"product_cat","embeddable":true,"href":"https:\/\/wittmunder-teehus.de\/wp-shop\/wp-json\/wp\/v2\/product_cat?post=1106"},{"taxonomy":"product_tag","embeddable":true,"href":"https:\/\/wittmunder-teehus.de\/wp-shop\/wp-json\/wp\/v2\/product_tag?post=1106"}],"curies":[{"name":"wp","href":"https:\/\/api.w.org\/{rel}","templated":true}]}}