{"id":1096,"date":"2015-12-09T17:03:39","date_gmt":"2015-12-09T16:03:39","guid":{"rendered":"http:\/\/wittmunder-teehus.de.w0135315.kasserver.com\/wp-shop\/?post_type=product&#038;p=1096"},"modified":"2026-03-11T12:58:24","modified_gmt":"2026-03-11T11:58:24","slug":"waldhimbeere-vanille-magenmild","status":"publish","type":"product","link":"https:\/\/wittmunder-teehus.de\/wp-shop\/produkt\/waldhimbeere-vanille-magenmild\/","title":{"rendered":"Fr\u00fcchtetee Waldhimbeere-Vanille, magenmild"},"content":{"rendered":"<p>Zutaten: Limonenfr\u00fcchte, Aroniabeeren, Weinbeeren, Hibiscusbl\u00fcten, Sanddornbeeren geschnitten,<br \/>\nAnanasst\u00fccke (Ananas, Zucker, S\u00e4uerungsmittel:Zitronens\u00e4ure), Papayast\u00fccke<br \/>\n(Papaya, Zucker), Manna Cannelata, Apfelecken, Bananenst\u00fccke (Banane, Kokos\u00f6l,<br \/>\nZucker, Aroma), Himbeerst\u00fccke, Rote Johannisbeeren, Granatapfelbl\u00fcten, Aroma.<\/p>\n<p>Brennwert &lt;16\/4 Fett &lt;0,1 davon ges\u00e4ttigte Fetts\u00e4uren &lt;0,1<br \/>\nKohlenhydrate&lt;0,9 davon Zucker&lt;0,9 Eiwei\u00df&lt;0,1 Salz&lt;0,01<br \/>\nDer Brennwert ist immer in kj\/kcal pro 100ml Tee angegeben.<br \/>\nFett, ges\u00e4ttigte Fetts\u00e4uren, Kohlenhydrate, Zucker, Eiwei\u00df<br \/>\nund Salz in Gramm pro 100ml Tee.<\/p>\n","protected":false},"excerpt":{"rendered":"<p>Zutaten: Limonenfr\u00fcchte, Aroniabeeren, Weinbeeren, Hibiscusbl\u00fcten, Sanddornbeeren geschnitten, Ananasst\u00fccke (Ananas, Zucker, S\u00e4uerungsmittel:Zitronens\u00e4ure), Papayast\u00fccke (Papaya, Zucker), Manna Cannelata, Apfelecken, Bananenst\u00fccke (Banane, Kokos\u00f6l, Zucker, Aroma), Himbeerst\u00fccke, Rote Johannisbeeren, Granatapfelbl\u00fcten, Aroma. Brennwert &lt;16\/4 Fett &lt;0,1 davon ges\u00e4ttigte Fetts\u00e4uren &lt;0,1 Kohlenhydrate&lt;0,9 davon Zucker&lt;0,9 Eiwei\u00df&lt;0,1 Salz&lt;0,01 Der Brennwert ist immer in kj\/kcal pro 100ml Tee angegeben. Fett, ges\u00e4ttigte Fetts\u00e4uren, Kohlenhydrate, Zucker, [&hellip;]<\/p>\n","protected":false},"featured_media":1685,"comment_status":"closed","ping_status":"closed","template":"","meta":[],"product_brand":[],"product_cat":[50],"product_tag":[],"class_list":{"0":"post-1096","1":"product","2":"type-product","3":"status-publish","4":"has-post-thumbnail","6":"product_cat-fruechtetee","8":"first","9":"instock","10":"taxable","11":"shipping-taxable","12":"purchasable","13":"product-type-variable"},"_links":{"self":[{"href":"https:\/\/wittmunder-teehus.de\/wp-shop\/wp-json\/wp\/v2\/product\/1096","targetHints":{"allow":["GET"]}}],"collection":[{"href":"https:\/\/wittmunder-teehus.de\/wp-shop\/wp-json\/wp\/v2\/product"}],"about":[{"href":"https:\/\/wittmunder-teehus.de\/wp-shop\/wp-json\/wp\/v2\/types\/product"}],"replies":[{"embeddable":true,"href":"https:\/\/wittmunder-teehus.de\/wp-shop\/wp-json\/wp\/v2\/comments?post=1096"}],"wp:featuredmedia":[{"embeddable":true,"href":"https:\/\/wittmunder-teehus.de\/wp-shop\/wp-json\/wp\/v2\/media\/1685"}],"wp:attachment":[{"href":"https:\/\/wittmunder-teehus.de\/wp-shop\/wp-json\/wp\/v2\/media?parent=1096"}],"wp:term":[{"taxonomy":"product_brand","embeddable":true,"href":"https:\/\/wittmunder-teehus.de\/wp-shop\/wp-json\/wp\/v2\/product_brand?post=1096"},{"taxonomy":"product_cat","embeddable":true,"href":"https:\/\/wittmunder-teehus.de\/wp-shop\/wp-json\/wp\/v2\/product_cat?post=1096"},{"taxonomy":"product_tag","embeddable":true,"href":"https:\/\/wittmunder-teehus.de\/wp-shop\/wp-json\/wp\/v2\/product_tag?post=1096"}],"curies":[{"name":"wp","href":"https:\/\/api.w.org\/{rel}","templated":true}]}}