{"id":1090,"date":"2015-12-09T16:56:56","date_gmt":"2015-12-09T15:56:56","guid":{"rendered":"http:\/\/wittmunder-teehus.de.w0135315.kasserver.com\/wp-shop\/?post_type=product&#038;p=1090"},"modified":"2026-03-11T12:58:25","modified_gmt":"2026-03-11T11:58:25","slug":"wellenreiter","status":"publish","type":"product","link":"https:\/\/wittmunder-teehus.de\/wp-shop\/produkt\/wellenreiter\/","title":{"rendered":"Hibiscusbl\u00fcten"},"content":{"rendered":"<p>Grob geschnitten<br \/>\nAnwendungsbeispiele: durstl\u00f6schend, abf\u00fchrend, antibakteriell, krampfl\u00f6send, harntreibend, galletreibend, Ekzeme. Laut einer amerikanischen Studie l\u00e4sst sich der Blutdruck senken, wenn Menschen mit erh\u00f6hten Blutdruckwerten t\u00e4glich drei Tassen Hibiscustee trinken.<\/p>\n","protected":false},"excerpt":{"rendered":"<p>Grob geschnitten Anwendungsbeispiele: durstl\u00f6schend, abf\u00fchrend, antibakteriell, krampfl\u00f6send, harntreibend, galletreibend, Ekzeme. Laut einer amerikanischen Studie l\u00e4sst sich der Blutdruck senken, wenn Menschen mit erh\u00f6hten Blutdruckwerten t\u00e4glich drei Tassen Hibiscustee trinken.<\/p>\n","protected":false},"featured_media":3184,"comment_status":"closed","ping_status":"closed","template":"","meta":[],"product_brand":[],"product_cat":[54],"product_tag":[],"class_list":{"0":"post-1090","1":"product","2":"type-product","3":"status-publish","4":"has-post-thumbnail","6":"product_cat-heil-und-wildkraeuter","8":"first","9":"instock","10":"taxable","11":"shipping-taxable","12":"purchasable","13":"product-type-variable"},"_links":{"self":[{"href":"https:\/\/wittmunder-teehus.de\/wp-shop\/wp-json\/wp\/v2\/product\/1090","targetHints":{"allow":["GET"]}}],"collection":[{"href":"https:\/\/wittmunder-teehus.de\/wp-shop\/wp-json\/wp\/v2\/product"}],"about":[{"href":"https:\/\/wittmunder-teehus.de\/wp-shop\/wp-json\/wp\/v2\/types\/product"}],"replies":[{"embeddable":true,"href":"https:\/\/wittmunder-teehus.de\/wp-shop\/wp-json\/wp\/v2\/comments?post=1090"}],"wp:featuredmedia":[{"embeddable":true,"href":"https:\/\/wittmunder-teehus.de\/wp-shop\/wp-json\/wp\/v2\/media\/3184"}],"wp:attachment":[{"href":"https:\/\/wittmunder-teehus.de\/wp-shop\/wp-json\/wp\/v2\/media?parent=1090"}],"wp:term":[{"taxonomy":"product_brand","embeddable":true,"href":"https:\/\/wittmunder-teehus.de\/wp-shop\/wp-json\/wp\/v2\/product_brand?post=1090"},{"taxonomy":"product_cat","embeddable":true,"href":"https:\/\/wittmunder-teehus.de\/wp-shop\/wp-json\/wp\/v2\/product_cat?post=1090"},{"taxonomy":"product_tag","embeddable":true,"href":"https:\/\/wittmunder-teehus.de\/wp-shop\/wp-json\/wp\/v2\/product_tag?post=1090"}],"curies":[{"name":"wp","href":"https:\/\/api.w.org\/{rel}","templated":true}]}}