{"id":1070,"date":"2015-12-09T15:04:29","date_gmt":"2015-12-09T14:04:29","guid":{"rendered":"http:\/\/wittmunder-teehus.de.w0135315.kasserver.com\/wp-shop\/?post_type=product&#038;p=1070"},"modified":"2026-03-11T12:58:25","modified_gmt":"2026-03-11T11:58:25","slug":"rote-gruetze-ideal-als-eistee","status":"publish","type":"product","link":"https:\/\/wittmunder-teehus.de\/wp-shop\/produkt\/rote-gruetze-ideal-als-eistee\/","title":{"rendered":"Fr\u00fcchtetee Rote Gr\u00fctze, ideal als Eistee!"},"content":{"rendered":"<p>Aromatisierte Fr\u00fcchteteemischung<br \/>\nZutaten: Sultaninen, Hibiscusbl\u00fcten, Hagebuttenschalen, Apfelst\u00fccke, schwarze Johannisbeeren,<br \/>\nHeidelbeeren, Holunderbeeren und Aroma.<\/p>\n","protected":false},"excerpt":{"rendered":"<p>Aromatisierte Fr\u00fcchteteemischung Zutaten: Sultaninen, Hibiscusbl\u00fcten, Hagebuttenschalen, Apfelst\u00fccke, schwarze Johannisbeeren, Heidelbeeren, Holunderbeeren und Aroma.<\/p>\n","protected":false},"featured_media":1075,"comment_status":"closed","ping_status":"closed","template":"","meta":[],"product_brand":[],"product_cat":[50],"product_tag":[],"class_list":{"0":"post-1070","1":"product","2":"type-product","3":"status-publish","4":"has-post-thumbnail","6":"product_cat-fruechtetee","8":"first","9":"instock","10":"taxable","11":"shipping-taxable","12":"purchasable","13":"product-type-variable"},"_links":{"self":[{"href":"https:\/\/wittmunder-teehus.de\/wp-shop\/wp-json\/wp\/v2\/product\/1070","targetHints":{"allow":["GET"]}}],"collection":[{"href":"https:\/\/wittmunder-teehus.de\/wp-shop\/wp-json\/wp\/v2\/product"}],"about":[{"href":"https:\/\/wittmunder-teehus.de\/wp-shop\/wp-json\/wp\/v2\/types\/product"}],"replies":[{"embeddable":true,"href":"https:\/\/wittmunder-teehus.de\/wp-shop\/wp-json\/wp\/v2\/comments?post=1070"}],"wp:featuredmedia":[{"embeddable":true,"href":"https:\/\/wittmunder-teehus.de\/wp-shop\/wp-json\/wp\/v2\/media\/1075"}],"wp:attachment":[{"href":"https:\/\/wittmunder-teehus.de\/wp-shop\/wp-json\/wp\/v2\/media?parent=1070"}],"wp:term":[{"taxonomy":"product_brand","embeddable":true,"href":"https:\/\/wittmunder-teehus.de\/wp-shop\/wp-json\/wp\/v2\/product_brand?post=1070"},{"taxonomy":"product_cat","embeddable":true,"href":"https:\/\/wittmunder-teehus.de\/wp-shop\/wp-json\/wp\/v2\/product_cat?post=1070"},{"taxonomy":"product_tag","embeddable":true,"href":"https:\/\/wittmunder-teehus.de\/wp-shop\/wp-json\/wp\/v2\/product_tag?post=1070"}],"curies":[{"name":"wp","href":"https:\/\/api.w.org\/{rel}","templated":true}]}}