{"id":98,"date":"2015-08-19T14:35:19","date_gmt":"2015-08-19T12:35:19","guid":{"rendered":"http:\/\/wittmunder-teehus.de.w0135315.kasserver.com\/wp-shop\/?page_id=98"},"modified":"2015-09-24T16:10:07","modified_gmt":"2015-09-24T14:10:07","slug":"geschenke","status":"publish","type":"page","link":"https:\/\/wittmunder-teehus.de\/wp-shop\/geschenke\/","title":{"rendered":"Geschenke"},"content":{"rendered":"<p>St\u00f6bern Sie in unserem Sortiment an Porzellan und Dekoartikeln! Wie w\u00e4re es zum Beispiel mit einem Ostfriesischen Teegeschirr, einer Spruchtasse f\u00fcr Oma und Opa oder einer h\u00fcbschen Deko-Idee passend zur Jahreszeit<\/p>\n<p>Gerne stellen wir f\u00fcr Sie Geschenke auch individuell und nach Ihren W\u00fcnschen zusammen. Hier einige Beispiele:<\/p>\n\n\t\t<style type=\"text\/css\">\n\t\t\t#gallery-1 {\n\t\t\t\tmargin: auto;\n\t\t\t}\n\t\t\t#gallery-1 .gallery-item {\n\t\t\t\tfloat: left;\n\t\t\t\tmargin-top: 10px;\n\t\t\t\ttext-align: center;\n\t\t\t\twidth: 33%;\n\t\t\t}\n\t\t\t#gallery-1 img {\n\t\t\t\tborder: 2px solid #cfcfcf;\n\t\t\t}\n\t\t\t#gallery-1 .gallery-caption {\n\t\t\t\tmargin-left: 0;\n\t\t\t}\n\t\t\t\/* see gallery_shortcode() in wp-includes\/media.php *\/\n\t\t<\/style>\n\t\t<div id='gallery-1' class='gallery galleryid-98 gallery-columns-3 gallery-size-thumbnail'><dl class='gallery-item'>\n\t\t\t<dt class='gallery-icon landscape'>\n\t\t\t\t<a href='https:\/\/wittmunder-teehus.de\/wp-shop\/wp-content\/uploads\/2015\/08\/geschenk1.jpg'><img loading=\"lazy\" decoding=\"async\" width=\"150\" height=\"150\" src=\"https:\/\/wittmunder-teehus.de\/wp-shop\/wp-content\/uploads\/2015\/08\/geschenk1-150x150.jpg\" class=\"attachment-thumbnail size-thumbnail\" alt=\"\" srcset=\"https:\/\/wittmunder-teehus.de\/wp-shop\/wp-content\/uploads\/2015\/08\/geschenk1-150x150.jpg 150w, https:\/\/wittmunder-teehus.de\/wp-shop\/wp-content\/uploads\/2015\/08\/geschenk1-60x60.jpg 60w\" sizes=\"auto, (max-width: 150px) 100vw, 150px\" \/><\/a>\n\t\t\t<\/dt><\/dl><dl class='gallery-item'>\n\t\t\t<dt class='gallery-icon landscape'>\n\t\t\t\t<a href='https:\/\/wittmunder-teehus.de\/wp-shop\/wp-content\/uploads\/2015\/08\/geschenk2.jpg'><img loading=\"lazy\" decoding=\"async\" width=\"150\" height=\"150\" src=\"https:\/\/wittmunder-teehus.de\/wp-shop\/wp-content\/uploads\/2015\/08\/geschenk2-150x150.jpg\" class=\"attachment-thumbnail size-thumbnail\" alt=\"\" srcset=\"https:\/\/wittmunder-teehus.de\/wp-shop\/wp-content\/uploads\/2015\/08\/geschenk2-150x150.jpg 150w, https:\/\/wittmunder-teehus.de\/wp-shop\/wp-content\/uploads\/2015\/08\/geschenk2-60x60.jpg 60w\" sizes=\"auto, (max-width: 150px) 100vw, 150px\" \/><\/a>\n\t\t\t<\/dt><\/dl><dl class='gallery-item'>\n\t\t\t<dt class='gallery-icon landscape'>\n\t\t\t\t<a href='https:\/\/wittmunder-teehus.de\/wp-shop\/wp-content\/uploads\/2015\/08\/geschenk3.jpg'><img loading=\"lazy\" decoding=\"async\" width=\"150\" height=\"150\" src=\"https:\/\/wittmunder-teehus.de\/wp-shop\/wp-content\/uploads\/2015\/08\/geschenk3-150x150.jpg\" class=\"attachment-thumbnail size-thumbnail\" alt=\"\" srcset=\"https:\/\/wittmunder-teehus.de\/wp-shop\/wp-content\/uploads\/2015\/08\/geschenk3-150x150.jpg 150w, https:\/\/wittmunder-teehus.de\/wp-shop\/wp-content\/uploads\/2015\/08\/geschenk3-60x60.jpg 60w\" sizes=\"auto, (max-width: 150px) 100vw, 150px\" \/><\/a>\n\t\t\t<\/dt><\/dl><br style=\"clear: both\" \/>\n\t\t<\/div>\n\n<p>&nbsp;<\/p>\n<p>Sollten Sie hierzu Fragen, W\u00fcnsche oder Anregungen haben, schicken Sie uns gern eine E-Mail oder rufen Sie uns an.<\/p>\n<div>\n<p>Vielen Dank!<\/p>\n<p>Ihr Wittmunder Teehus<\/p>\n<\/div>\n","protected":false},"excerpt":{"rendered":"<p>St\u00f6bern Sie in unserem Sortiment an Porzellan und Dekoartikeln! Wie w\u00e4re es zum Beispiel mit einem Ostfriesischen Teegeschirr, einer Spruchtasse f\u00fcr Oma und Opa oder einer h\u00fcbschen Deko-Idee passend zur Jahreszeit Gerne stellen wir f\u00fcr Sie Geschenke auch individuell und nach Ihren W\u00fcnschen zusammen. Hier einige Beispiele: &nbsp; Sollten Sie hierzu Fragen, W\u00fcnsche oder Anregungen [&hellip;]<\/p>\n","protected":false},"author":1,"featured_media":0,"parent":0,"menu_order":0,"comment_status":"closed","ping_status":"closed","template":"","meta":{"footnotes":""},"class_list":["post-98","page","type-page","status-publish","hentry"],"_links":{"self":[{"href":"https:\/\/wittmunder-teehus.de\/wp-shop\/wp-json\/wp\/v2\/pages\/98","targetHints":{"allow":["GET"]}}],"collection":[{"href":"https:\/\/wittmunder-teehus.de\/wp-shop\/wp-json\/wp\/v2\/pages"}],"about":[{"href":"https:\/\/wittmunder-teehus.de\/wp-shop\/wp-json\/wp\/v2\/types\/page"}],"author":[{"embeddable":true,"href":"https:\/\/wittmunder-teehus.de\/wp-shop\/wp-json\/wp\/v2\/users\/1"}],"replies":[{"embeddable":true,"href":"https:\/\/wittmunder-teehus.de\/wp-shop\/wp-json\/wp\/v2\/comments?post=98"}],"version-history":[{"count":8,"href":"https:\/\/wittmunder-teehus.de\/wp-shop\/wp-json\/wp\/v2\/pages\/98\/revisions"}],"predecessor-version":[{"id":409,"href":"https:\/\/wittmunder-teehus.de\/wp-shop\/wp-json\/wp\/v2\/pages\/98\/revisions\/409"}],"wp:attachment":[{"href":"https:\/\/wittmunder-teehus.de\/wp-shop\/wp-json\/wp\/v2\/media?parent=98"}],"curies":[{"name":"wp","href":"https:\/\/api.w.org\/{rel}","templated":true}]}}