{"id":93,"date":"2015-08-19T14:33:52","date_gmt":"2015-08-19T12:33:52","guid":{"rendered":"http:\/\/wittmunder-teehus.de.w0135315.kasserver.com\/wp-shop\/?page_id=93"},"modified":"2015-09-24T16:11:00","modified_gmt":"2015-09-24T14:11:00","slug":"sonstige-leckereien","status":"publish","type":"page","link":"https:\/\/wittmunder-teehus.de\/wp-shop\/sonstige-leckereien\/","title":{"rendered":"Sonstige Leckereien"},"content":{"rendered":"<p>In unserem Shop finden Sie viele originelle Leckereien.<\/p>\n<p>Probieren Sie doch einmal unsere Sanddorn-Marmeladen und Konfit\u00fcren oder das Altostfriesische Tee-Gelee. Beliebt sind auch unsere ostfriesischen Spezialit\u00e4ten wie die ber\u00fchmte Bohntjesopp &#8211; Branntwein mit Rosinen &#8211; oder Sanddornsaft. Eine gro\u00dfe Auswahl an hochwertigen und erlesenen Lik\u00f6ren, Kr\u00e4uter-Gew\u00fcrzmischungen, Dips und \u00d6le sowie Zucker, Honig und Sirup und weitere Spezialit\u00e4ten runden unser Angebot ab.<\/p>\n\n\t\t<style type=\"text\/css\">\n\t\t\t#gallery-1 {\n\t\t\t\tmargin: auto;\n\t\t\t}\n\t\t\t#gallery-1 .gallery-item {\n\t\t\t\tfloat: left;\n\t\t\t\tmargin-top: 10px;\n\t\t\t\ttext-align: center;\n\t\t\t\twidth: 33%;\n\t\t\t}\n\t\t\t#gallery-1 img {\n\t\t\t\tborder: 2px solid #cfcfcf;\n\t\t\t}\n\t\t\t#gallery-1 .gallery-caption {\n\t\t\t\tmargin-left: 0;\n\t\t\t}\n\t\t\t\/* see gallery_shortcode() in wp-includes\/media.php *\/\n\t\t<\/style>\n\t\t<div id='gallery-1' class='gallery galleryid-93 gallery-columns-3 gallery-size-thumbnail'><dl class='gallery-item'>\n\t\t\t<dt class='gallery-icon landscape'>\n\t\t\t\t<a href='https:\/\/wittmunder-teehus.de\/wp-shop\/wp-content\/uploads\/2015\/08\/leckereien11.jpg'><img loading=\"lazy\" decoding=\"async\" width=\"150\" height=\"150\" src=\"https:\/\/wittmunder-teehus.de\/wp-shop\/wp-content\/uploads\/2015\/08\/leckereien11-150x150.jpg\" class=\"attachment-thumbnail size-thumbnail\" alt=\"\" srcset=\"https:\/\/wittmunder-teehus.de\/wp-shop\/wp-content\/uploads\/2015\/08\/leckereien11-150x150.jpg 150w, https:\/\/wittmunder-teehus.de\/wp-shop\/wp-content\/uploads\/2015\/08\/leckereien11-60x60.jpg 60w\" sizes=\"auto, (max-width: 150px) 100vw, 150px\" \/><\/a>\n\t\t\t<\/dt><\/dl><dl class='gallery-item'>\n\t\t\t<dt class='gallery-icon landscape'>\n\t\t\t\t<a href='https:\/\/wittmunder-teehus.de\/wp-shop\/wp-content\/uploads\/2015\/08\/leckereien31.jpg'><img loading=\"lazy\" decoding=\"async\" width=\"150\" height=\"150\" src=\"https:\/\/wittmunder-teehus.de\/wp-shop\/wp-content\/uploads\/2015\/08\/leckereien31-150x150.jpg\" class=\"attachment-thumbnail size-thumbnail\" alt=\"\" srcset=\"https:\/\/wittmunder-teehus.de\/wp-shop\/wp-content\/uploads\/2015\/08\/leckereien31-150x150.jpg 150w, https:\/\/wittmunder-teehus.de\/wp-shop\/wp-content\/uploads\/2015\/08\/leckereien31-60x60.jpg 60w\" sizes=\"auto, (max-width: 150px) 100vw, 150px\" \/><\/a>\n\t\t\t<\/dt><\/dl>\n\t\t\t<br style='clear: both' \/>\n\t\t<\/div>\n\n<p>&nbsp;<\/p>\n","protected":false},"excerpt":{"rendered":"<p>In unserem Shop finden Sie viele originelle Leckereien. Probieren Sie doch einmal unsere Sanddorn-Marmeladen und Konfit\u00fcren oder das Altostfriesische Tee-Gelee. Beliebt sind auch unsere ostfriesischen Spezialit\u00e4ten wie die ber\u00fchmte Bohntjesopp &#8211; Branntwein mit Rosinen &#8211; oder Sanddornsaft. Eine gro\u00dfe Auswahl an hochwertigen und erlesenen Lik\u00f6ren, Kr\u00e4uter-Gew\u00fcrzmischungen, Dips und \u00d6le sowie Zucker, Honig und Sirup und [&hellip;]<\/p>\n","protected":false},"author":1,"featured_media":0,"parent":0,"menu_order":0,"comment_status":"closed","ping_status":"closed","template":"","meta":{"footnotes":""},"class_list":["post-93","page","type-page","status-publish","hentry"],"_links":{"self":[{"href":"https:\/\/wittmunder-teehus.de\/wp-shop\/wp-json\/wp\/v2\/pages\/93","targetHints":{"allow":["GET"]}}],"collection":[{"href":"https:\/\/wittmunder-teehus.de\/wp-shop\/wp-json\/wp\/v2\/pages"}],"about":[{"href":"https:\/\/wittmunder-teehus.de\/wp-shop\/wp-json\/wp\/v2\/types\/page"}],"author":[{"embeddable":true,"href":"https:\/\/wittmunder-teehus.de\/wp-shop\/wp-json\/wp\/v2\/users\/1"}],"replies":[{"embeddable":true,"href":"https:\/\/wittmunder-teehus.de\/wp-shop\/wp-json\/wp\/v2\/comments?post=93"}],"version-history":[{"count":4,"href":"https:\/\/wittmunder-teehus.de\/wp-shop\/wp-json\/wp\/v2\/pages\/93\/revisions"}],"predecessor-version":[{"id":413,"href":"https:\/\/wittmunder-teehus.de\/wp-shop\/wp-json\/wp\/v2\/pages\/93\/revisions\/413"}],"wp:attachment":[{"href":"https:\/\/wittmunder-teehus.de\/wp-shop\/wp-json\/wp\/v2\/media?parent=93"}],"curies":[{"name":"wp","href":"https:\/\/api.w.org\/{rel}","templated":true}]}}