{"id":85,"date":"2015-08-19T14:25:21","date_gmt":"2015-08-19T12:25:21","guid":{"rendered":"http:\/\/wittmunder-teehus.de.w0135315.kasserver.com\/wp-shop\/?page_id=85"},"modified":"2015-12-14T14:55:58","modified_gmt":"2015-12-14T13:55:58","slug":"tee","status":"publish","type":"page","link":"https:\/\/wittmunder-teehus.de\/wp-shop\/tee\/","title":{"rendered":"Tee"},"content":{"rendered":"<p><a href=\"http:\/\/wittmunder-teehus.de.w0135315.kasserver.com\/wp-shop\/wp-content\/uploads\/2015\/08\/teesorten-1.jpg\"><img loading=\"lazy\" decoding=\"async\" class=\"alignright wp-image-1448 size-full\" src=\"http:\/\/wittmunder-teehus.de.w0135315.kasserver.com\/wp-shop\/wp-content\/uploads\/2015\/08\/teesorten-1.jpg\" alt=\"\" width=\"495\" height=\"329\" srcset=\"https:\/\/wittmunder-teehus.de\/wp-shop\/wp-content\/uploads\/2015\/08\/teesorten-1.jpg 495w, https:\/\/wittmunder-teehus.de\/wp-shop\/wp-content\/uploads\/2015\/08\/teesorten-1-300x199.jpg 300w, https:\/\/wittmunder-teehus.de\/wp-shop\/wp-content\/uploads\/2015\/08\/teesorten-1-350x233.jpg 350w\" sizes=\"auto, (max-width: 495px) 100vw, 495px\" \/><\/a>Tee w\u00e4rmt K\u00f6rper und Seele. Sich von der Hektik des Alltags eine Auszeit zu nehmen und sich mit einer duftenden Tasse Tee etwas Gutes zu tun, wirkt sich nicht nur positiv auf unser Wohlbefinden aus, die wertvollen Inhaltsstoffe wie Antioxidantien und Vitamine haben auch einen positiven Einfluss auf unsere Gesundheit.<\/p>\n<p>Entdecken Sie die Vielfalt an erlesenen und aromatischen Teemischungen in bester Qualit\u00e4t f\u00fcr jeden Geschmack \u2013 von ostfriesischen Spezialit\u00e4ten \u00fcber Fr\u00fcchtetees, Kr\u00e4uter- und Wellnesstees, Rooibostees und gr\u00fcnen Tees bis hin zu exotischen Teemischungen aus aller Welt.<\/p>\n","protected":false},"excerpt":{"rendered":"<p>Tee w\u00e4rmt K\u00f6rper und Seele. Sich von der Hektik des Alltags eine Auszeit zu nehmen und sich mit einer duftenden Tasse Tee etwas Gutes zu tun, wirkt sich nicht nur positiv auf unser Wohlbefinden aus, die wertvollen Inhaltsstoffe wie Antioxidantien und Vitamine haben auch einen positiven Einfluss auf unsere Gesundheit. Entdecken Sie die Vielfalt an [&hellip;]<\/p>\n","protected":false},"author":1,"featured_media":0,"parent":0,"menu_order":0,"comment_status":"closed","ping_status":"closed","template":"","meta":{"footnotes":""},"class_list":["post-85","page","type-page","status-publish","hentry"],"_links":{"self":[{"href":"https:\/\/wittmunder-teehus.de\/wp-shop\/wp-json\/wp\/v2\/pages\/85","targetHints":{"allow":["GET"]}}],"collection":[{"href":"https:\/\/wittmunder-teehus.de\/wp-shop\/wp-json\/wp\/v2\/pages"}],"about":[{"href":"https:\/\/wittmunder-teehus.de\/wp-shop\/wp-json\/wp\/v2\/types\/page"}],"author":[{"embeddable":true,"href":"https:\/\/wittmunder-teehus.de\/wp-shop\/wp-json\/wp\/v2\/users\/1"}],"replies":[{"embeddable":true,"href":"https:\/\/wittmunder-teehus.de\/wp-shop\/wp-json\/wp\/v2\/comments?post=85"}],"version-history":[{"count":2,"href":"https:\/\/wittmunder-teehus.de\/wp-shop\/wp-json\/wp\/v2\/pages\/85\/revisions"}],"predecessor-version":[{"id":1449,"href":"https:\/\/wittmunder-teehus.de\/wp-shop\/wp-json\/wp\/v2\/pages\/85\/revisions\/1449"}],"wp:attachment":[{"href":"https:\/\/wittmunder-teehus.de\/wp-shop\/wp-json\/wp\/v2\/media?parent=85"}],"curies":[{"name":"wp","href":"https:\/\/api.w.org\/{rel}","templated":true}]}}