{"id":43,"date":"2015-08-13T13:32:48","date_gmt":"2015-08-13T11:32:48","guid":{"rendered":"http:\/\/wittmunder-teehus.de.w0135315.kasserver.com\/wp-shop\/?page_id=43"},"modified":"2018-12-25T16:46:55","modified_gmt":"2018-12-25T15:46:55","slug":"43-2","status":"publish","type":"page","link":"https:\/\/wittmunder-teehus.de\/wp-shop\/43-2\/","title":{"rendered":"Die richtige Teezubereitung"},"content":{"rendered":"<p>Die Qualit\u00e4t des Tees kann noch so gut sein, nur bei richtiger Zubereitung kann der Tee sein volles Aroma entfalten.<\/p>\n<p>Um den perfekten Tee genie\u00dfen zu k\u00f6nnen, ist neben dem richtigen Zubeh\u00f6r vor allem die Teemenge und die Ziehzeit wichtig.<br \/>\nGrunds\u00e4tzlich sollte die Teekanne nicht f\u00fcr andere Getr\u00e4nke wie Kaffee verwendet werden, da Tee sehr geschmacksempfindlich ist.<\/p>\n<p><strong>Schwarzer Tee<\/strong><br \/>\n1 Teelot auf einen Liter Wasser oder 1 Teel\u00f6ffel auf einen Becher.<br \/>\nTee mit kochendem Wasser \u00fcbergie\u00dfen und 5 Minuten ziehen lassen.<\/p>\n<p><strong>Rooibos Tee<\/strong><br \/>\n1 Essl\u00f6ffel auf einen Liter Wasser oder 1 Kaffeel\u00f6ffel auf einen Becher.<br \/>\nTee mit kochendem Wasser \u00fcbergie\u00dfen und 5-10 Minuten ziehen lassen. Je nach Geschmack.<\/p>\n<p><strong>Fr\u00fcchtetee<\/strong><br \/>\n1 Essl\u00f6ffel auf einen Liter Wasser oder 1 Kaffeel\u00f6ffel auf einen Becher.<br \/>\nTee mit kochendem Wasser \u00fcbergie\u00dfen und dann 10 Minuten ziehen lassen.<\/p>\n<p><strong>Kr\u00e4utertee<\/strong><br \/>\n1 Essl\u00f6ffel auf einen Liter Wasser oder 1 Kaffeel\u00f6ffel auf einen Becher.<br \/>\nTee mit kochendem Wasser \u00fcbergie\u00dfen und dann 10 Minuten zugedeckt ziehen lassen.<\/p>\n<p><strong>Gr\u00fcner Tee<\/strong><br \/>\n1 schwachen Essl\u00f6ffel auf einen Liter Wasser oder 1 Teel\u00f6ffel auf einen Becher.<br \/>\nWasser kochen. Dann den Beh\u00e4lter 3 Minuten offen stehen lassen damit das Wasser auf ca. 70-80 Grad abk\u00fchlen kann. Danach \u00fcber den Tee gie\u00dfen und 2-3 Minuten ziehen lassen. Sie k\u00f6nnen gr\u00fcnen Tee ohne weiteres bis zu 3mal wieder aufbr\u00fchen. Probieren Sie es aus \ud83d\ude42<\/p>\n","protected":false},"excerpt":{"rendered":"<p>Die Qualit\u00e4t des Tees kann noch so gut sein, nur bei richtiger Zubereitung kann der Tee sein volles Aroma entfalten. Um den perfekten Tee genie\u00dfen zu k\u00f6nnen, ist neben dem richtigen Zubeh\u00f6r vor allem die Teemenge und die Ziehzeit wichtig. Grunds\u00e4tzlich sollte die Teekanne nicht f\u00fcr andere Getr\u00e4nke wie Kaffee verwendet werden, da Tee sehr [&hellip;]<\/p>\n","protected":false},"author":1,"featured_media":0,"parent":0,"menu_order":2,"comment_status":"closed","ping_status":"closed","template":"","meta":{"footnotes":""},"class_list":["post-43","page","type-page","status-publish","hentry"],"_links":{"self":[{"href":"https:\/\/wittmunder-teehus.de\/wp-shop\/wp-json\/wp\/v2\/pages\/43","targetHints":{"allow":["GET"]}}],"collection":[{"href":"https:\/\/wittmunder-teehus.de\/wp-shop\/wp-json\/wp\/v2\/pages"}],"about":[{"href":"https:\/\/wittmunder-teehus.de\/wp-shop\/wp-json\/wp\/v2\/types\/page"}],"author":[{"embeddable":true,"href":"https:\/\/wittmunder-teehus.de\/wp-shop\/wp-json\/wp\/v2\/users\/1"}],"replies":[{"embeddable":true,"href":"https:\/\/wittmunder-teehus.de\/wp-shop\/wp-json\/wp\/v2\/comments?post=43"}],"version-history":[{"count":7,"href":"https:\/\/wittmunder-teehus.de\/wp-shop\/wp-json\/wp\/v2\/pages\/43\/revisions"}],"predecessor-version":[{"id":5383,"href":"https:\/\/wittmunder-teehus.de\/wp-shop\/wp-json\/wp\/v2\/pages\/43\/revisions\/5383"}],"wp:attachment":[{"href":"https:\/\/wittmunder-teehus.de\/wp-shop\/wp-json\/wp\/v2\/media?parent=43"}],"curies":[{"name":"wp","href":"https:\/\/api.w.org\/{rel}","templated":true}]}}