{"id":36,"date":"2015-08-13T13:29:47","date_gmt":"2015-08-13T11:29:47","guid":{"rendered":"http:\/\/wittmunder-teehus.de.w0135315.kasserver.com\/wp-shop\/?page_id=36"},"modified":"2017-03-14T20:13:56","modified_gmt":"2017-03-14T19:13:56","slug":"agb","status":"publish","type":"page","link":"https:\/\/wittmunder-teehus.de\/wp-shop\/agb\/","title":{"rendered":"AGB"},"content":{"rendered":"<p><strong>\u00a7 1 Geltungsbereich, Begriffsbestimmungen<\/strong><\/p>\n<p>(1) Geltungsbereich<br \/>\nF\u00fcr die Gesch\u00e4ftsbeziehung zwischen dem Verk\u00e4ufer (nachfolgend: \u201eWittmunder Teehus\u201c) und dem Kunden (nachfolgend: \u201cKunde\u201d) gelten ausschlie\u00dflich die nachfolgenden Allgemeinen Gesch\u00e4ftsbedingungen in ihrer zum Zeitpunkt der Bestellung g\u00fcltigen Fassung. Soweit nicht anders vereinbart, wird der Einbeziehung von eigenen Bedingungen widersprochen.<\/p>\n<p>(2) Begriffsbestimmungen<\/p>\n<p>Der Kunde ist Verbraucher, soweit er den Vertrag zu Zwecken abschlie\u00dft, die \u00fcberwiegend weder seiner gewerblichen noch seiner selbst\u00e4ndigen beruflichen T\u00e4tigkeit zugerechnet werden k\u00f6nnen. Dagegen\u00a0\u00a0 ist\u00a0\u00a0 Unternehmer\u00a0\u00a0 jede\u00a0\u00a0 nat\u00fcrliche\u00a0\u00a0 oder\u00a0\u00a0 juristische\u00a0\u00a0 Person\u00a0\u00a0 oder\u00a0\u00a0 eine\u00a0\u00a0 rechtsf\u00e4hige Personengesellschaft, die bei Abschluss eines Rechtsgesch\u00e4fts in Aus\u00fcbung ihrer gewerblichen oder selbst\u00e4ndigen beruflichen T\u00e4tigkeit handelt.<\/p>\n<p>&nbsp;<\/p>\n<p><strong>\u00a7 2 Vertrag<\/strong><\/p>\n<p>(1) Vertragspartner<\/p>\n<p>Vertragspartner des Kunden ist das Wittmunder Teehus, Norder Str. 4, 26409 Wittmund (Verk\u00e4ufer).<\/p>\n<p>(2) Vertragsgegenstand<\/p>\n<p>Die wesentlichen Merkmale der Ware ergeben sich aus der jeweiligen vom Wittmunder Teehus eingestellten Produktbeschreibung. Vertragsgegenstand sind die im Rahmen der Bestellung vom Kunden spezifizierten und der Bestell- und\/oder Auftragsbest\u00e4tigung genannten Waren und Dienstleistungen zu den im Onlineshop genannten Endpreisen. Fehler und Irrt\u00fcmer dort sind vorbehalten, insbesondere was die Warenverf\u00fcgbarkeit betrifft.<\/p>\n<p>Die Beschaffenheit der bestellten Waren ergibt sich aus den Produktbeschreibungen im Onlineshop.<\/p>\n<p>Abbildungen\u00a0\u00a0 auf\u00a0\u00a0 der\u00a0\u00a0 Internetseite\u00a0\u00a0 geben\u00a0\u00a0 die\u00a0\u00a0 Produkte\u00a0\u00a0 unter\u00a0\u00a0 Umst\u00e4nden\u00a0\u00a0 nur\u00a0\u00a0 ungenau\u00a0\u00a0 wieder; insbesondere Farben k\u00f6nnen aus technischen Gr\u00fcnden erheblich abweichen. Bilder dienen lediglich als Anschauungsmaterial und k\u00f6nnen vom Produkt abweichen. Technische Daten, Gewichts-, Ma\u00df und Leistungsbeschreibung\u00a0\u00a0 sind\u00a0\u00a0 so\u00a0\u00a0 pr\u00e4zise\u00a0\u00a0 wie\u00a0\u00a0 m\u00f6glich\u00a0\u00a0 angegeben,\u00a0\u00a0 k\u00f6nnen\u00a0\u00a0 aber\u00a0\u00a0 die\u00a0\u00a0 \u00fcblichen Abweichungen aufweisen. Die hier beschriebenen Eigenschaften stellen keine M\u00e4ngel der vom Verk\u00e4ufer gelieferten Produkte dar.<\/p>\n<p>(3) Zustandekommen des Vertrags<\/p>\n<p>S\u00e4mtliche Angebote in dem Onlineshop des Wittmunder Teehus stellen lediglich eine unverbindliche Einladung an den Kunden dar, dem Verk\u00e4ufer ein entsprechendes Kaufangebot zu unterbreiten.<\/p>\n<ol>\n<li><u> Angebotsabgabe durch den Kunden<\/u><\/li>\n<\/ol>\n<p>Der Kunde kann aus dem Warensortiment unter http:\/\/www.wittmunder-teehus.de Produkte ausw\u00e4hlen und diese \u00fcber den Button \u201cin den Warenkorb legen\u201d in einem so genannten Warenkorb legen und sammeln. Im Warenkorb kann der Kunde die Liefermenge der gew\u00fcnschten Ware ausw\u00e4hlen und weitere Waren hinzuf\u00fcgen oder entfernen. \u00dcber den Button \u201cBestellen\u201d gibt der Kunde einen verbindlichen Antrag zum Kauf der im Warenkorb befindlichen Waren zu den dort aufgef\u00fchrten Konditionen ab (Angebot). Der Antrag kann nur abgegeben und \u00fcbermittelt werden, wenn der Kunde durch Klicken auf den Button \u201eAGB akzeptieren\u201c diese Vertragsbedingungen akzeptiert und dadurch in seinen Antrag aufgenommen hat.<\/p>\n<p>Vor dem Abschicken der Bestellung kann der Kunde die Daten jederzeit einsehen, \u00e4ndern und l\u00f6schen. Mit dem Button \u201cReset\u201d kann der Kunde den Warenkorb leeren.<\/p>\n<p>Nach Eingang der Bestellung schickt das Wittmunder Teehus dem Kunden eine automatische Empfangsbest\u00e4tigung per E-Mail zu, in welcher Ihre Bestellung nochmals aufgef\u00fchrt wird. Diese Empfangsbest\u00e4tigung stellt keine Annahme des Antrags dar.<\/p>\n<ol>\n<li><u> Angebotsannahme durch Wittmunder Teehus<\/u><\/li>\n<\/ol>\n<p>Der Kaufvertrag kommt erst zustande, wenn Wittmunder Teehus:<\/p>\n<ol>\n<li>aa) den Antrag ausdr\u00fccklich in einer weiteren, nicht automatischen Email, annimmt oder<\/li>\n<li>bb) die bestellte Ware an den Kunden verschickt und den Versand an mit einer zweiten E-Mail (Versandbest\u00e4tigung) best\u00e4tigt oder<\/li>\n<li>cc) mit Anlieferung der Ware beim Kunden.<\/li>\n<\/ol>\n<p>(4) Vertragstext<\/p>\n<p>Der Vertragstext wird auf den internen Systemen des Verk\u00e4ufers gespeichert. Die Allgemeinen Gesch\u00e4ftsbedingungen kann der Kunde jederzeit in seinem Kundenkonto einsehen. Die Bestelldaten und die AGB werden dem Kunden per E-Mail zugesendet. Nach Abschluss der Bestellung sind die Bestelldaten aus Sicherheitsgr\u00fcnden nicht mehr \u00fcber das Internet zug\u00e4nglich.<\/p>\n<p>&nbsp;<\/p>\n<p><strong>\u00a7 3 Zahlungsmodalit\u00e4ten<\/strong><\/p>\n<p>(1) Alle Preise, die auf der Webseite des Wittmunder Teehus angegeben sind, enthalten 7% bzw. 19% gesetzliche Mehrwertsteuer. Der Preis enth\u00e4lt auch s\u00e4mtliche weiteren Preisbestandteile au\u00dfer den zus\u00e4tzlich angegebenen Versandkosten. Die entsprechenden Versandkosten, sowie Informationen \u00fcber Steuern und Kosten, die nicht von Wittmunder Teehus in Rechnung gestellt werden, werden Ihnen im Rahmen des Bestellprozesses mitgeteilt.<\/p>\n<p>(2) Kommt der Kunde mit der Bezahlung in Verzug, so sind Verzugszinsen in H\u00f6he von 5% \u00fcber dem jeweiligem Basiszinssatz der europ\u00e4ischen Zentralbank zu bezahlen. Der Kunde kann nur mit einer unbestrittenen oder rechtskr\u00e4ftig festgestellten Forderung aufrechnen. Nicht verbrauchtes Guthaben bei Versandkosten wird gutgeschrieben. Der Kunde darf ein Zur\u00fcckbehaltungsrecht nur aus\u00fcben, wenn sein Gegenanspruch auf demselben Vertragsverh\u00e4ltnis beruht.<\/p>\n<p>&nbsp;<\/p>\n<p><strong>\u00a7 4 Eigentumsvorbehalt<\/strong><\/p>\n<p>Bis zur vollst\u00e4ndigen Bezahlung verbleiben die gelieferten Waren im Eigentum des Wittmunder Teehus.<\/p>\n<p>&nbsp;<\/p>\n<p><strong>\u00a7 5 Lieferung, Warenverf\u00fcgbarkeit<\/strong><\/p>\n<p>(1) Sofern Wittmunder Teehus die Bestellung des Kunden annimmt, wird die Auslieferung der Ware unverz\u00fcglich nach Eingang der Bestellung veranlasst.<\/p>\n<p>(2) Bei Bestellungen gegen Vorkasse wird die Ware erst nach vollst\u00e4ndigem Geldeingang bei Wittmunder Teehus ausgeliefert und Wittmunder Teehus nimmt keine Reservierung der bestellten Ware bis zum Zahlungseingang vor.<\/p>\n<p>(3) Falls die Ware zum Zeitpunkt der vollst\u00e4ndigen Zahlung zwischenzeitlich ausverkauft ist und erst neu bestellt werden muss, wird Wittmunder Teehus den Kunden umgehend hier\u00fcber informieren.<\/p>\n<p>(4) Sind zum Zeitpunkt der Bestellung des Kunden keine Exemplare des von ihm ausgew\u00e4hlten Produkts verf\u00fcgbar, so teilt der Verk\u00e4ufer dem Kunden dies unverz\u00fcglich mit. Ist das Produkt dauerhaft nicht lieferbar, sieht der Verk\u00e4ufer von einer Annahmeerkl\u00e4rung ab. Ein Vertrag kommt in diesem Fall nicht zustande.<\/p>\n<p>(5) Ist das vom Kunden in der Bestellung bezeichnete Produkt nur vor\u00fcbergehend nicht verf\u00fcgbar, teilt der Verk\u00e4ufer dem Kunden dies ebenfalls unverz\u00fcglich in der Auftragsbest\u00e4tigung mit. Bei einer Lieferungsverz\u00f6gerung von mehr als zwei Wochen hat der Kunde das Recht, vom Vertrag zur\u00fcckzutreten. Im \u00dcbrigen ist in diesem Fall auch der Verk\u00e4ufer berechtigt, sich vom Vertrag zu l\u00f6sen. Hierbei wird er eventuell bereits geleistete Zahlungen des Kunden unverz\u00fcglich erstatten.<\/p>\n<p>(6) Falls Wittmunder Teehus ohne eigenes Verschulden zur Lieferung der bestellten Ware nicht in der Lage ist, weil der Lieferant von Wittmunder Teehus seine vertraglichen Verpflichtungen nicht erf\u00fcllt, ist Wittmunder Teehus dem Kunden gegen\u00fcber zum R\u00fccktritt berechtigt.<\/p>\n<p>(7) Falls Wittmunder Teehus an der Erf\u00fcllung einer Lieferverpflichtungen durch den Eintritt unvorhergesehener Ereignisse, die Wittmunder Teehus oder deren Lieferanten betreffen, gehindert wird und Wittmunder Teehus diese auch mit der nach den Umst\u00e4nden zumutbaren Sorgfalt nicht abwenden konnte, z.B. Krieg, Naturkatastrophen, und h\u00f6here Gewalt, so verl\u00e4ngert sich die Lieferfrist angemessen. Auch hier\u00fcber wird Wittmunder Teehus den Kunden unverz\u00fcglich informieren. Die gesetzlichen Anspr\u00fcche des Kunden bleiben hiervon unber\u00fchrt.<\/p>\n<p>&nbsp;<\/p>\n<p><strong>\u00a7 6 <a href=\"https:\/\/wittmunder-teehus.de\/wp-shop\/widerrufsbelehrung\/\">Widerrufsrecht des Verbrauchers<\/a><\/strong><\/p>\n<p>Der Kunde hat das Recht, binnen vierzehn Tagen ohne Angabe von Gr\u00fcnden den Vertrag zu widerrufen. Die Widerrufsfrist betr\u00e4gt vierzehn Tage ab dem Tag, an dem der Kunde oder ein von ihm benannter Dritter, der nicht der Bef\u00f6rderer ist, die Waren in Besitz genommen haben bzw. hat.<\/p>\n<p>Sollten der Kunde mehrere Waren in einer einheitlichen Bestellung bestellt haben, die getrennt geliefert werden, so betr\u00e4gt die Widerrufsfrist vierzehn Tage ab dem Tag, an dem der Kunde oder ein von ihm benannter Dritter, der nicht der Bef\u00f6rderer ist, die letzte Ware in Besitz genommen haben bzw. hat.<\/p>\n<p>Um sein Widerrufsrecht auszu\u00fcben, muss der Kunde mittels einer eindeutigen Erkl\u00e4rung (z. B. ein mit der Post versandter Brief, Telefax oder E-Mail) \u00fcber seinen Entschluss, den Vertrag zu widerrufen, informieren. Der Kunde kann daf\u00fcr das bereitgestellte Muster \u201eWiderrufsformular\u201c verwenden. Eine Verwendung ist nicht vorgeschrieben. Die Erkl\u00e4rung ist zu richten an: Wittmunder Teehus,Norder Str. 4., 26409 Wittmund, Telefon 04462\/986491, E-Mail: wittmunder.teehus@web.de<\/p>\n<p>Zur Wahrung der Widerrufsfrist reicht es aus, dass der Kunde die Mitteilung \u00fcber die Aus\u00fcbung des Widerrufsrechts vor Ablauf der Widerrufsfrist absendet.<\/p>\n<p>Wenn der Kunde den Vertrag widerrufen hat, hat Wittmunder Teehus alle Zahlungen, die es von dem Kunden erhalten hat, einschlie\u00dflich der Lieferkosten (mit Ausnahme der zus\u00e4tzlichen Kosten, die sich daraus ergeben, dass der Kunde eine andere Art der Lieferung als die von Wittmunder Teehus angebotene, g\u00fcnstigste Standardlieferung gew\u00e4hlt hat), unverz\u00fcglich und sp\u00e4testens binnen vierzehn Tagen ab dem Tag zur\u00fcckzuzahlen, an dem die Mitteilung \u00fcber Ihren Widerruf dieses Vertrags bei Wittmunder Teehus eingegangen ist.<\/p>\n<p>F\u00fcr diese R\u00fcckzahlung verwenden Wittmunder Teehus dasselbe Zahlungsmittel, das der Kunde bei der urspr\u00fcnglichen Transaktion eingesetzt hat, es sei denn, mit dem Kunden wurde ausdr\u00fccklich etwas anderes vereinbart; in keinem Fall werden wegen der R\u00fcckzahlung Entgelte berechnet.<\/p>\n<p>Wittmunder Teehus ist berechtigt, die R\u00fcckzahlung zu verweigern, bis es die Waren wieder zur\u00fcckerhalten hat oder bis der Kunde den Nachweis erbracht hat, dass er die Waren zur\u00fcckgesandt hat, je nachdem, welches der fr\u00fchere Zeitpunkt ist.<\/p>\n<p>Der Kunde hat die Waren unverz\u00fcglich und in jedem Fall sp\u00e4testens binnen vierzehn Tagen ab dem Tag, an dem der Kunde Wittmunder Teehus \u00fcber den Widerruf des Vertrages unterrichtete, an Wittmunder Teehus zur\u00fcckzusenden oder zu \u00fcbergeben. Die Frist ist gewahrt, wenn der Kunde die Waren vor Ablauf der Frist von vierzehn Tagen absendet. Der Kunde tr\u00e4gt die unmittelbaren Kosten der R\u00fccksendung der Waren. Der Kunde muss f\u00fcr einen etwaigen Wertverlust der Waren nur aufkommen, wenn der Wertverlust auf einen zur Pr\u00fcfung der Beschaffenheit, Eigenschaften und Funktionsweise der Waren nicht notwendigen Umgang zur\u00fcckzuf\u00fchren ist.<\/p>\n<p>&nbsp;<\/p>\n<p><strong>\u00a7 7 Gew\u00e4hrleistung<\/strong><\/p>\n<p>(1) Der Anbieter haftet f\u00fcr Sachm\u00e4ngel nach den hierf\u00fcr geltenden gesetzlichen Vorschriften, insbesondere \u00a7\u00a7 434 ff BGB.<\/p>\n<p>(2) Eine Garantie besteht bei den vom Anbieter gelieferten Waren nur, wenn diese ausdr\u00fccklich in der Auftragsbest\u00e4tigung zu dem jeweiligen Artikel abgegeben wurde.<\/p>\n<p>(3) Beanstandungen und M\u00e4ngelhaftungsanspr\u00fcche k\u00f6nnen Sie unter der in der Anbieterkennzeichnung angegebenen Adresse vorbringen.<\/p>\n<p>&nbsp;<\/p>\n<p><strong>\u00a7 8 Haftung<\/strong><\/p>\n<p>(1) Die Haftung von Wittmunder Teehus f\u00fcr Sch\u00e4den des Kunden durch vors\u00e4tzliches oder grob fahrl\u00e4ssiges Verhalten der Wittmunder Teehus, f\u00fcr Personensch\u00e4den und Sch\u00e4den nach dem Produkthaftungsgesetz ist nach Ma\u00dfgabe der gesetzlichen Bestimmungen unbeschr\u00e4nkt. Dies gilt auch f\u00fcr Sch\u00e4den die durch Erf\u00fcllungsgehilfen der Wittmunder Teehus verursacht werden.<\/p>\n<p>(2) Soweit Wittmunder Teehus nicht aufgrund einer \u00fcbernommenen Garantie haftet, ist die Haftung f\u00fcr Schadensersatzanspr\u00fcche ansonsten wie folgt beschr\u00e4nkt:<\/p>\n<p>F\u00fcr leicht fahrl\u00e4ssig verursachte Sch\u00e4den haftet Wittmunder Teehus nur, soweit diese auf der Verletzung vertragswesentlicher Pflichten (Kardinalpflichten) beruhen. Kardinalpflichten sind solche Vertragspflichten, deren Erf\u00fcllung die ordnungsgem\u00e4\u00dfe Durchf\u00fchrung des Vertrages \u00fcberhaupt erst erm\u00f6glichen und auf deren Einhaltung der Vertragspartner vertrauen durfte.<\/p>\n<p>Die Haftung der Wittmunder Teehus f\u00fcr einfache Fahrl\u00e4ssigkeit nach dieser Regelung ist auf den typischerweise vorhersehbaren Schaden begrenzt.<\/p>\n<p>F\u00fcr leicht fahrl\u00e4ssig verursachte Verz\u00f6gerungssch\u00e4den ist die Haftung von Wittmunder Teehus auf den typischerweise vorhersehbaren Schaden, maximal jedoch 5% des in dem betroffenen Vertrag vereinbarten Gesamtpreises beschr\u00e4nkt.<\/p>\n<p>Dies gilt gelten entsprechend auch f\u00fcr eine Begrenzung der Ersatzpflicht f\u00fcr vergebliche Aufwendungen (\u00a7 284 BGB).<\/p>\n<p>(3) Die vorstehenden Haftungsbeschr\u00e4nkungen gelten auch zugunsten der Erf\u00fcllungsgehilfen von Wittmunder Teehus.<\/p>\n<p>&nbsp;<\/p>\n<p><strong>\u00a7 9 Datenschutz<\/strong><\/p>\n<p>Daten des Kunden erheben wir nur im Rahmen der Abwicklung von Vertr\u00e4gen. Dabei werden die gesetzlichen Vorgaben, insbesondere des Telemediengesetzes (TMG) und des Bundesdatenschutzgesetzes (BDSG) beachtet.<\/p>\n<p>Bestands- und Nutzungsdaten des Kunden werden nur erhoben, verarbeitet oder genutzt, soweit dies f\u00fcr die Abwicklung des Vertragsverh\u00e4ltnisses erforderlich ist. Ohne die Einwilligung des Kunden werden wir Daten des Kunden nicht f\u00fcr Zwecke der Werbung, Markt- oder Meinungsforschung nutzen. Weitere Informationen \u00fcber Art, Umfang, Ort und Zweck der Erhebung, Verarbeitung und Nutzung der f\u00fcr die Ausf\u00fchrung von Bestellungen erforderlichen personenbezogenen Daten finden Sie in der Datenschutzerkl\u00e4rung.<\/p>\n<p><strong>\u00a0<\/strong><\/p>\n<p><strong>\u00a7 10 Schlussbestimmungen<\/strong><br \/>\n(1) Die Vertragssprache ist deutsch.<\/p>\n<p>(2) Auf Vertr\u00e4ge zwischen dem Wittmunder Teehus und den Kunden findet das Recht der Bundesrepublik Deutschland unter Ausschluss der Gesetze \u00fcber den internationalen Kauf beweglicher Waren Anwendung. Diese Rechtswahl gilt bei Verbrauchern nur, soweit der durch zwingende Bestimmungen des Rechts des Staates des gew\u00f6hnlichen Aufenthaltes des Verbrauchers gew\u00e4hrte Schutz dem Kunden nicht entzogen wird.<\/p>\n<p>(3) Sofern es sich beim Kunden um einen Kaufmann, ein juristische Person, eine juristische Person des \u00f6ffentlichen Rechts oder um ein \u00f6ffentlich-rechtliches Sonderverm\u00f6gen handelt, ist Gerichtsstand f\u00fcr alle Streitigkeiten aus Vertragsverh\u00e4ltnissen zwischen dem Kunden und dem Wittmunder Teehus der Sitz des Wittmunder Teehus. Dies gilt auch, sofern der Kunde keinen allgemeinen Gerichtsstand in Deutschland oder der EU hat, oder sein Wohnsitz oder sein gew\u00f6hnlicher Aufenthalt im Zeitpunkt der Klageerhebung nicht bekannt ist<br \/>\n<div class=\"woocommerce woocommerce-gzd woocommerce-gzd-complaints-shortcode\">\n\t\t\t<h3>Alternative Streitbeilegung gem\u00e4\u00df Art. 14 Abs. 1 ODR-VO und \u00a7 36 VSBG:<\/h3>\n\t\nZur Teilnahme an einem Streitbeilegungsverfahren vor einer Verbraucherschlichtungsstelle sind wir nicht verpflichtet und nicht bereit. <\/div><\/p>\n","protected":false},"excerpt":{"rendered":"<p>\u00a7 1 Geltungsbereich, Begriffsbestimmungen (1) Geltungsbereich F\u00fcr die Gesch\u00e4ftsbeziehung zwischen dem Verk\u00e4ufer (nachfolgend: \u201eWittmunder Teehus\u201c) und dem Kunden (nachfolgend: \u201cKunde\u201d) gelten ausschlie\u00dflich die nachfolgenden Allgemeinen Gesch\u00e4ftsbedingungen in ihrer zum Zeitpunkt der Bestellung g\u00fcltigen Fassung. Soweit nicht anders vereinbart, wird der Einbeziehung von eigenen Bedingungen widersprochen. (2) Begriffsbestimmungen Der Kunde ist Verbraucher, soweit er den Vertrag [&hellip;]<\/p>\n","protected":false},"author":1,"featured_media":0,"parent":0,"menu_order":0,"comment_status":"closed","ping_status":"closed","template":"","meta":{"footnotes":""},"class_list":["post-36","page","type-page","status-publish","hentry"],"_links":{"self":[{"href":"https:\/\/wittmunder-teehus.de\/wp-shop\/wp-json\/wp\/v2\/pages\/36","targetHints":{"allow":["GET"]}}],"collection":[{"href":"https:\/\/wittmunder-teehus.de\/wp-shop\/wp-json\/wp\/v2\/pages"}],"about":[{"href":"https:\/\/wittmunder-teehus.de\/wp-shop\/wp-json\/wp\/v2\/types\/page"}],"author":[{"embeddable":true,"href":"https:\/\/wittmunder-teehus.de\/wp-shop\/wp-json\/wp\/v2\/users\/1"}],"replies":[{"embeddable":true,"href":"https:\/\/wittmunder-teehus.de\/wp-shop\/wp-json\/wp\/v2\/comments?post=36"}],"version-history":[{"count":6,"href":"https:\/\/wittmunder-teehus.de\/wp-shop\/wp-json\/wp\/v2\/pages\/36\/revisions"}],"predecessor-version":[{"id":2959,"href":"https:\/\/wittmunder-teehus.de\/wp-shop\/wp-json\/wp\/v2\/pages\/36\/revisions\/2959"}],"wp:attachment":[{"href":"https:\/\/wittmunder-teehus.de\/wp-shop\/wp-json\/wp\/v2\/media?parent=36"}],"curies":[{"name":"wp","href":"https:\/\/api.w.org\/{rel}","templated":true}]}}